{"id":7540,"date":"2024-11-13T15:33:12","date_gmt":"2024-11-13T14:33:12","guid":{"rendered":"https:\/\/www.casadesus.net\/giancarlo-vegni\/"},"modified":"2026-02-13T16:08:01","modified_gmt":"2026-02-13T15:08:01","slug":"giancarlo-vegni","status":"publish","type":"page","link":"https:\/\/www.casadesus.net\/es\/disenadores\/giancarlo-vegni\/","title":{"rendered":"Giancarlo Vegni"},"content":{"rendered":"<p>Giancarlo Vegni, nacido en 1949 estudi\u00f3 en la Escuela de Arte de Cascina. De 1968 a 1975 trabaja con Ferretti Cucine. Y a partir de 1975 comienza una estrecha colaboraci\u00f3n con varias empresas de productos diversificados en Italia y en el extranjero, entre ellas: Effeti Cucine, Edra, Fasem Internacional, Seven, Giovannetti, Casades\u00fas.<\/p>\n<p>Vegni Design es el comienzo de su carrera profesional, una carrera llena de importantes colaboraciones, premios, logros. Con la colecci\u00f3n Misura de Effeti Cucine, Giancarlo firma el primer bloque funcional redondo de la historia de la cocina (1988); el horno Duetto de Officine Star participa en las selecciones para el Compasso d&#8217;Oro (1991). Ahora Vegni Design es un equipo profesional, sus obras abarcan todos los campos del dise\u00f1o, caracteriz\u00e1ndose por una l\u00ednea depurada y formas modulares geom\u00e9tricas, la predilecci\u00f3n por las formas redondas, y un exquisito estilo made in Italy apreciado en todo el mundo.<\/p>\n<p>&nbsp;<\/p>\n","protected":false},"excerpt":{"rendered":"<p>Giancarlo Vegni, nacido en 1949 estudi\u00f3 en la Escuela de Arte de Cascina. De 1968 a 1975 trabaja con Ferretti Cucine. Y a partir de 1975 comienza una estrecha colaboraci\u00f3n con varias empresas de productos diversificados en Italia y en el extranjero, entre ellas: Effeti Cucine, Edra, Fasem Internacional, Seven, Giovannetti, Casades\u00fas. Vegni Design es [&hellip;]<\/p>\n","protected":false},"author":1,"featured_media":7539,"parent":7653,"menu_order":0,"comment_status":"closed","ping_status":"closed","template":"","meta":{"_acf_changed":false,"footnotes":""},"class_list":["post-7540","page","type-page","status-publish","has-post-thumbnail","hentry"],"acf":[],"yoast_head":"<!-- This site is optimized with the Yoast SEO plugin v26.9 - https:\/\/yoast.com\/product\/yoast-seo-wordpress\/ -->\n<title>Giancarlo Vegni - CasaDes\u00fas - Furniture Design Barcelona<\/title>\n<meta name=\"robots\" content=\"index, follow, max-snippet:-1, max-image-preview:large, max-video-preview:-1\" \/>\n<link rel=\"canonical\" href=\"https:\/\/www.casadesus.net\/es\/disenadores\/giancarlo-vegni\/\" \/>\n<meta property=\"og:locale\" content=\"es_ES\" \/>\n<meta property=\"og:type\" content=\"article\" \/>\n<meta property=\"og:title\" content=\"Giancarlo Vegni - CasaDes\u00fas - Furniture Design Barcelona\" \/>\n<meta property=\"og:description\" content=\"Giancarlo Vegni, nacido en 1949 estudi\u00f3 en la Escuela de Arte de Cascina. De 1968 a 1975 trabaja con Ferretti Cucine. Y a partir de 1975 comienza una estrecha colaboraci\u00f3n con varias empresas de productos diversificados en Italia y en el extranjero, entre ellas: Effeti Cucine, Edra, Fasem Internacional, Seven, Giovannetti, Casades\u00fas. Vegni Design es [&hellip;]\" \/>\n<meta property=\"og:url\" content=\"https:\/\/www.casadesus.net\/es\/disenadores\/giancarlo-vegni\/\" \/>\n<meta property=\"og:site_name\" content=\"CasaDes\u00fas - Furniture Design Barcelona\" \/>\n<meta property=\"article:modified_time\" content=\"2026-02-13T15:08:01+00:00\" \/>\n<meta property=\"og:image\" content=\"https:\/\/www.casadesus.net\/wp-content\/uploads\/2025\/11\/vegni-n.jpg\" \/>\n\t<meta property=\"og:image:width\" content=\"605\" \/>\n\t<meta property=\"og:image:height\" content=\"490\" \/>\n\t<meta property=\"og:image:type\" content=\"image\/jpeg\" \/>\n<meta name=\"twitter:card\" content=\"summary_large_image\" \/>\n<script type=\"application\/ld+json\" class=\"yoast-schema-graph\">{\"@context\":\"https:\/\/schema.org\",\"@graph\":[{\"@type\":\"WebPage\",\"@id\":\"https:\/\/www.casadesus.net\/es\/disenadores\/giancarlo-vegni\/\",\"url\":\"https:\/\/www.casadesus.net\/es\/disenadores\/giancarlo-vegni\/\",\"name\":\"Giancarlo Vegni - CasaDes\u00fas - Furniture Design Barcelona\",\"isPartOf\":{\"@id\":\"https:\/\/www.casadesus.net\/es\/#website\"},\"primaryImageOfPage\":{\"@id\":\"https:\/\/www.casadesus.net\/es\/disenadores\/giancarlo-vegni\/#primaryimage\"},\"image\":{\"@id\":\"https:\/\/www.casadesus.net\/es\/disenadores\/giancarlo-vegni\/#primaryimage\"},\"thumbnailUrl\":\"https:\/\/www.casadesus.net\/wp-content\/uploads\/2025\/11\/vegni-n.jpg\",\"datePublished\":\"2024-11-13T14:33:12+00:00\",\"dateModified\":\"2026-02-13T15:08:01+00:00\",\"breadcrumb\":{\"@id\":\"https:\/\/www.casadesus.net\/es\/disenadores\/giancarlo-vegni\/#breadcrumb\"},\"inLanguage\":\"es\",\"potentialAction\":[{\"@type\":\"ReadAction\",\"target\":[\"https:\/\/www.casadesus.net\/es\/disenadores\/giancarlo-vegni\/\"]}]},{\"@type\":\"ImageObject\",\"inLanguage\":\"es\",\"@id\":\"https:\/\/www.casadesus.net\/es\/disenadores\/giancarlo-vegni\/#primaryimage\",\"url\":\"https:\/\/www.casadesus.net\/wp-content\/uploads\/2025\/11\/vegni-n.jpg\",\"contentUrl\":\"https:\/\/www.casadesus.net\/wp-content\/uploads\/2025\/11\/vegni-n.jpg\",\"width\":605,\"height\":490},{\"@type\":\"BreadcrumbList\",\"@id\":\"https:\/\/www.casadesus.net\/es\/disenadores\/giancarlo-vegni\/#breadcrumb\",\"itemListElement\":[{\"@type\":\"ListItem\",\"position\":1,\"name\":\"Home\",\"item\":\"https:\/\/www.casadesus.net\/es\/home\/\"},{\"@type\":\"ListItem\",\"position\":2,\"name\":\"Dise\u00f1adores\",\"item\":\"https:\/\/www.casadesus.net\/es\/disenadores\/\"},{\"@type\":\"ListItem\",\"position\":3,\"name\":\"Giancarlo Vegni\"}]},{\"@type\":\"WebSite\",\"@id\":\"https:\/\/www.casadesus.net\/es\/#website\",\"url\":\"https:\/\/www.casadesus.net\/es\/\",\"name\":\"CasaDes\u00fas - Furniture Design Barcelona\",\"description\":\"Dise\u00f1o, fabricaci\u00f3n y comercializaci\u00f3n de sof\u00e1s, sillones y m\u00e1s recientemente mobiliario en general\",\"publisher\":{\"@id\":\"https:\/\/www.casadesus.net\/es\/#organization\"},\"potentialAction\":[{\"@type\":\"SearchAction\",\"target\":{\"@type\":\"EntryPoint\",\"urlTemplate\":\"https:\/\/www.casadesus.net\/es\/?s={search_term_string}\"},\"query-input\":{\"@type\":\"PropertyValueSpecification\",\"valueRequired\":true,\"valueName\":\"search_term_string\"}}],\"inLanguage\":\"es\"},{\"@type\":\"Organization\",\"@id\":\"https:\/\/www.casadesus.net\/es\/#organization\",\"name\":\"CasaDes\u00fas - Furniture Design Barcelona\",\"url\":\"https:\/\/www.casadesus.net\/es\/\",\"logo\":{\"@type\":\"ImageObject\",\"inLanguage\":\"es\",\"@id\":\"https:\/\/www.casadesus.net\/es\/#\/schema\/logo\/image\/\",\"url\":\"https:\/\/www.casadesus.net\/wp-content\/uploads\/2024\/11\/logo_casadesus_white.jpg\",\"contentUrl\":\"https:\/\/www.casadesus.net\/wp-content\/uploads\/2024\/11\/logo_casadesus_white.jpg\",\"width\":866,\"height\":99,\"caption\":\"CasaDes\u00fas - Furniture Design Barcelona\"},\"image\":{\"@id\":\"https:\/\/www.casadesus.net\/es\/#\/schema\/logo\/image\/\"}}]}<\/script>\n<!-- \/ Yoast SEO plugin. -->","yoast_head_json":{"title":"Giancarlo Vegni - CasaDes\u00fas - Furniture Design Barcelona","robots":{"index":"index","follow":"follow","max-snippet":"max-snippet:-1","max-image-preview":"max-image-preview:large","max-video-preview":"max-video-preview:-1"},"canonical":"https:\/\/www.casadesus.net\/es\/disenadores\/giancarlo-vegni\/","og_locale":"es_ES","og_type":"article","og_title":"Giancarlo Vegni - CasaDes\u00fas - Furniture Design Barcelona","og_description":"Giancarlo Vegni, nacido en 1949 estudi\u00f3 en la Escuela de Arte de Cascina. De 1968 a 1975 trabaja con Ferretti Cucine. Y a partir de 1975 comienza una estrecha colaboraci\u00f3n con varias empresas de productos diversificados en Italia y en el extranjero, entre ellas: Effeti Cucine, Edra, Fasem Internacional, Seven, Giovannetti, Casades\u00fas. Vegni Design es [&hellip;]","og_url":"https:\/\/www.casadesus.net\/es\/disenadores\/giancarlo-vegni\/","og_site_name":"CasaDes\u00fas - Furniture Design Barcelona","article_modified_time":"2026-02-13T15:08:01+00:00","og_image":[{"width":605,"height":490,"url":"https:\/\/www.casadesus.net\/wp-content\/uploads\/2025\/11\/vegni-n.jpg","type":"image\/jpeg"}],"twitter_card":"summary_large_image","schema":{"@context":"https:\/\/schema.org","@graph":[{"@type":"WebPage","@id":"https:\/\/www.casadesus.net\/es\/disenadores\/giancarlo-vegni\/","url":"https:\/\/www.casadesus.net\/es\/disenadores\/giancarlo-vegni\/","name":"Giancarlo Vegni - CasaDes\u00fas - Furniture Design Barcelona","isPartOf":{"@id":"https:\/\/www.casadesus.net\/es\/#website"},"primaryImageOfPage":{"@id":"https:\/\/www.casadesus.net\/es\/disenadores\/giancarlo-vegni\/#primaryimage"},"image":{"@id":"https:\/\/www.casadesus.net\/es\/disenadores\/giancarlo-vegni\/#primaryimage"},"thumbnailUrl":"https:\/\/www.casadesus.net\/wp-content\/uploads\/2025\/11\/vegni-n.jpg","datePublished":"2024-11-13T14:33:12+00:00","dateModified":"2026-02-13T15:08:01+00:00","breadcrumb":{"@id":"https:\/\/www.casadesus.net\/es\/disenadores\/giancarlo-vegni\/#breadcrumb"},"inLanguage":"es","potentialAction":[{"@type":"ReadAction","target":["https:\/\/www.casadesus.net\/es\/disenadores\/giancarlo-vegni\/"]}]},{"@type":"ImageObject","inLanguage":"es","@id":"https:\/\/www.casadesus.net\/es\/disenadores\/giancarlo-vegni\/#primaryimage","url":"https:\/\/www.casadesus.net\/wp-content\/uploads\/2025\/11\/vegni-n.jpg","contentUrl":"https:\/\/www.casadesus.net\/wp-content\/uploads\/2025\/11\/vegni-n.jpg","width":605,"height":490},{"@type":"BreadcrumbList","@id":"https:\/\/www.casadesus.net\/es\/disenadores\/giancarlo-vegni\/#breadcrumb","itemListElement":[{"@type":"ListItem","position":1,"name":"Home","item":"https:\/\/www.casadesus.net\/es\/home\/"},{"@type":"ListItem","position":2,"name":"Dise\u00f1adores","item":"https:\/\/www.casadesus.net\/es\/disenadores\/"},{"@type":"ListItem","position":3,"name":"Giancarlo Vegni"}]},{"@type":"WebSite","@id":"https:\/\/www.casadesus.net\/es\/#website","url":"https:\/\/www.casadesus.net\/es\/","name":"CasaDes\u00fas - Furniture Design Barcelona","description":"Dise\u00f1o, fabricaci\u00f3n y comercializaci\u00f3n de sof\u00e1s, sillones y m\u00e1s recientemente mobiliario en general","publisher":{"@id":"https:\/\/www.casadesus.net\/es\/#organization"},"potentialAction":[{"@type":"SearchAction","target":{"@type":"EntryPoint","urlTemplate":"https:\/\/www.casadesus.net\/es\/?s={search_term_string}"},"query-input":{"@type":"PropertyValueSpecification","valueRequired":true,"valueName":"search_term_string"}}],"inLanguage":"es"},{"@type":"Organization","@id":"https:\/\/www.casadesus.net\/es\/#organization","name":"CasaDes\u00fas - Furniture Design Barcelona","url":"https:\/\/www.casadesus.net\/es\/","logo":{"@type":"ImageObject","inLanguage":"es","@id":"https:\/\/www.casadesus.net\/es\/#\/schema\/logo\/image\/","url":"https:\/\/www.casadesus.net\/wp-content\/uploads\/2024\/11\/logo_casadesus_white.jpg","contentUrl":"https:\/\/www.casadesus.net\/wp-content\/uploads\/2024\/11\/logo_casadesus_white.jpg","width":866,"height":99,"caption":"CasaDes\u00fas - Furniture Design Barcelona"},"image":{"@id":"https:\/\/www.casadesus.net\/es\/#\/schema\/logo\/image\/"}}]}},"_links":{"self":[{"href":"https:\/\/www.casadesus.net\/es\/wp-json\/wp\/v2\/pages\/7540","targetHints":{"allow":["GET"]}}],"collection":[{"href":"https:\/\/www.casadesus.net\/es\/wp-json\/wp\/v2\/pages"}],"about":[{"href":"https:\/\/www.casadesus.net\/es\/wp-json\/wp\/v2\/types\/page"}],"author":[{"embeddable":true,"href":"https:\/\/www.casadesus.net\/es\/wp-json\/wp\/v2\/users\/1"}],"replies":[{"embeddable":true,"href":"https:\/\/www.casadesus.net\/es\/wp-json\/wp\/v2\/comments?post=7540"}],"version-history":[{"count":1,"href":"https:\/\/www.casadesus.net\/es\/wp-json\/wp\/v2\/pages\/7540\/revisions"}],"predecessor-version":[{"id":7654,"href":"https:\/\/www.casadesus.net\/es\/wp-json\/wp\/v2\/pages\/7540\/revisions\/7654"}],"up":[{"embeddable":true,"href":"https:\/\/www.casadesus.net\/es\/wp-json\/wp\/v2\/pages\/7653"}],"wp:featuredmedia":[{"embeddable":true,"href":"https:\/\/www.casadesus.net\/es\/wp-json\/wp\/v2\/media\/7539"}],"wp:attachment":[{"href":"https:\/\/www.casadesus.net\/es\/wp-json\/wp\/v2\/media?parent=7540"}],"curies":[{"name":"wp","href":"https:\/\/api.w.org\/{rel}","templated":true}]}}