{"id":7649,"date":"2025-03-27T10:38:27","date_gmt":"2025-03-27T09:38:27","guid":{"rendered":"https:\/\/www.casadesus.net\/catalogos\/"},"modified":"2026-01-29T12:01:05","modified_gmt":"2026-01-29T11:01:05","slug":"catalogos","status":"publish","type":"page","link":"https:\/\/www.casadesus.net\/es\/catalogos\/","title":{"rendered":"Cat\u00e1logos"},"content":{"rendered":"\t\t<div data-elementor-type=\"wp-page\" data-elementor-id=\"7649\" class=\"elementor elementor-7649 elementor-2370\" data-elementor-post-type=\"page\">\n\t\t\t\t<div class=\"elementor-element elementor-element-494d9e9 e-flex e-con-boxed e-con e-parent\" data-id=\"494d9e9\" data-element_type=\"container\">\n\t\t\t\t\t<div class=\"e-con-inner\">\n\t\t<div class=\"elementor-element elementor-element-1801e9f e-con-full e-flex e-con e-child\" data-id=\"1801e9f\" data-element_type=\"container\">\n\t\t\t\t<div class=\"elementor-element elementor-element-99978f9 elementor-position-top elementor-widget elementor-widget-image-box\" data-id=\"99978f9\" data-element_type=\"widget\" data-widget_type=\"image-box.default\">\n\t\t\t\t<div class=\"elementor-widget-container\">\n\t\t\t\t\t<div class=\"elementor-image-box-wrapper\"><figure class=\"elementor-image-box-img\"><a href=\"https:\/\/www.dropbox.com\/scl\/fi\/lpegmxgjxmdtq1ylvfi9i\/Casadesus-NewCollection-2024.pdf?rlkey=1lnzgwa2yrkwng228qnl6isuz&#038;st=id0hihe7&#038;dl=0\" target=\"_blank\" tabindex=\"-1\"><img fetchpriority=\"high\" decoding=\"async\" width=\"591\" height=\"757\" src=\"https:\/\/www.casadesus.net\/wp-content\/uploads\/2025\/03\/cat_2024.jpg\" class=\"attachment-full size-full wp-image-2353\" alt=\"\" srcset=\"https:\/\/www.casadesus.net\/wp-content\/uploads\/2025\/03\/cat_2024.jpg 591w, https:\/\/www.casadesus.net\/wp-content\/uploads\/2025\/03\/cat_2024-234x300.jpg 234w\" sizes=\"(max-width: 591px) 100vw, 591px\" \/><\/a><\/figure><div class=\"elementor-image-box-content\"><h3 class=\"elementor-image-box-title\"><a href=\"https:\/\/www.dropbox.com\/scl\/fi\/lpegmxgjxmdtq1ylvfi9i\/Casadesus-NewCollection-2024.pdf?rlkey=1lnzgwa2yrkwng228qnl6isuz&#038;st=id0hihe7&#038;dl=0\" target=\"_blank\">2024<\/a><\/h3><\/div><\/div>\t\t\t\t<\/div>\n\t\t\t\t<\/div>\n\t\t\t\t<\/div>\n\t\t<div class=\"elementor-element elementor-element-cdc4a09 e-con-full e-flex e-con e-child\" data-id=\"cdc4a09\" data-element_type=\"container\">\n\t\t\t\t<div class=\"elementor-element elementor-element-892083b elementor-position-top elementor-widget elementor-widget-image-box\" data-id=\"892083b\" data-element_type=\"widget\" data-widget_type=\"image-box.default\">\n\t\t\t\t<div class=\"elementor-widget-container\">\n\t\t\t\t\t<div class=\"elementor-image-box-wrapper\"><figure class=\"elementor-image-box-img\"><a href=\"https:\/\/www.dropbox.com\/scl\/fi\/m7uassl1rz5x60pmnt4zu\/CASADESUS-SEATING-SYSTEMS-2022.pdf?rlkey=5xg8xk6qylli8uvtvzpj6qew0&#038;st=hw2qqimx&#038;dl=0\" target=\"_blank\" tabindex=\"-1\"><img decoding=\"async\" width=\"591\" height=\"757\" src=\"https:\/\/www.casadesus.net\/wp-content\/uploads\/2025\/12\/PORTADA-2022-G1.jpg\" class=\"attachment-full size-full wp-image-7645\" alt=\"\" srcset=\"https:\/\/www.casadesus.net\/wp-content\/uploads\/2025\/12\/PORTADA-2022-G1.jpg 591w, https:\/\/www.casadesus.net\/wp-content\/uploads\/2025\/12\/PORTADA-2022-G1-234x300.jpg 234w\" sizes=\"(max-width: 591px) 100vw, 591px\" \/><\/a><\/figure><div class=\"elementor-image-box-content\"><h3 class=\"elementor-image-box-title\"><a href=\"https:\/\/www.dropbox.com\/scl\/fi\/m7uassl1rz5x60pmnt4zu\/CASADESUS-SEATING-SYSTEMS-2022.pdf?rlkey=5xg8xk6qylli8uvtvzpj6qew0&#038;st=hw2qqimx&#038;dl=0\" target=\"_blank\">2022<\/a><\/h3><\/div><\/div>\t\t\t\t<\/div>\n\t\t\t\t<\/div>\n\t\t\t\t<\/div>\n\t\t<div class=\"elementor-element elementor-element-dd1d8d3 e-con-full e-flex e-con e-child\" data-id=\"dd1d8d3\" data-element_type=\"container\">\n\t\t\t\t<div class=\"elementor-element elementor-element-bb39b7d elementor-position-top elementor-widget elementor-widget-image-box\" data-id=\"bb39b7d\" data-element_type=\"widget\" data-widget_type=\"image-box.default\">\n\t\t\t\t<div class=\"elementor-widget-container\">\n\t\t\t\t\t<div class=\"elementor-image-box-wrapper\"><figure class=\"elementor-image-box-img\"><a href=\"https:\/\/www.dropbox.com\/scl\/fi\/3v58oy3a1a2murmi0z02v\/CASADESUS-ARMCHAIRS-OTHER-FURNITURE-2022.pdf?rlkey=fntbdslbxsl2bnn8rugrorz52&#038;st=oslxw55x&#038;dl=0\" target=\"_blank\" tabindex=\"-1\"><img decoding=\"async\" width=\"591\" height=\"754\" src=\"https:\/\/www.casadesus.net\/wp-content\/uploads\/2025\/12\/portada-2022-2g.jpg\" class=\"attachment-full size-full wp-image-7646\" alt=\"\" srcset=\"https:\/\/www.casadesus.net\/wp-content\/uploads\/2025\/12\/portada-2022-2g.jpg 591w, https:\/\/www.casadesus.net\/wp-content\/uploads\/2025\/12\/portada-2022-2g-235x300.jpg 235w\" sizes=\"(max-width: 591px) 100vw, 591px\" \/><\/a><\/figure><div class=\"elementor-image-box-content\"><h3 class=\"elementor-image-box-title\"><a href=\"https:\/\/www.dropbox.com\/scl\/fi\/3v58oy3a1a2murmi0z02v\/CASADESUS-ARMCHAIRS-OTHER-FURNITURE-2022.pdf?rlkey=fntbdslbxsl2bnn8rugrorz52&#038;st=oslxw55x&#038;dl=0\" target=\"_blank\">2022<\/a><\/h3><\/div><\/div>\t\t\t\t<\/div>\n\t\t\t\t<\/div>\n\t\t\t\t<\/div>\n\t\t\t\t\t<\/div>\n\t\t\t\t<\/div>\n\t\t<div class=\"elementor-element elementor-element-54d4fcb e-flex e-con-boxed e-con e-parent\" data-id=\"54d4fcb\" data-element_type=\"container\">\n\t\t\t\t\t<div class=\"e-con-inner\">\n\t\t\t\t<div class=\"elementor-element elementor-element-6bafc83 elementor-position-top elementor-widget elementor-widget-image-box\" data-id=\"6bafc83\" data-element_type=\"widget\" data-widget_type=\"image-box.default\">\n\t\t\t\t<div class=\"elementor-widget-container\">\n\t\t\t\t\t<div class=\"elementor-image-box-wrapper\"><figure class=\"elementor-image-box-img\"><a href=\"https:\/\/www.dropbox.com\/scl\/fi\/hk0ru0dl3dkplujyyk381\/CasaDesus-New-Collection-2024-web.pdf?rlkey=53zyurxh0qj3j24e6xdd7s5t4&#038;st=1wpqka05&#038;dl=0\" target=\"_blank\" tabindex=\"-1\"><img loading=\"lazy\" decoding=\"async\" width=\"200\" height=\"255\" src=\"https:\/\/www.casadesus.net\/wp-content\/uploads\/2025\/03\/Portada-New-Collection-2024.jpg\" class=\"attachment-full size-full wp-image-2377\" alt=\"\" \/><\/a><\/figure><div class=\"elementor-image-box-content\"><h3 class=\"elementor-image-box-title\"><a href=\"https:\/\/www.dropbox.com\/scl\/fi\/hk0ru0dl3dkplujyyk381\/CasaDesus-New-Collection-2024-web.pdf?rlkey=53zyurxh0qj3j24e6xdd7s5t4&#038;st=1wpqka05&#038;dl=0\" target=\"_blank\">2024<\/a><\/h3><\/div><\/div>\t\t\t\t<\/div>\n\t\t\t\t<\/div>\n\t\t\t\t<div class=\"elementor-element elementor-element-45dc48d elementor-position-top elementor-widget elementor-widget-image-box\" data-id=\"45dc48d\" data-element_type=\"widget\" data-widget_type=\"image-box.default\">\n\t\t\t\t<div class=\"elementor-widget-container\">\n\t\t\t\t\t<div class=\"elementor-image-box-wrapper\"><figure class=\"elementor-image-box-img\"><a href=\"https:\/\/www.dropbox.com\/scl\/fi\/kvop2fs1fbk584e9hraik\/CasaDesus_catalogue-2019.pdf?rlkey=7irgkk8ipc1ddu1s5tlz7jcpp&#038;st=gs67m5ip&#038;dl=0\" target=\"_blank\" tabindex=\"-1\"><img loading=\"lazy\" decoding=\"async\" width=\"200\" height=\"256\" src=\"https:\/\/www.casadesus.net\/wp-content\/uploads\/2025\/12\/PORTADA-2019.jpg\" class=\"attachment-full size-full wp-image-7647\" alt=\"\" \/><\/a><\/figure><div class=\"elementor-image-box-content\"><h3 class=\"elementor-image-box-title\"><a href=\"https:\/\/www.dropbox.com\/scl\/fi\/kvop2fs1fbk584e9hraik\/CasaDesus_catalogue-2019.pdf?rlkey=7irgkk8ipc1ddu1s5tlz7jcpp&#038;st=gs67m5ip&#038;dl=0\" target=\"_blank\">2019<\/a><\/h3><\/div><\/div>\t\t\t\t<\/div>\n\t\t\t\t<\/div>\n\t\t\t\t<div class=\"elementor-element elementor-element-4d06473 elementor-position-top elementor-widget elementor-widget-image-box\" data-id=\"4d06473\" data-element_type=\"widget\" data-widget_type=\"image-box.default\">\n\t\t\t\t<div class=\"elementor-widget-container\">\n\t\t\t\t\t<div class=\"elementor-image-box-wrapper\"><figure class=\"elementor-image-box-img\"><a href=\"https:\/\/www.dropbox.com\/scl\/fi\/fx6gwhfdo262tln947q0a\/CasaDesus_catalogue_2017.pdf?rlkey=szze77v8wie76256mh56yhlik&#038;st=luw34of5&#038;dl=0\" target=\"_blank\" tabindex=\"-1\"><img loading=\"lazy\" decoding=\"async\" width=\"200\" height=\"256\" src=\"https:\/\/www.casadesus.net\/wp-content\/uploads\/2025\/12\/PORTADA-2017-1.jpg\" class=\"attachment-full size-full wp-image-7648\" alt=\"\" \/><\/a><\/figure><div class=\"elementor-image-box-content\"><h3 class=\"elementor-image-box-title\"><a href=\"https:\/\/www.dropbox.com\/scl\/fi\/fx6gwhfdo262tln947q0a\/CasaDesus_catalogue_2017.pdf?rlkey=szze77v8wie76256mh56yhlik&#038;st=luw34of5&#038;dl=0\" target=\"_blank\">2017 <\/a><\/h3><\/div><\/div>\t\t\t\t<\/div>\n\t\t\t\t<\/div>\n\t\t\t\t<div class=\"elementor-element elementor-element-c99c87a elementor-position-top elementor-widget elementor-widget-image-box\" data-id=\"c99c87a\" data-element_type=\"widget\" data-widget_type=\"image-box.default\">\n\t\t\t\t<div class=\"elementor-widget-container\">\n\t\t\t\t\t<div class=\"elementor-image-box-wrapper\"><figure class=\"elementor-image-box-img\"><a href=\"https:\/\/www.dropbox.com\/scl\/fi\/8kt258s2x8jxo299pnq59\/CasaDesus_catalogue_2014.pdf?rlkey=lol3yxiua782ev0dqu4mucm96&#038;st=clx8j57d&#038;dl=0\" target=\"_blank\" tabindex=\"-1\"><img loading=\"lazy\" decoding=\"async\" width=\"200\" height=\"255\" src=\"https:\/\/www.casadesus.net\/wp-content\/uploads\/2025\/03\/catalogue_2014.jpg\" class=\"attachment-full size-full wp-image-2383\" alt=\"\" \/><\/a><\/figure><div class=\"elementor-image-box-content\"><h3 class=\"elementor-image-box-title\"><a href=\"https:\/\/www.dropbox.com\/scl\/fi\/8kt258s2x8jxo299pnq59\/CasaDesus_catalogue_2014.pdf?rlkey=lol3yxiua782ev0dqu4mucm96&#038;st=clx8j57d&#038;dl=0\" target=\"_blank\">2014<\/a><\/h3><\/div><\/div>\t\t\t\t<\/div>\n\t\t\t\t<\/div>\n\t\t\t\t<div class=\"elementor-element elementor-element-e0bdffb elementor-position-top elementor-widget elementor-widget-image-box\" data-id=\"e0bdffb\" data-element_type=\"widget\" data-widget_type=\"image-box.default\">\n\t\t\t\t<div class=\"elementor-widget-container\">\n\t\t\t\t\t<div class=\"elementor-image-box-wrapper\"><figure class=\"elementor-image-box-img\"><a href=\"https:\/\/www.dropbox.com\/scl\/fi\/8udujqfsj47m2k7jgo2hj\/CasaDesus_catalogue_2011.pdf?rlkey=5hg29eqse7ixrbvmgk950npfp&#038;st=5q6h9stb&#038;dl=0\" target=\"_blank\" tabindex=\"-1\"><img loading=\"lazy\" decoding=\"async\" width=\"200\" height=\"255\" src=\"https:\/\/www.casadesus.net\/wp-content\/uploads\/2025\/03\/catalogue_2011.jpg\" class=\"attachment-full size-full wp-image-2385\" alt=\"\" \/><\/a><\/figure><div class=\"elementor-image-box-content\"><h3 class=\"elementor-image-box-title\"><a href=\"https:\/\/www.dropbox.com\/scl\/fi\/8udujqfsj47m2k7jgo2hj\/CasaDesus_catalogue_2011.pdf?rlkey=5hg29eqse7ixrbvmgk950npfp&#038;st=5q6h9stb&#038;dl=0\" target=\"_blank\">2011<\/a><\/h3><\/div><\/div>\t\t\t\t<\/div>\n\t\t\t\t<\/div>\n\t\t\t\t<div class=\"elementor-element elementor-element-3f30715 elementor-position-top elementor-widget elementor-widget-image-box\" data-id=\"3f30715\" data-element_type=\"widget\" data-widget_type=\"image-box.default\">\n\t\t\t\t<div class=\"elementor-widget-container\">\n\t\t\t\t\t<div class=\"elementor-image-box-wrapper\"><figure class=\"elementor-image-box-img\"><a href=\"https:\/\/www.dropbox.com\/scl\/fi\/u2j0zws4vo1qorngakful\/CasaDesus_catalogue_2010.pdf?rlkey=qhex89qazryqeobt23ye84qne&#038;st=jn2l754o&#038;dl=0\" target=\"_blank\" tabindex=\"-1\"><img loading=\"lazy\" decoding=\"async\" width=\"200\" height=\"255\" src=\"https:\/\/www.casadesus.net\/wp-content\/uploads\/2025\/03\/catalogue_2010.jpg\" class=\"attachment-full size-full wp-image-2387\" alt=\"\" \/><\/a><\/figure><div class=\"elementor-image-box-content\"><h3 class=\"elementor-image-box-title\"><a href=\"https:\/\/www.dropbox.com\/scl\/fi\/u2j0zws4vo1qorngakful\/CasaDesus_catalogue_2010.pdf?rlkey=qhex89qazryqeobt23ye84qne&#038;st=jn2l754o&#038;dl=0\" target=\"_blank\">2010<\/a><\/h3><\/div><\/div>\t\t\t\t<\/div>\n\t\t\t\t<\/div>\n\t\t\t\t\t<\/div>\n\t\t\t\t<\/div>\n\t\t\t\t<\/div>\n\t\t","protected":false},"excerpt":{"rendered":"<p>2024 2022 2022 2024 2019 2017 2014 2011 2010<\/p>\n","protected":false},"author":1,"featured_media":0,"parent":0,"menu_order":0,"comment_status":"closed","ping_status":"closed","template":"","meta":{"_acf_changed":false,"footnotes":""},"class_list":["post-7649","page","type-page","status-publish","hentry"],"acf":[],"yoast_head":"<!-- This site is optimized with the Yoast SEO plugin v26.9 - https:\/\/yoast.com\/product\/yoast-seo-wordpress\/ -->\n<title>Cat\u00e1logos - CasaDes\u00fas - Furniture Design Barcelona<\/title>\n<meta name=\"robots\" content=\"index, follow, max-snippet:-1, max-image-preview:large, max-video-preview:-1\" \/>\n<link rel=\"canonical\" href=\"https:\/\/www.casadesus.net\/es\/catalogos\/\" \/>\n<meta property=\"og:locale\" content=\"es_ES\" \/>\n<meta property=\"og:type\" content=\"article\" \/>\n<meta property=\"og:title\" content=\"Cat\u00e1logos - CasaDes\u00fas - Furniture Design Barcelona\" \/>\n<meta property=\"og:description\" content=\"2024 2022 2022 2024 2019 2017 2014 2011 2010\" \/>\n<meta property=\"og:url\" content=\"https:\/\/www.casadesus.net\/es\/catalogos\/\" \/>\n<meta property=\"og:site_name\" content=\"CasaDes\u00fas - Furniture Design Barcelona\" \/>\n<meta property=\"article:modified_time\" content=\"2026-01-29T11:01:05+00:00\" \/>\n<meta property=\"og:image\" content=\"https:\/\/www.casadesus.net\/wp-content\/uploads\/2025\/03\/cat_2024.jpg\" \/>\n\t<meta property=\"og:image:width\" content=\"591\" \/>\n\t<meta property=\"og:image:height\" content=\"757\" \/>\n\t<meta property=\"og:image:type\" content=\"image\/jpeg\" \/>\n<meta name=\"twitter:card\" content=\"summary_large_image\" \/>\n<script type=\"application\/ld+json\" class=\"yoast-schema-graph\">{\"@context\":\"https:\/\/schema.org\",\"@graph\":[{\"@type\":\"WebPage\",\"@id\":\"https:\/\/www.casadesus.net\/es\/catalogos\/\",\"url\":\"https:\/\/www.casadesus.net\/es\/catalogos\/\",\"name\":\"Cat\u00e1logos - CasaDes\u00fas - Furniture Design Barcelona\",\"isPartOf\":{\"@id\":\"https:\/\/www.casadesus.net\/es\/#website\"},\"primaryImageOfPage\":{\"@id\":\"https:\/\/www.casadesus.net\/es\/catalogos\/#primaryimage\"},\"image\":{\"@id\":\"https:\/\/www.casadesus.net\/es\/catalogos\/#primaryimage\"},\"thumbnailUrl\":\"https:\/\/www.casadesus.net\/wp-content\/uploads\/2025\/03\/cat_2024.jpg\",\"datePublished\":\"2025-03-27T09:38:27+00:00\",\"dateModified\":\"2026-01-29T11:01:05+00:00\",\"breadcrumb\":{\"@id\":\"https:\/\/www.casadesus.net\/es\/catalogos\/#breadcrumb\"},\"inLanguage\":\"es\",\"potentialAction\":[{\"@type\":\"ReadAction\",\"target\":[\"https:\/\/www.casadesus.net\/es\/catalogos\/\"]}]},{\"@type\":\"ImageObject\",\"inLanguage\":\"es\",\"@id\":\"https:\/\/www.casadesus.net\/es\/catalogos\/#primaryimage\",\"url\":\"https:\/\/www.casadesus.net\/wp-content\/uploads\/2025\/03\/cat_2024.jpg\",\"contentUrl\":\"https:\/\/www.casadesus.net\/wp-content\/uploads\/2025\/03\/cat_2024.jpg\"},{\"@type\":\"BreadcrumbList\",\"@id\":\"https:\/\/www.casadesus.net\/es\/catalogos\/#breadcrumb\",\"itemListElement\":[{\"@type\":\"ListItem\",\"position\":1,\"name\":\"Home\",\"item\":\"https:\/\/www.casadesus.net\/es\/home\/\"},{\"@type\":\"ListItem\",\"position\":2,\"name\":\"Cat\u00e1logos\"}]},{\"@type\":\"WebSite\",\"@id\":\"https:\/\/www.casadesus.net\/es\/#website\",\"url\":\"https:\/\/www.casadesus.net\/es\/\",\"name\":\"CasaDes\u00fas - Furniture Design Barcelona\",\"description\":\"Dise\u00f1o, fabricaci\u00f3n y comercializaci\u00f3n de sof\u00e1s, sillones y m\u00e1s recientemente mobiliario en general\",\"publisher\":{\"@id\":\"https:\/\/www.casadesus.net\/es\/#organization\"},\"potentialAction\":[{\"@type\":\"SearchAction\",\"target\":{\"@type\":\"EntryPoint\",\"urlTemplate\":\"https:\/\/www.casadesus.net\/es\/?s={search_term_string}\"},\"query-input\":{\"@type\":\"PropertyValueSpecification\",\"valueRequired\":true,\"valueName\":\"search_term_string\"}}],\"inLanguage\":\"es\"},{\"@type\":\"Organization\",\"@id\":\"https:\/\/www.casadesus.net\/es\/#organization\",\"name\":\"CasaDes\u00fas - Furniture Design Barcelona\",\"url\":\"https:\/\/www.casadesus.net\/es\/\",\"logo\":{\"@type\":\"ImageObject\",\"inLanguage\":\"es\",\"@id\":\"https:\/\/www.casadesus.net\/es\/#\/schema\/logo\/image\/\",\"url\":\"https:\/\/www.casadesus.net\/wp-content\/uploads\/2024\/11\/logo_casadesus_white.jpg\",\"contentUrl\":\"https:\/\/www.casadesus.net\/wp-content\/uploads\/2024\/11\/logo_casadesus_white.jpg\",\"width\":866,\"height\":99,\"caption\":\"CasaDes\u00fas - Furniture Design Barcelona\"},\"image\":{\"@id\":\"https:\/\/www.casadesus.net\/es\/#\/schema\/logo\/image\/\"}}]}<\/script>\n<!-- \/ Yoast SEO plugin. -->","yoast_head_json":{"title":"Cat\u00e1logos - CasaDes\u00fas - Furniture Design Barcelona","robots":{"index":"index","follow":"follow","max-snippet":"max-snippet:-1","max-image-preview":"max-image-preview:large","max-video-preview":"max-video-preview:-1"},"canonical":"https:\/\/www.casadesus.net\/es\/catalogos\/","og_locale":"es_ES","og_type":"article","og_title":"Cat\u00e1logos - CasaDes\u00fas - Furniture Design Barcelona","og_description":"2024 2022 2022 2024 2019 2017 2014 2011 2010","og_url":"https:\/\/www.casadesus.net\/es\/catalogos\/","og_site_name":"CasaDes\u00fas - Furniture Design Barcelona","article_modified_time":"2026-01-29T11:01:05+00:00","og_image":[{"width":591,"height":757,"url":"https:\/\/www.casadesus.net\/wp-content\/uploads\/2025\/03\/cat_2024.jpg","type":"image\/jpeg"}],"twitter_card":"summary_large_image","schema":{"@context":"https:\/\/schema.org","@graph":[{"@type":"WebPage","@id":"https:\/\/www.casadesus.net\/es\/catalogos\/","url":"https:\/\/www.casadesus.net\/es\/catalogos\/","name":"Cat\u00e1logos - CasaDes\u00fas - Furniture Design Barcelona","isPartOf":{"@id":"https:\/\/www.casadesus.net\/es\/#website"},"primaryImageOfPage":{"@id":"https:\/\/www.casadesus.net\/es\/catalogos\/#primaryimage"},"image":{"@id":"https:\/\/www.casadesus.net\/es\/catalogos\/#primaryimage"},"thumbnailUrl":"https:\/\/www.casadesus.net\/wp-content\/uploads\/2025\/03\/cat_2024.jpg","datePublished":"2025-03-27T09:38:27+00:00","dateModified":"2026-01-29T11:01:05+00:00","breadcrumb":{"@id":"https:\/\/www.casadesus.net\/es\/catalogos\/#breadcrumb"},"inLanguage":"es","potentialAction":[{"@type":"ReadAction","target":["https:\/\/www.casadesus.net\/es\/catalogos\/"]}]},{"@type":"ImageObject","inLanguage":"es","@id":"https:\/\/www.casadesus.net\/es\/catalogos\/#primaryimage","url":"https:\/\/www.casadesus.net\/wp-content\/uploads\/2025\/03\/cat_2024.jpg","contentUrl":"https:\/\/www.casadesus.net\/wp-content\/uploads\/2025\/03\/cat_2024.jpg"},{"@type":"BreadcrumbList","@id":"https:\/\/www.casadesus.net\/es\/catalogos\/#breadcrumb","itemListElement":[{"@type":"ListItem","position":1,"name":"Home","item":"https:\/\/www.casadesus.net\/es\/home\/"},{"@type":"ListItem","position":2,"name":"Cat\u00e1logos"}]},{"@type":"WebSite","@id":"https:\/\/www.casadesus.net\/es\/#website","url":"https:\/\/www.casadesus.net\/es\/","name":"CasaDes\u00fas - Furniture Design Barcelona","description":"Dise\u00f1o, fabricaci\u00f3n y comercializaci\u00f3n de sof\u00e1s, sillones y m\u00e1s recientemente mobiliario en general","publisher":{"@id":"https:\/\/www.casadesus.net\/es\/#organization"},"potentialAction":[{"@type":"SearchAction","target":{"@type":"EntryPoint","urlTemplate":"https:\/\/www.casadesus.net\/es\/?s={search_term_string}"},"query-input":{"@type":"PropertyValueSpecification","valueRequired":true,"valueName":"search_term_string"}}],"inLanguage":"es"},{"@type":"Organization","@id":"https:\/\/www.casadesus.net\/es\/#organization","name":"CasaDes\u00fas - Furniture Design Barcelona","url":"https:\/\/www.casadesus.net\/es\/","logo":{"@type":"ImageObject","inLanguage":"es","@id":"https:\/\/www.casadesus.net\/es\/#\/schema\/logo\/image\/","url":"https:\/\/www.casadesus.net\/wp-content\/uploads\/2024\/11\/logo_casadesus_white.jpg","contentUrl":"https:\/\/www.casadesus.net\/wp-content\/uploads\/2024\/11\/logo_casadesus_white.jpg","width":866,"height":99,"caption":"CasaDes\u00fas - Furniture Design Barcelona"},"image":{"@id":"https:\/\/www.casadesus.net\/es\/#\/schema\/logo\/image\/"}}]}},"_links":{"self":[{"href":"https:\/\/www.casadesus.net\/es\/wp-json\/wp\/v2\/pages\/7649","targetHints":{"allow":["GET"]}}],"collection":[{"href":"https:\/\/www.casadesus.net\/es\/wp-json\/wp\/v2\/pages"}],"about":[{"href":"https:\/\/www.casadesus.net\/es\/wp-json\/wp\/v2\/types\/page"}],"author":[{"embeddable":true,"href":"https:\/\/www.casadesus.net\/es\/wp-json\/wp\/v2\/users\/1"}],"replies":[{"embeddable":true,"href":"https:\/\/www.casadesus.net\/es\/wp-json\/wp\/v2\/comments?post=7649"}],"version-history":[{"count":2,"href":"https:\/\/www.casadesus.net\/es\/wp-json\/wp\/v2\/pages\/7649\/revisions"}],"predecessor-version":[{"id":7770,"href":"https:\/\/www.casadesus.net\/es\/wp-json\/wp\/v2\/pages\/7649\/revisions\/7770"}],"wp:attachment":[{"href":"https:\/\/www.casadesus.net\/es\/wp-json\/wp\/v2\/media?parent=7649"}],"curies":[{"name":"wp","href":"https:\/\/api.w.org\/{rel}","templated":true}]}}