{"id":7658,"date":"2024-11-13T15:32:39","date_gmt":"2024-11-13T14:32:39","guid":{"rendered":"https:\/\/www.casadesus.net\/disenadores\/carles-y-marc-ferruz\/"},"modified":"2024-11-13T15:32:39","modified_gmt":"2024-11-13T14:32:39","slug":"carles-y-marc-ferruz","status":"publish","type":"page","link":"https:\/\/www.casadesus.net\/es\/disenadores\/carles-y-marc-ferruz\/","title":{"rendered":"Carles y Marc Ferruz"},"content":{"rendered":"<p><strong>CARLES FERRUZ &#8211; FERRUZ DECORADORS<\/strong><br \/>\nEstudi\u00f3 dise\u00f1o de interiores en la Escuela Llotja de Barcelona. En 1979 cofunda Atri, empresa dedicada al dise\u00f1o de interiores y a la venta de muebles. Bajo su actual empresa Quadruple, S.A. abre en 1993 el actual estudio, all\u00ed desarrolla adem\u00e1s de proyectos completos de interiorismo y arquitectura todo un departamento dedicado al contract, as\u00ed como stands ef\u00edmeros, ferias&#8230; consiguiendo dos a\u00f1os consecutivos el premio al mejor stand en la Feria del Mueble de Valencia con el stand dise\u00f1ado para Casades\u00fas.<\/p>\n<p><strong>MARC FERRUZ<\/strong><br \/>\nEstudi\u00f3 dise\u00f1o industrial en la Escuela superior de dise\u00f1o Elisava, perteneciente a la Universidad Pompeu Fabra de Barcelona. Posteriormente realiz\u00f3 varios postgrados en \u00abI+D+I\u00bb. En 2007 dise\u00f1a para Casades\u00fas una serie de muebles&#8230;<\/p>\n","protected":false},"excerpt":{"rendered":"<p>CARLES FERRUZ &#8211; FERRUZ DECORADORS Estudi\u00f3 dise\u00f1o de interiores en la Escuela Llotja de Barcelona. En 1979 cofunda Atri, empresa dedicada al dise\u00f1o de interiores y a la venta de muebles. Bajo su actual empresa Quadruple, S.A. abre en 1993 el actual estudio, all\u00ed desarrolla adem\u00e1s de proyectos completos de interiorismo y arquitectura todo un [&hellip;]<\/p>\n","protected":false},"author":1,"featured_media":7657,"parent":7653,"menu_order":0,"comment_status":"closed","ping_status":"closed","template":"","meta":{"_acf_changed":false,"footnotes":""},"class_list":["post-7658","page","type-page","status-publish","has-post-thumbnail","hentry"],"acf":[],"yoast_head":"<!-- This site is optimized with the Yoast SEO plugin v26.9 - https:\/\/yoast.com\/product\/yoast-seo-wordpress\/ -->\n<title>Carles y Marc Ferruz - CasaDes\u00fas - Furniture Design Barcelona<\/title>\n<meta name=\"robots\" content=\"index, follow, max-snippet:-1, max-image-preview:large, max-video-preview:-1\" \/>\n<link rel=\"canonical\" href=\"https:\/\/www.casadesus.net\/es\/disenadores\/carles-y-marc-ferruz\/\" \/>\n<meta property=\"og:locale\" content=\"es_ES\" \/>\n<meta property=\"og:type\" content=\"article\" \/>\n<meta property=\"og:title\" content=\"Carles y Marc Ferruz - CasaDes\u00fas - Furniture Design Barcelona\" \/>\n<meta property=\"og:description\" content=\"CARLES FERRUZ &#8211; FERRUZ DECORADORS Estudi\u00f3 dise\u00f1o de interiores en la Escuela Llotja de Barcelona. En 1979 cofunda Atri, empresa dedicada al dise\u00f1o de interiores y a la venta de muebles. Bajo su actual empresa Quadruple, S.A. abre en 1993 el actual estudio, all\u00ed desarrolla adem\u00e1s de proyectos completos de interiorismo y arquitectura todo un [&hellip;]\" \/>\n<meta property=\"og:url\" content=\"https:\/\/www.casadesus.net\/es\/disenadores\/carles-y-marc-ferruz\/\" \/>\n<meta property=\"og:site_name\" content=\"CasaDes\u00fas - Furniture Design Barcelona\" \/>\n<meta property=\"og:image\" content=\"https:\/\/www.casadesus.net\/wp-content\/uploads\/2025\/11\/Ferruz-N.jpg\" \/>\n\t<meta property=\"og:image:width\" content=\"605\" \/>\n\t<meta property=\"og:image:height\" content=\"490\" \/>\n\t<meta property=\"og:image:type\" content=\"image\/jpeg\" \/>\n<meta name=\"twitter:card\" content=\"summary_large_image\" \/>\n<script type=\"application\/ld+json\" class=\"yoast-schema-graph\">{\"@context\":\"https:\/\/schema.org\",\"@graph\":[{\"@type\":\"WebPage\",\"@id\":\"https:\/\/www.casadesus.net\/es\/disenadores\/carles-y-marc-ferruz\/\",\"url\":\"https:\/\/www.casadesus.net\/es\/disenadores\/carles-y-marc-ferruz\/\",\"name\":\"Carles y Marc Ferruz - CasaDes\u00fas - Furniture Design Barcelona\",\"isPartOf\":{\"@id\":\"https:\/\/www.casadesus.net\/es\/#website\"},\"primaryImageOfPage\":{\"@id\":\"https:\/\/www.casadesus.net\/es\/disenadores\/carles-y-marc-ferruz\/#primaryimage\"},\"image\":{\"@id\":\"https:\/\/www.casadesus.net\/es\/disenadores\/carles-y-marc-ferruz\/#primaryimage\"},\"thumbnailUrl\":\"https:\/\/www.casadesus.net\/wp-content\/uploads\/2025\/11\/Ferruz-N.jpg\",\"datePublished\":\"2024-11-13T14:32:39+00:00\",\"breadcrumb\":{\"@id\":\"https:\/\/www.casadesus.net\/es\/disenadores\/carles-y-marc-ferruz\/#breadcrumb\"},\"inLanguage\":\"es\",\"potentialAction\":[{\"@type\":\"ReadAction\",\"target\":[\"https:\/\/www.casadesus.net\/es\/disenadores\/carles-y-marc-ferruz\/\"]}]},{\"@type\":\"ImageObject\",\"inLanguage\":\"es\",\"@id\":\"https:\/\/www.casadesus.net\/es\/disenadores\/carles-y-marc-ferruz\/#primaryimage\",\"url\":\"https:\/\/www.casadesus.net\/wp-content\/uploads\/2025\/11\/Ferruz-N.jpg\",\"contentUrl\":\"https:\/\/www.casadesus.net\/wp-content\/uploads\/2025\/11\/Ferruz-N.jpg\",\"width\":605,\"height\":490},{\"@type\":\"BreadcrumbList\",\"@id\":\"https:\/\/www.casadesus.net\/es\/disenadores\/carles-y-marc-ferruz\/#breadcrumb\",\"itemListElement\":[{\"@type\":\"ListItem\",\"position\":1,\"name\":\"Home\",\"item\":\"https:\/\/www.casadesus.net\/es\/home\/\"},{\"@type\":\"ListItem\",\"position\":2,\"name\":\"Dise\u00f1adores\",\"item\":\"https:\/\/www.casadesus.net\/es\/disenadores\/\"},{\"@type\":\"ListItem\",\"position\":3,\"name\":\"Carles y Marc Ferruz\"}]},{\"@type\":\"WebSite\",\"@id\":\"https:\/\/www.casadesus.net\/es\/#website\",\"url\":\"https:\/\/www.casadesus.net\/es\/\",\"name\":\"CasaDes\u00fas - Furniture Design Barcelona\",\"description\":\"Dise\u00f1o, fabricaci\u00f3n y comercializaci\u00f3n de sof\u00e1s, sillones y m\u00e1s recientemente mobiliario en general\",\"publisher\":{\"@id\":\"https:\/\/www.casadesus.net\/es\/#organization\"},\"potentialAction\":[{\"@type\":\"SearchAction\",\"target\":{\"@type\":\"EntryPoint\",\"urlTemplate\":\"https:\/\/www.casadesus.net\/es\/?s={search_term_string}\"},\"query-input\":{\"@type\":\"PropertyValueSpecification\",\"valueRequired\":true,\"valueName\":\"search_term_string\"}}],\"inLanguage\":\"es\"},{\"@type\":\"Organization\",\"@id\":\"https:\/\/www.casadesus.net\/es\/#organization\",\"name\":\"CasaDes\u00fas - Furniture Design Barcelona\",\"url\":\"https:\/\/www.casadesus.net\/es\/\",\"logo\":{\"@type\":\"ImageObject\",\"inLanguage\":\"es\",\"@id\":\"https:\/\/www.casadesus.net\/es\/#\/schema\/logo\/image\/\",\"url\":\"https:\/\/www.casadesus.net\/wp-content\/uploads\/2024\/11\/logo_casadesus_white.jpg\",\"contentUrl\":\"https:\/\/www.casadesus.net\/wp-content\/uploads\/2024\/11\/logo_casadesus_white.jpg\",\"width\":866,\"height\":99,\"caption\":\"CasaDes\u00fas - Furniture Design Barcelona\"},\"image\":{\"@id\":\"https:\/\/www.casadesus.net\/es\/#\/schema\/logo\/image\/\"}}]}<\/script>\n<!-- \/ Yoast SEO plugin. -->","yoast_head_json":{"title":"Carles y Marc Ferruz - CasaDes\u00fas - Furniture Design Barcelona","robots":{"index":"index","follow":"follow","max-snippet":"max-snippet:-1","max-image-preview":"max-image-preview:large","max-video-preview":"max-video-preview:-1"},"canonical":"https:\/\/www.casadesus.net\/es\/disenadores\/carles-y-marc-ferruz\/","og_locale":"es_ES","og_type":"article","og_title":"Carles y Marc Ferruz - CasaDes\u00fas - Furniture Design Barcelona","og_description":"CARLES FERRUZ &#8211; FERRUZ DECORADORS Estudi\u00f3 dise\u00f1o de interiores en la Escuela Llotja de Barcelona. En 1979 cofunda Atri, empresa dedicada al dise\u00f1o de interiores y a la venta de muebles. Bajo su actual empresa Quadruple, S.A. abre en 1993 el actual estudio, all\u00ed desarrolla adem\u00e1s de proyectos completos de interiorismo y arquitectura todo un [&hellip;]","og_url":"https:\/\/www.casadesus.net\/es\/disenadores\/carles-y-marc-ferruz\/","og_site_name":"CasaDes\u00fas - Furniture Design Barcelona","og_image":[{"width":605,"height":490,"url":"https:\/\/www.casadesus.net\/wp-content\/uploads\/2025\/11\/Ferruz-N.jpg","type":"image\/jpeg"}],"twitter_card":"summary_large_image","schema":{"@context":"https:\/\/schema.org","@graph":[{"@type":"WebPage","@id":"https:\/\/www.casadesus.net\/es\/disenadores\/carles-y-marc-ferruz\/","url":"https:\/\/www.casadesus.net\/es\/disenadores\/carles-y-marc-ferruz\/","name":"Carles y Marc Ferruz - CasaDes\u00fas - Furniture Design Barcelona","isPartOf":{"@id":"https:\/\/www.casadesus.net\/es\/#website"},"primaryImageOfPage":{"@id":"https:\/\/www.casadesus.net\/es\/disenadores\/carles-y-marc-ferruz\/#primaryimage"},"image":{"@id":"https:\/\/www.casadesus.net\/es\/disenadores\/carles-y-marc-ferruz\/#primaryimage"},"thumbnailUrl":"https:\/\/www.casadesus.net\/wp-content\/uploads\/2025\/11\/Ferruz-N.jpg","datePublished":"2024-11-13T14:32:39+00:00","breadcrumb":{"@id":"https:\/\/www.casadesus.net\/es\/disenadores\/carles-y-marc-ferruz\/#breadcrumb"},"inLanguage":"es","potentialAction":[{"@type":"ReadAction","target":["https:\/\/www.casadesus.net\/es\/disenadores\/carles-y-marc-ferruz\/"]}]},{"@type":"ImageObject","inLanguage":"es","@id":"https:\/\/www.casadesus.net\/es\/disenadores\/carles-y-marc-ferruz\/#primaryimage","url":"https:\/\/www.casadesus.net\/wp-content\/uploads\/2025\/11\/Ferruz-N.jpg","contentUrl":"https:\/\/www.casadesus.net\/wp-content\/uploads\/2025\/11\/Ferruz-N.jpg","width":605,"height":490},{"@type":"BreadcrumbList","@id":"https:\/\/www.casadesus.net\/es\/disenadores\/carles-y-marc-ferruz\/#breadcrumb","itemListElement":[{"@type":"ListItem","position":1,"name":"Home","item":"https:\/\/www.casadesus.net\/es\/home\/"},{"@type":"ListItem","position":2,"name":"Dise\u00f1adores","item":"https:\/\/www.casadesus.net\/es\/disenadores\/"},{"@type":"ListItem","position":3,"name":"Carles y Marc Ferruz"}]},{"@type":"WebSite","@id":"https:\/\/www.casadesus.net\/es\/#website","url":"https:\/\/www.casadesus.net\/es\/","name":"CasaDes\u00fas - Furniture Design Barcelona","description":"Dise\u00f1o, fabricaci\u00f3n y comercializaci\u00f3n de sof\u00e1s, sillones y m\u00e1s recientemente mobiliario en general","publisher":{"@id":"https:\/\/www.casadesus.net\/es\/#organization"},"potentialAction":[{"@type":"SearchAction","target":{"@type":"EntryPoint","urlTemplate":"https:\/\/www.casadesus.net\/es\/?s={search_term_string}"},"query-input":{"@type":"PropertyValueSpecification","valueRequired":true,"valueName":"search_term_string"}}],"inLanguage":"es"},{"@type":"Organization","@id":"https:\/\/www.casadesus.net\/es\/#organization","name":"CasaDes\u00fas - Furniture Design Barcelona","url":"https:\/\/www.casadesus.net\/es\/","logo":{"@type":"ImageObject","inLanguage":"es","@id":"https:\/\/www.casadesus.net\/es\/#\/schema\/logo\/image\/","url":"https:\/\/www.casadesus.net\/wp-content\/uploads\/2024\/11\/logo_casadesus_white.jpg","contentUrl":"https:\/\/www.casadesus.net\/wp-content\/uploads\/2024\/11\/logo_casadesus_white.jpg","width":866,"height":99,"caption":"CasaDes\u00fas - Furniture Design Barcelona"},"image":{"@id":"https:\/\/www.casadesus.net\/es\/#\/schema\/logo\/image\/"}}]}},"_links":{"self":[{"href":"https:\/\/www.casadesus.net\/es\/wp-json\/wp\/v2\/pages\/7658","targetHints":{"allow":["GET"]}}],"collection":[{"href":"https:\/\/www.casadesus.net\/es\/wp-json\/wp\/v2\/pages"}],"about":[{"href":"https:\/\/www.casadesus.net\/es\/wp-json\/wp\/v2\/types\/page"}],"author":[{"embeddable":true,"href":"https:\/\/www.casadesus.net\/es\/wp-json\/wp\/v2\/users\/1"}],"replies":[{"embeddable":true,"href":"https:\/\/www.casadesus.net\/es\/wp-json\/wp\/v2\/comments?post=7658"}],"version-history":[{"count":0,"href":"https:\/\/www.casadesus.net\/es\/wp-json\/wp\/v2\/pages\/7658\/revisions"}],"up":[{"embeddable":true,"href":"https:\/\/www.casadesus.net\/es\/wp-json\/wp\/v2\/pages\/7653"}],"wp:featuredmedia":[{"embeddable":true,"href":"https:\/\/www.casadesus.net\/es\/wp-json\/wp\/v2\/media\/7657"}],"wp:attachment":[{"href":"https:\/\/www.casadesus.net\/es\/wp-json\/wp\/v2\/media?parent=7658"}],"curies":[{"name":"wp","href":"https:\/\/api.w.org\/{rel}","templated":true}]}}