{"id":7660,"date":"2024-11-30T15:33:03","date_gmt":"2024-11-30T14:33:03","guid":{"rendered":"https:\/\/www.casadesus.net\/disenadores\/david-casadesus\/"},"modified":"2026-01-26T17:46:15","modified_gmt":"2026-01-26T16:46:15","slug":"david-casadesus","status":"publish","type":"page","link":"https:\/\/www.casadesus.net\/es\/disenadores\/david-casadesus\/","title":{"rendered":"David Casades\u00fas"},"content":{"rendered":"<p>David Casadesus naci\u00f3 en 1971 en Barcelona, Espa\u00f1a, donde actualmente vive y trabaja. Se licenci\u00f3 en Ingenier\u00eda Industrial en Barcelona, tras lo cual inmediatamente dise\u00f1\u00f3 y supervis\u00f3 la construcci\u00f3n de una nueva planta de fabricaci\u00f3n que se convertir\u00eda en la sede de CYCSA-Casadesus sof\u00e1s en 1999.<\/p>\n<p>Siempre respaldado por su padre, el prestigioso Jaime Casadesus, dio sus primeros pasos en el mundo del dise\u00f1o, con colecciones como Leo, Kristy y Brando, que se convirtieron en sus primeras incursiones en el campo del mobiliario para el hogar. M\u00e1s tarde, asumi\u00f3 la Direcci\u00f3n General de la empresa Casadesus sin abandonar su faceta de dise\u00f1ador de muebles, que le apasiona, ya que sigue desarrollando la mayor\u00eda de las colecciones de la empresa.<\/p>\n<p>Los m\u00e1s recientes acaban de presentarse en 2010 en la feria H\u00e1bitat de Valencia, concretamente el sill\u00f3n Ava y la colecci\u00f3n de sof\u00e1s Menfis.<\/p>\n","protected":false},"excerpt":{"rendered":"<p>David Casadesus naci\u00f3 en 1971 en Barcelona, Espa\u00f1a, donde actualmente vive y trabaja. Se licenci\u00f3 en Ingenier\u00eda Industrial en Barcelona, tras lo cual inmediatamente dise\u00f1\u00f3 y supervis\u00f3 la construcci\u00f3n de una nueva planta de fabricaci\u00f3n que se convertir\u00eda en la sede de CYCSA-Casadesus sof\u00e1s en 1999. Siempre respaldado por su padre, el prestigioso Jaime Casadesus, [&hellip;]<\/p>\n","protected":false},"author":1,"featured_media":7659,"parent":7653,"menu_order":0,"comment_status":"closed","ping_status":"closed","template":"","meta":{"_acf_changed":false,"footnotes":""},"class_list":["post-7660","page","type-page","status-publish","has-post-thumbnail","hentry"],"acf":[],"yoast_head":"<!-- This site is optimized with the Yoast SEO plugin v26.9 - https:\/\/yoast.com\/product\/yoast-seo-wordpress\/ -->\n<title>David Casades\u00fas - CasaDes\u00fas - Furniture Design Barcelona<\/title>\n<meta name=\"robots\" content=\"index, follow, max-snippet:-1, max-image-preview:large, max-video-preview:-1\" \/>\n<link rel=\"canonical\" href=\"https:\/\/www.casadesus.net\/es\/disenadores\/david-casadesus\/\" \/>\n<meta property=\"og:locale\" content=\"es_ES\" \/>\n<meta property=\"og:type\" content=\"article\" \/>\n<meta property=\"og:title\" content=\"David Casades\u00fas - CasaDes\u00fas - Furniture Design Barcelona\" \/>\n<meta property=\"og:description\" content=\"David Casadesus naci\u00f3 en 1971 en Barcelona, Espa\u00f1a, donde actualmente vive y trabaja. Se licenci\u00f3 en Ingenier\u00eda Industrial en Barcelona, tras lo cual inmediatamente dise\u00f1\u00f3 y supervis\u00f3 la construcci\u00f3n de una nueva planta de fabricaci\u00f3n que se convertir\u00eda en la sede de CYCSA-Casadesus sof\u00e1s en 1999. Siempre respaldado por su padre, el prestigioso Jaime Casadesus, [&hellip;]\" \/>\n<meta property=\"og:url\" content=\"https:\/\/www.casadesus.net\/es\/disenadores\/david-casadesus\/\" \/>\n<meta property=\"og:site_name\" content=\"CasaDes\u00fas - Furniture Design Barcelona\" \/>\n<meta property=\"article:modified_time\" content=\"2026-01-26T16:46:15+00:00\" \/>\n<meta property=\"og:image\" content=\"https:\/\/www.casadesus.net\/wp-content\/uploads\/2025\/11\/DCasadesus-N.jpg\" \/>\n\t<meta property=\"og:image:width\" content=\"605\" \/>\n\t<meta property=\"og:image:height\" content=\"490\" \/>\n\t<meta property=\"og:image:type\" content=\"image\/jpeg\" \/>\n<meta name=\"twitter:card\" content=\"summary_large_image\" \/>\n<script type=\"application\/ld+json\" class=\"yoast-schema-graph\">{\"@context\":\"https:\/\/schema.org\",\"@graph\":[{\"@type\":\"WebPage\",\"@id\":\"https:\/\/www.casadesus.net\/es\/disenadores\/david-casadesus\/\",\"url\":\"https:\/\/www.casadesus.net\/es\/disenadores\/david-casadesus\/\",\"name\":\"David Casades\u00fas - CasaDes\u00fas - Furniture Design Barcelona\",\"isPartOf\":{\"@id\":\"https:\/\/www.casadesus.net\/es\/#website\"},\"primaryImageOfPage\":{\"@id\":\"https:\/\/www.casadesus.net\/es\/disenadores\/david-casadesus\/#primaryimage\"},\"image\":{\"@id\":\"https:\/\/www.casadesus.net\/es\/disenadores\/david-casadesus\/#primaryimage\"},\"thumbnailUrl\":\"https:\/\/www.casadesus.net\/wp-content\/uploads\/2025\/11\/DCasadesus-N.jpg\",\"datePublished\":\"2024-11-30T14:33:03+00:00\",\"dateModified\":\"2026-01-26T16:46:15+00:00\",\"breadcrumb\":{\"@id\":\"https:\/\/www.casadesus.net\/es\/disenadores\/david-casadesus\/#breadcrumb\"},\"inLanguage\":\"es\",\"potentialAction\":[{\"@type\":\"ReadAction\",\"target\":[\"https:\/\/www.casadesus.net\/es\/disenadores\/david-casadesus\/\"]}]},{\"@type\":\"ImageObject\",\"inLanguage\":\"es\",\"@id\":\"https:\/\/www.casadesus.net\/es\/disenadores\/david-casadesus\/#primaryimage\",\"url\":\"https:\/\/www.casadesus.net\/wp-content\/uploads\/2025\/11\/DCasadesus-N.jpg\",\"contentUrl\":\"https:\/\/www.casadesus.net\/wp-content\/uploads\/2025\/11\/DCasadesus-N.jpg\",\"width\":605,\"height\":490},{\"@type\":\"BreadcrumbList\",\"@id\":\"https:\/\/www.casadesus.net\/es\/disenadores\/david-casadesus\/#breadcrumb\",\"itemListElement\":[{\"@type\":\"ListItem\",\"position\":1,\"name\":\"Home\",\"item\":\"https:\/\/www.casadesus.net\/es\/home\/\"},{\"@type\":\"ListItem\",\"position\":2,\"name\":\"Dise\u00f1adores\",\"item\":\"https:\/\/www.casadesus.net\/es\/disenadores\/\"},{\"@type\":\"ListItem\",\"position\":3,\"name\":\"David Casades\u00fas\"}]},{\"@type\":\"WebSite\",\"@id\":\"https:\/\/www.casadesus.net\/es\/#website\",\"url\":\"https:\/\/www.casadesus.net\/es\/\",\"name\":\"CasaDes\u00fas - Furniture Design Barcelona\",\"description\":\"Dise\u00f1o, fabricaci\u00f3n y comercializaci\u00f3n de sof\u00e1s, sillones y m\u00e1s recientemente mobiliario en general\",\"publisher\":{\"@id\":\"https:\/\/www.casadesus.net\/es\/#organization\"},\"potentialAction\":[{\"@type\":\"SearchAction\",\"target\":{\"@type\":\"EntryPoint\",\"urlTemplate\":\"https:\/\/www.casadesus.net\/es\/?s={search_term_string}\"},\"query-input\":{\"@type\":\"PropertyValueSpecification\",\"valueRequired\":true,\"valueName\":\"search_term_string\"}}],\"inLanguage\":\"es\"},{\"@type\":\"Organization\",\"@id\":\"https:\/\/www.casadesus.net\/es\/#organization\",\"name\":\"CasaDes\u00fas - Furniture Design Barcelona\",\"url\":\"https:\/\/www.casadesus.net\/es\/\",\"logo\":{\"@type\":\"ImageObject\",\"inLanguage\":\"es\",\"@id\":\"https:\/\/www.casadesus.net\/es\/#\/schema\/logo\/image\/\",\"url\":\"https:\/\/www.casadesus.net\/wp-content\/uploads\/2024\/11\/logo_casadesus_white.jpg\",\"contentUrl\":\"https:\/\/www.casadesus.net\/wp-content\/uploads\/2024\/11\/logo_casadesus_white.jpg\",\"width\":866,\"height\":99,\"caption\":\"CasaDes\u00fas - Furniture Design Barcelona\"},\"image\":{\"@id\":\"https:\/\/www.casadesus.net\/es\/#\/schema\/logo\/image\/\"}}]}<\/script>\n<!-- \/ Yoast SEO plugin. -->","yoast_head_json":{"title":"David Casades\u00fas - CasaDes\u00fas - Furniture Design Barcelona","robots":{"index":"index","follow":"follow","max-snippet":"max-snippet:-1","max-image-preview":"max-image-preview:large","max-video-preview":"max-video-preview:-1"},"canonical":"https:\/\/www.casadesus.net\/es\/disenadores\/david-casadesus\/","og_locale":"es_ES","og_type":"article","og_title":"David Casades\u00fas - CasaDes\u00fas - Furniture Design Barcelona","og_description":"David Casadesus naci\u00f3 en 1971 en Barcelona, Espa\u00f1a, donde actualmente vive y trabaja. Se licenci\u00f3 en Ingenier\u00eda Industrial en Barcelona, tras lo cual inmediatamente dise\u00f1\u00f3 y supervis\u00f3 la construcci\u00f3n de una nueva planta de fabricaci\u00f3n que se convertir\u00eda en la sede de CYCSA-Casadesus sof\u00e1s en 1999. Siempre respaldado por su padre, el prestigioso Jaime Casadesus, [&hellip;]","og_url":"https:\/\/www.casadesus.net\/es\/disenadores\/david-casadesus\/","og_site_name":"CasaDes\u00fas - Furniture Design Barcelona","article_modified_time":"2026-01-26T16:46:15+00:00","og_image":[{"width":605,"height":490,"url":"https:\/\/www.casadesus.net\/wp-content\/uploads\/2025\/11\/DCasadesus-N.jpg","type":"image\/jpeg"}],"twitter_card":"summary_large_image","schema":{"@context":"https:\/\/schema.org","@graph":[{"@type":"WebPage","@id":"https:\/\/www.casadesus.net\/es\/disenadores\/david-casadesus\/","url":"https:\/\/www.casadesus.net\/es\/disenadores\/david-casadesus\/","name":"David Casades\u00fas - CasaDes\u00fas - Furniture Design Barcelona","isPartOf":{"@id":"https:\/\/www.casadesus.net\/es\/#website"},"primaryImageOfPage":{"@id":"https:\/\/www.casadesus.net\/es\/disenadores\/david-casadesus\/#primaryimage"},"image":{"@id":"https:\/\/www.casadesus.net\/es\/disenadores\/david-casadesus\/#primaryimage"},"thumbnailUrl":"https:\/\/www.casadesus.net\/wp-content\/uploads\/2025\/11\/DCasadesus-N.jpg","datePublished":"2024-11-30T14:33:03+00:00","dateModified":"2026-01-26T16:46:15+00:00","breadcrumb":{"@id":"https:\/\/www.casadesus.net\/es\/disenadores\/david-casadesus\/#breadcrumb"},"inLanguage":"es","potentialAction":[{"@type":"ReadAction","target":["https:\/\/www.casadesus.net\/es\/disenadores\/david-casadesus\/"]}]},{"@type":"ImageObject","inLanguage":"es","@id":"https:\/\/www.casadesus.net\/es\/disenadores\/david-casadesus\/#primaryimage","url":"https:\/\/www.casadesus.net\/wp-content\/uploads\/2025\/11\/DCasadesus-N.jpg","contentUrl":"https:\/\/www.casadesus.net\/wp-content\/uploads\/2025\/11\/DCasadesus-N.jpg","width":605,"height":490},{"@type":"BreadcrumbList","@id":"https:\/\/www.casadesus.net\/es\/disenadores\/david-casadesus\/#breadcrumb","itemListElement":[{"@type":"ListItem","position":1,"name":"Home","item":"https:\/\/www.casadesus.net\/es\/home\/"},{"@type":"ListItem","position":2,"name":"Dise\u00f1adores","item":"https:\/\/www.casadesus.net\/es\/disenadores\/"},{"@type":"ListItem","position":3,"name":"David Casades\u00fas"}]},{"@type":"WebSite","@id":"https:\/\/www.casadesus.net\/es\/#website","url":"https:\/\/www.casadesus.net\/es\/","name":"CasaDes\u00fas - Furniture Design Barcelona","description":"Dise\u00f1o, fabricaci\u00f3n y comercializaci\u00f3n de sof\u00e1s, sillones y m\u00e1s recientemente mobiliario en general","publisher":{"@id":"https:\/\/www.casadesus.net\/es\/#organization"},"potentialAction":[{"@type":"SearchAction","target":{"@type":"EntryPoint","urlTemplate":"https:\/\/www.casadesus.net\/es\/?s={search_term_string}"},"query-input":{"@type":"PropertyValueSpecification","valueRequired":true,"valueName":"search_term_string"}}],"inLanguage":"es"},{"@type":"Organization","@id":"https:\/\/www.casadesus.net\/es\/#organization","name":"CasaDes\u00fas - Furniture Design Barcelona","url":"https:\/\/www.casadesus.net\/es\/","logo":{"@type":"ImageObject","inLanguage":"es","@id":"https:\/\/www.casadesus.net\/es\/#\/schema\/logo\/image\/","url":"https:\/\/www.casadesus.net\/wp-content\/uploads\/2024\/11\/logo_casadesus_white.jpg","contentUrl":"https:\/\/www.casadesus.net\/wp-content\/uploads\/2024\/11\/logo_casadesus_white.jpg","width":866,"height":99,"caption":"CasaDes\u00fas - Furniture Design Barcelona"},"image":{"@id":"https:\/\/www.casadesus.net\/es\/#\/schema\/logo\/image\/"}}]}},"_links":{"self":[{"href":"https:\/\/www.casadesus.net\/es\/wp-json\/wp\/v2\/pages\/7660","targetHints":{"allow":["GET"]}}],"collection":[{"href":"https:\/\/www.casadesus.net\/es\/wp-json\/wp\/v2\/pages"}],"about":[{"href":"https:\/\/www.casadesus.net\/es\/wp-json\/wp\/v2\/types\/page"}],"author":[{"embeddable":true,"href":"https:\/\/www.casadesus.net\/es\/wp-json\/wp\/v2\/users\/1"}],"replies":[{"embeddable":true,"href":"https:\/\/www.casadesus.net\/es\/wp-json\/wp\/v2\/comments?post=7660"}],"version-history":[{"count":1,"href":"https:\/\/www.casadesus.net\/es\/wp-json\/wp\/v2\/pages\/7660\/revisions"}],"predecessor-version":[{"id":7666,"href":"https:\/\/www.casadesus.net\/es\/wp-json\/wp\/v2\/pages\/7660\/revisions\/7666"}],"up":[{"embeddable":true,"href":"https:\/\/www.casadesus.net\/es\/wp-json\/wp\/v2\/pages\/7653"}],"wp:featuredmedia":[{"embeddable":true,"href":"https:\/\/www.casadesus.net\/es\/wp-json\/wp\/v2\/media\/7659"}],"wp:attachment":[{"href":"https:\/\/www.casadesus.net\/es\/wp-json\/wp\/v2\/media?parent=7660"}],"curies":[{"name":"wp","href":"https:\/\/api.w.org\/{rel}","templated":true}]}}