{"id":7662,"date":"2025-12-20T15:33:27","date_gmt":"2025-12-20T14:33:27","guid":{"rendered":"https:\/\/www.casadesus.net\/disenadores\/jaime-casadesus\/"},"modified":"2025-12-20T15:33:27","modified_gmt":"2025-12-20T14:33:27","slug":"jaime-casadesus","status":"publish","type":"page","link":"https:\/\/www.casadesus.net\/es\/disenadores\/jaime-casadesus\/","title":{"rendered":"Jaime Casades\u00fas"},"content":{"rendered":"<p>Jaime Casades\u00fas Cabrero naci\u00f3 el 10 de junio de 1936 en Barcelona, Espa\u00f1a.<\/p>\n<p>Estudi\u00f3 mec\u00e1nica en la Escuela Industrial de Barcelona, y durante bastantes a\u00f1os trabaj\u00f3 en la industria del autom\u00f3vil. Sus primeros pasos en el campo del dise\u00f1o de mobiliario industrial se remontan a Guilleumas S.A., donde dise\u00f1\u00f3 y desarroll\u00f3 una gran cantidad de art\u00edculos de madera maciza, tanto para el hogar como para contract. En 1973 fund\u00f3 su propia empresa, CasaDes\u00fas, a la que dedic\u00f3 el 100% de sus esfuerzos a lo largo de los a\u00f1os, como director general y como artista de talento. Junto con sus socios, en 1977 cre\u00f3 Aderb Gual, una f\u00e1brica de muebles que produce sof\u00e1s, sillas, aparadores, camas y colecciones de salones, por mencionar s\u00f3lo algunos art\u00edculos. Sus dise\u00f1os se han expuesto en prestigiosas ferias de todo el mundo, como ICFF Nueva York, Cosmit Mil\u00e1n, Imm Colonia, FIM Valencia o Par\u00eds.<\/p>\n","protected":false},"excerpt":{"rendered":"<p>Jaime Casades\u00fas Cabrero naci\u00f3 el 10 de junio de 1936 en Barcelona, Espa\u00f1a. Estudi\u00f3 mec\u00e1nica en la Escuela Industrial de Barcelona, y durante bastantes a\u00f1os trabaj\u00f3 en la industria del autom\u00f3vil. Sus primeros pasos en el campo del dise\u00f1o de mobiliario industrial se remontan a Guilleumas S.A., donde dise\u00f1\u00f3 y desarroll\u00f3 una gran cantidad de [&hellip;]<\/p>\n","protected":false},"author":1,"featured_media":7661,"parent":7653,"menu_order":0,"comment_status":"closed","ping_status":"closed","template":"","meta":{"_acf_changed":false,"footnotes":""},"class_list":["post-7662","page","type-page","status-publish","has-post-thumbnail","hentry"],"acf":[],"yoast_head":"<!-- This site is optimized with the Yoast SEO plugin v26.9 - https:\/\/yoast.com\/product\/yoast-seo-wordpress\/ -->\n<title>Jaime Casades\u00fas - CasaDes\u00fas - Furniture Design Barcelona<\/title>\n<meta name=\"robots\" content=\"index, follow, max-snippet:-1, max-image-preview:large, max-video-preview:-1\" \/>\n<link rel=\"canonical\" href=\"https:\/\/www.casadesus.net\/es\/disenadores\/jaime-casadesus\/\" \/>\n<meta property=\"og:locale\" content=\"es_ES\" \/>\n<meta property=\"og:type\" content=\"article\" \/>\n<meta property=\"og:title\" content=\"Jaime Casades\u00fas - CasaDes\u00fas - Furniture Design Barcelona\" \/>\n<meta property=\"og:description\" content=\"Jaime Casades\u00fas Cabrero naci\u00f3 el 10 de junio de 1936 en Barcelona, Espa\u00f1a. Estudi\u00f3 mec\u00e1nica en la Escuela Industrial de Barcelona, y durante bastantes a\u00f1os trabaj\u00f3 en la industria del autom\u00f3vil. Sus primeros pasos en el campo del dise\u00f1o de mobiliario industrial se remontan a Guilleumas S.A., donde dise\u00f1\u00f3 y desarroll\u00f3 una gran cantidad de [&hellip;]\" \/>\n<meta property=\"og:url\" content=\"https:\/\/www.casadesus.net\/es\/disenadores\/jaime-casadesus\/\" \/>\n<meta property=\"og:site_name\" content=\"CasaDes\u00fas - Furniture Design Barcelona\" \/>\n<meta property=\"og:image\" content=\"https:\/\/www.casadesus.net\/wp-content\/uploads\/2025\/11\/jcasadesus-n3.jpg\" \/>\n\t<meta property=\"og:image:width\" content=\"605\" \/>\n\t<meta property=\"og:image:height\" content=\"490\" \/>\n\t<meta property=\"og:image:type\" content=\"image\/jpeg\" \/>\n<meta name=\"twitter:card\" content=\"summary_large_image\" \/>\n<script type=\"application\/ld+json\" class=\"yoast-schema-graph\">{\"@context\":\"https:\/\/schema.org\",\"@graph\":[{\"@type\":\"WebPage\",\"@id\":\"https:\/\/www.casadesus.net\/es\/disenadores\/jaime-casadesus\/\",\"url\":\"https:\/\/www.casadesus.net\/es\/disenadores\/jaime-casadesus\/\",\"name\":\"Jaime Casades\u00fas - CasaDes\u00fas - Furniture Design Barcelona\",\"isPartOf\":{\"@id\":\"https:\/\/www.casadesus.net\/es\/#website\"},\"primaryImageOfPage\":{\"@id\":\"https:\/\/www.casadesus.net\/es\/disenadores\/jaime-casadesus\/#primaryimage\"},\"image\":{\"@id\":\"https:\/\/www.casadesus.net\/es\/disenadores\/jaime-casadesus\/#primaryimage\"},\"thumbnailUrl\":\"https:\/\/www.casadesus.net\/wp-content\/uploads\/2025\/11\/jcasadesus-n3.jpg\",\"datePublished\":\"2025-12-20T14:33:27+00:00\",\"breadcrumb\":{\"@id\":\"https:\/\/www.casadesus.net\/es\/disenadores\/jaime-casadesus\/#breadcrumb\"},\"inLanguage\":\"es\",\"potentialAction\":[{\"@type\":\"ReadAction\",\"target\":[\"https:\/\/www.casadesus.net\/es\/disenadores\/jaime-casadesus\/\"]}]},{\"@type\":\"ImageObject\",\"inLanguage\":\"es\",\"@id\":\"https:\/\/www.casadesus.net\/es\/disenadores\/jaime-casadesus\/#primaryimage\",\"url\":\"https:\/\/www.casadesus.net\/wp-content\/uploads\/2025\/11\/jcasadesus-n3.jpg\",\"contentUrl\":\"https:\/\/www.casadesus.net\/wp-content\/uploads\/2025\/11\/jcasadesus-n3.jpg\",\"width\":605,\"height\":490},{\"@type\":\"BreadcrumbList\",\"@id\":\"https:\/\/www.casadesus.net\/es\/disenadores\/jaime-casadesus\/#breadcrumb\",\"itemListElement\":[{\"@type\":\"ListItem\",\"position\":1,\"name\":\"Home\",\"item\":\"https:\/\/www.casadesus.net\/es\/home\/\"},{\"@type\":\"ListItem\",\"position\":2,\"name\":\"Dise\u00f1adores\",\"item\":\"https:\/\/www.casadesus.net\/es\/disenadores\/\"},{\"@type\":\"ListItem\",\"position\":3,\"name\":\"Jaime Casades\u00fas\"}]},{\"@type\":\"WebSite\",\"@id\":\"https:\/\/www.casadesus.net\/es\/#website\",\"url\":\"https:\/\/www.casadesus.net\/es\/\",\"name\":\"CasaDes\u00fas - Furniture Design Barcelona\",\"description\":\"Dise\u00f1o, fabricaci\u00f3n y comercializaci\u00f3n de sof\u00e1s, sillones y m\u00e1s recientemente mobiliario en general\",\"publisher\":{\"@id\":\"https:\/\/www.casadesus.net\/es\/#organization\"},\"potentialAction\":[{\"@type\":\"SearchAction\",\"target\":{\"@type\":\"EntryPoint\",\"urlTemplate\":\"https:\/\/www.casadesus.net\/es\/?s={search_term_string}\"},\"query-input\":{\"@type\":\"PropertyValueSpecification\",\"valueRequired\":true,\"valueName\":\"search_term_string\"}}],\"inLanguage\":\"es\"},{\"@type\":\"Organization\",\"@id\":\"https:\/\/www.casadesus.net\/es\/#organization\",\"name\":\"CasaDes\u00fas - Furniture Design Barcelona\",\"url\":\"https:\/\/www.casadesus.net\/es\/\",\"logo\":{\"@type\":\"ImageObject\",\"inLanguage\":\"es\",\"@id\":\"https:\/\/www.casadesus.net\/es\/#\/schema\/logo\/image\/\",\"url\":\"https:\/\/www.casadesus.net\/wp-content\/uploads\/2024\/11\/logo_casadesus_white.jpg\",\"contentUrl\":\"https:\/\/www.casadesus.net\/wp-content\/uploads\/2024\/11\/logo_casadesus_white.jpg\",\"width\":866,\"height\":99,\"caption\":\"CasaDes\u00fas - Furniture Design Barcelona\"},\"image\":{\"@id\":\"https:\/\/www.casadesus.net\/es\/#\/schema\/logo\/image\/\"}}]}<\/script>\n<!-- \/ Yoast SEO plugin. -->","yoast_head_json":{"title":"Jaime Casades\u00fas - CasaDes\u00fas - Furniture Design Barcelona","robots":{"index":"index","follow":"follow","max-snippet":"max-snippet:-1","max-image-preview":"max-image-preview:large","max-video-preview":"max-video-preview:-1"},"canonical":"https:\/\/www.casadesus.net\/es\/disenadores\/jaime-casadesus\/","og_locale":"es_ES","og_type":"article","og_title":"Jaime Casades\u00fas - CasaDes\u00fas - Furniture Design Barcelona","og_description":"Jaime Casades\u00fas Cabrero naci\u00f3 el 10 de junio de 1936 en Barcelona, Espa\u00f1a. Estudi\u00f3 mec\u00e1nica en la Escuela Industrial de Barcelona, y durante bastantes a\u00f1os trabaj\u00f3 en la industria del autom\u00f3vil. Sus primeros pasos en el campo del dise\u00f1o de mobiliario industrial se remontan a Guilleumas S.A., donde dise\u00f1\u00f3 y desarroll\u00f3 una gran cantidad de [&hellip;]","og_url":"https:\/\/www.casadesus.net\/es\/disenadores\/jaime-casadesus\/","og_site_name":"CasaDes\u00fas - Furniture Design Barcelona","og_image":[{"width":605,"height":490,"url":"https:\/\/www.casadesus.net\/wp-content\/uploads\/2025\/11\/jcasadesus-n3.jpg","type":"image\/jpeg"}],"twitter_card":"summary_large_image","schema":{"@context":"https:\/\/schema.org","@graph":[{"@type":"WebPage","@id":"https:\/\/www.casadesus.net\/es\/disenadores\/jaime-casadesus\/","url":"https:\/\/www.casadesus.net\/es\/disenadores\/jaime-casadesus\/","name":"Jaime Casades\u00fas - CasaDes\u00fas - Furniture Design Barcelona","isPartOf":{"@id":"https:\/\/www.casadesus.net\/es\/#website"},"primaryImageOfPage":{"@id":"https:\/\/www.casadesus.net\/es\/disenadores\/jaime-casadesus\/#primaryimage"},"image":{"@id":"https:\/\/www.casadesus.net\/es\/disenadores\/jaime-casadesus\/#primaryimage"},"thumbnailUrl":"https:\/\/www.casadesus.net\/wp-content\/uploads\/2025\/11\/jcasadesus-n3.jpg","datePublished":"2025-12-20T14:33:27+00:00","breadcrumb":{"@id":"https:\/\/www.casadesus.net\/es\/disenadores\/jaime-casadesus\/#breadcrumb"},"inLanguage":"es","potentialAction":[{"@type":"ReadAction","target":["https:\/\/www.casadesus.net\/es\/disenadores\/jaime-casadesus\/"]}]},{"@type":"ImageObject","inLanguage":"es","@id":"https:\/\/www.casadesus.net\/es\/disenadores\/jaime-casadesus\/#primaryimage","url":"https:\/\/www.casadesus.net\/wp-content\/uploads\/2025\/11\/jcasadesus-n3.jpg","contentUrl":"https:\/\/www.casadesus.net\/wp-content\/uploads\/2025\/11\/jcasadesus-n3.jpg","width":605,"height":490},{"@type":"BreadcrumbList","@id":"https:\/\/www.casadesus.net\/es\/disenadores\/jaime-casadesus\/#breadcrumb","itemListElement":[{"@type":"ListItem","position":1,"name":"Home","item":"https:\/\/www.casadesus.net\/es\/home\/"},{"@type":"ListItem","position":2,"name":"Dise\u00f1adores","item":"https:\/\/www.casadesus.net\/es\/disenadores\/"},{"@type":"ListItem","position":3,"name":"Jaime Casades\u00fas"}]},{"@type":"WebSite","@id":"https:\/\/www.casadesus.net\/es\/#website","url":"https:\/\/www.casadesus.net\/es\/","name":"CasaDes\u00fas - Furniture Design Barcelona","description":"Dise\u00f1o, fabricaci\u00f3n y comercializaci\u00f3n de sof\u00e1s, sillones y m\u00e1s recientemente mobiliario en general","publisher":{"@id":"https:\/\/www.casadesus.net\/es\/#organization"},"potentialAction":[{"@type":"SearchAction","target":{"@type":"EntryPoint","urlTemplate":"https:\/\/www.casadesus.net\/es\/?s={search_term_string}"},"query-input":{"@type":"PropertyValueSpecification","valueRequired":true,"valueName":"search_term_string"}}],"inLanguage":"es"},{"@type":"Organization","@id":"https:\/\/www.casadesus.net\/es\/#organization","name":"CasaDes\u00fas - Furniture Design Barcelona","url":"https:\/\/www.casadesus.net\/es\/","logo":{"@type":"ImageObject","inLanguage":"es","@id":"https:\/\/www.casadesus.net\/es\/#\/schema\/logo\/image\/","url":"https:\/\/www.casadesus.net\/wp-content\/uploads\/2024\/11\/logo_casadesus_white.jpg","contentUrl":"https:\/\/www.casadesus.net\/wp-content\/uploads\/2024\/11\/logo_casadesus_white.jpg","width":866,"height":99,"caption":"CasaDes\u00fas - Furniture Design Barcelona"},"image":{"@id":"https:\/\/www.casadesus.net\/es\/#\/schema\/logo\/image\/"}}]}},"_links":{"self":[{"href":"https:\/\/www.casadesus.net\/es\/wp-json\/wp\/v2\/pages\/7662","targetHints":{"allow":["GET"]}}],"collection":[{"href":"https:\/\/www.casadesus.net\/es\/wp-json\/wp\/v2\/pages"}],"about":[{"href":"https:\/\/www.casadesus.net\/es\/wp-json\/wp\/v2\/types\/page"}],"author":[{"embeddable":true,"href":"https:\/\/www.casadesus.net\/es\/wp-json\/wp\/v2\/users\/1"}],"replies":[{"embeddable":true,"href":"https:\/\/www.casadesus.net\/es\/wp-json\/wp\/v2\/comments?post=7662"}],"version-history":[{"count":0,"href":"https:\/\/www.casadesus.net\/es\/wp-json\/wp\/v2\/pages\/7662\/revisions"}],"up":[{"embeddable":true,"href":"https:\/\/www.casadesus.net\/es\/wp-json\/wp\/v2\/pages\/7653"}],"wp:featuredmedia":[{"embeddable":true,"href":"https:\/\/www.casadesus.net\/es\/wp-json\/wp\/v2\/media\/7661"}],"wp:attachment":[{"href":"https:\/\/www.casadesus.net\/es\/wp-json\/wp\/v2\/media?parent=7662"}],"curies":[{"name":"wp","href":"https:\/\/api.w.org\/{rel}","templated":true}]}}