{"id":7694,"date":"2025-04-03T18:53:04","date_gmt":"2025-04-03T16:53:04","guid":{"rendered":"https:\/\/www.casadesus.net\/proyectos-y-ferias\/"},"modified":"2026-01-26T18:07:24","modified_gmt":"2026-01-26T17:07:24","slug":"proyectos-y-ferias","status":"publish","type":"page","link":"https:\/\/www.casadesus.net\/es\/proyectos-y-ferias\/","title":{"rendered":"Proyectos y ferias"},"content":{"rendered":"\t\t<div data-elementor-type=\"wp-page\" data-elementor-id=\"7694\" class=\"elementor elementor-7694 elementor-2936\" data-elementor-post-type=\"page\">\n\t\t\t\t<div class=\"elementor-element elementor-element-e3e3f53 prod-tabs e-flex e-con-boxed e-con e-parent\" data-id=\"e3e3f53\" data-element_type=\"container\">\n\t\t\t\t\t<div class=\"e-con-inner\">\n\t\t\t\t<div class=\"elementor-element elementor-element-b018bed e-n-tabs-mobile elementor-widget elementor-widget-n-tabs\" data-id=\"b018bed\" data-element_type=\"widget\" data-settings=\"{&quot;tabs_justify_horizontal&quot;:&quot;center&quot;,&quot;tabs_justify_horizontal_mobile&quot;:&quot;start&quot;,&quot;horizontal_scroll_mobile&quot;:&quot;disable&quot;,&quot;horizontal_scroll&quot;:&quot;disable&quot;}\" data-widget_type=\"nested-tabs.default\">\n\t\t\t\t<div class=\"elementor-widget-container\">\n\t\t\t\t\t\t\t<div class=\"e-n-tabs\" data-widget-number=\"184650733\" aria-label=\"Pesta\u00f1as. Abre elementos con Intro o Espacio, ci\u00e9rralos con Escape y navega con las fechas.\">\n\t\t\t<div class=\"e-n-tabs-heading\" role=\"tablist\">\n\t\t\t\t\t<button id=\"e-n-tab-title-1846507331\" data-tab-title-id=\"e-n-tab-title-1846507331\" class=\"e-n-tab-title\" aria-selected=\"true\" data-tab-index=\"1\" role=\"tab\" tabindex=\"0\" aria-controls=\"e-n-tab-content-1846507331\" style=\"--n-tabs-title-order: 1;\">\n\t\t\t\t\t<span class=\"e-n-tab-icon\">\n\t\t\t<svg xmlns=\"http:\/\/www.w3.org\/2000\/svg\" xmlns:xlink=\"http:\/\/www.w3.org\/1999\/xlink\" id=\"Layer_1\" xml:space=\"preserve\" viewBox=\"19.9 22.6 60.5 60.5\"><polygon fill=\"#010101\" points=\"80.2,51.6 51.4,51.6 51.4,22.6 48.9,22.6 48.9,51.6 19.9,51.6 19.9,54.1 48.9,54.1 48.9,83.1   51.4,83.1 51.4,54.1 80.4,54.1 80.4,51.6 \"><\/polygon><\/svg>\t\t\t<svg xmlns=\"http:\/\/www.w3.org\/2000\/svg\" viewBox=\"36 124 184 8\"><rect fill=\"none\" height=\"256\" width=\"256\"><\/rect><line fill=\"none\" stroke=\"#000\" stroke-linecap=\"round\" stroke-linejoin=\"round\" stroke-width=\"8\" x1=\"40\" x2=\"216\" y1=\"128\" y2=\"128\"><\/line><\/svg>\t\t<\/span>\n\t\t\t\t\t<span class=\"e-n-tab-title-text\">\n\t\t\t\tResidencial\t\t\t<\/span>\n\t\t<\/button>\n\t\t\t\t<button id=\"e-n-tab-title-1846507332\" data-tab-title-id=\"e-n-tab-title-1846507332\" class=\"e-n-tab-title\" aria-selected=\"false\" data-tab-index=\"2\" role=\"tab\" tabindex=\"-1\" aria-controls=\"e-n-tab-content-1846507332\" style=\"--n-tabs-title-order: 2;\">\n\t\t\t\t\t<span class=\"e-n-tab-icon\">\n\t\t\t<svg xmlns=\"http:\/\/www.w3.org\/2000\/svg\" xmlns:xlink=\"http:\/\/www.w3.org\/1999\/xlink\" id=\"Layer_1\" xml:space=\"preserve\" viewBox=\"19.9 22.6 60.5 60.5\"><polygon fill=\"#010101\" points=\"80.2,51.6 51.4,51.6 51.4,22.6 48.9,22.6 48.9,51.6 19.9,51.6 19.9,54.1 48.9,54.1 48.9,83.1   51.4,83.1 51.4,54.1 80.4,54.1 80.4,51.6 \"><\/polygon><\/svg>\t\t\t<svg xmlns=\"http:\/\/www.w3.org\/2000\/svg\" viewBox=\"36 124 184 8\"><rect fill=\"none\" height=\"256\" width=\"256\"><\/rect><line fill=\"none\" stroke=\"#000\" stroke-linecap=\"round\" stroke-linejoin=\"round\" stroke-width=\"8\" x1=\"40\" x2=\"216\" y1=\"128\" y2=\"128\"><\/line><\/svg>\t\t<\/span>\n\t\t\t\t\t<span class=\"e-n-tab-title-text\">\n\t\t\t\tContrato\t\t\t<\/span>\n\t\t<\/button>\n\t\t\t\t<button id=\"e-n-tab-title-1846507333\" data-tab-title-id=\"e-n-tab-title-1846507333\" class=\"e-n-tab-title\" aria-selected=\"false\" data-tab-index=\"3\" role=\"tab\" tabindex=\"-1\" aria-controls=\"e-n-tab-content-1846507333\" style=\"--n-tabs-title-order: 3;\">\n\t\t\t\t\t<span class=\"e-n-tab-icon\">\n\t\t\t<svg xmlns=\"http:\/\/www.w3.org\/2000\/svg\" xmlns:xlink=\"http:\/\/www.w3.org\/1999\/xlink\" id=\"Layer_1\" xml:space=\"preserve\" viewBox=\"19.9 22.6 60.5 60.5\"><polygon fill=\"#010101\" points=\"80.2,51.6 51.4,51.6 51.4,22.6 48.9,22.6 48.9,51.6 19.9,51.6 19.9,54.1 48.9,54.1 48.9,83.1   51.4,83.1 51.4,54.1 80.4,54.1 80.4,51.6 \"><\/polygon><\/svg>\t\t\t<svg xmlns=\"http:\/\/www.w3.org\/2000\/svg\" viewBox=\"36 124 184 8\"><rect fill=\"none\" height=\"256\" width=\"256\"><\/rect><line fill=\"none\" stroke=\"#000\" stroke-linecap=\"round\" stroke-linejoin=\"round\" stroke-width=\"8\" x1=\"40\" x2=\"216\" y1=\"128\" y2=\"128\"><\/line><\/svg>\t\t<\/span>\n\t\t\t\t\t<span class=\"e-n-tab-title-text\">\n\t\t\t\tFerias\t\t\t<\/span>\n\t\t<\/button>\n\t\t\t\t\t<\/div>\n\t\t\t<div class=\"e-n-tabs-content\">\n\t\t\t\t<div id=\"e-n-tab-content-1846507331\" role=\"tabpanel\" aria-labelledby=\"e-n-tab-title-1846507331\" data-tab-index=\"1\" style=\"--n-tabs-title-order: 1;\" class=\"e-active elementor-element elementor-element-6e71307 e-con-full e-flex e-con e-child\" data-id=\"6e71307\" data-element_type=\"container\">\n\t\t\t\t<\/div>\n\t\t<div id=\"e-n-tab-content-1846507332\" role=\"tabpanel\" aria-labelledby=\"e-n-tab-title-1846507332\" data-tab-index=\"2\" style=\"--n-tabs-title-order: 2;\" class=\" elementor-element elementor-element-3432ce0 e-con-full e-flex e-con e-child\" data-id=\"3432ce0\" data-element_type=\"container\">\n\t\t\t\t<\/div>\n\t\t<div id=\"e-n-tab-content-1846507333\" role=\"tabpanel\" aria-labelledby=\"e-n-tab-title-1846507333\" data-tab-index=\"3\" style=\"--n-tabs-title-order: 3;\" class=\" elementor-element elementor-element-82a5fbf e-con-full e-flex e-con e-child\" data-id=\"82a5fbf\" data-element_type=\"container\">\n\t\t\t\t<\/div>\n\t\t\t\t\t<\/div>\n\t\t<\/div>\n\t\t\t\t\t\t<\/div>\n\t\t\t\t<\/div>\n\t\t\t\t\t<\/div>\n\t\t\t\t<\/div>\n\t\t\t\t<\/div>\n\t\t","protected":false},"excerpt":{"rendered":"<p>Residencial Contrato Ferias Marlow Sofa | UK Shelby Sofa | Spain Shelby Sofa | Spain Syrma Armchair | Spain Shelby Class Sofa | EEUU Marlow Sofa | Spain Marlow Sofa | UK Marlow Sofa | Spain Marlow Sofa | Spain Marlow Sofa | Australia Dali Bed | Australia Flavio Sofa | South Africa Flavio Sofa [&hellip;]<\/p>\n","protected":false},"author":1,"featured_media":0,"parent":0,"menu_order":0,"comment_status":"closed","ping_status":"closed","template":"","meta":{"_acf_changed":false,"footnotes":""},"class_list":["post-7694","page","type-page","status-publish","hentry"],"acf":[],"yoast_head":"<!-- This site is optimized with the Yoast SEO plugin v26.9 - https:\/\/yoast.com\/product\/yoast-seo-wordpress\/ -->\n<title>Proyectos y ferias - CasaDes\u00fas - Furniture Design Barcelona<\/title>\n<meta name=\"robots\" content=\"index, follow, max-snippet:-1, max-image-preview:large, max-video-preview:-1\" \/>\n<link rel=\"canonical\" href=\"https:\/\/www.casadesus.net\/es\/proyectos-y-ferias\/\" \/>\n<meta property=\"og:locale\" content=\"es_ES\" \/>\n<meta property=\"og:type\" content=\"article\" \/>\n<meta property=\"og:title\" content=\"Proyectos y ferias - CasaDes\u00fas - Furniture Design Barcelona\" \/>\n<meta property=\"og:description\" content=\"Residencial Contrato Ferias Marlow Sofa | UK Shelby Sofa | Spain Shelby Sofa | Spain Syrma Armchair | Spain Shelby Class Sofa | EEUU Marlow Sofa | Spain Marlow Sofa | UK Marlow Sofa | Spain Marlow Sofa | Spain Marlow Sofa | Australia Dali Bed | Australia Flavio Sofa | South Africa Flavio Sofa [&hellip;]\" \/>\n<meta property=\"og:url\" content=\"https:\/\/www.casadesus.net\/es\/proyectos-y-ferias\/\" \/>\n<meta property=\"og:site_name\" content=\"CasaDes\u00fas - Furniture Design Barcelona\" \/>\n<meta property=\"article:modified_time\" content=\"2026-01-26T17:07:24+00:00\" \/>\n<meta property=\"og:image\" content=\"https:\/\/www.casadesus.net\/wp-content\/uploads\/2025\/06\/marlow-sofa-uk-1.jpg\" \/>\n\t<meta property=\"og:image:width\" content=\"958\" \/>\n\t<meta property=\"og:image:height\" content=\"600\" \/>\n\t<meta property=\"og:image:type\" content=\"image\/jpeg\" \/>\n<meta name=\"twitter:card\" content=\"summary_large_image\" \/>\n<script type=\"application\/ld+json\" class=\"yoast-schema-graph\">{\"@context\":\"https:\/\/schema.org\",\"@graph\":[{\"@type\":\"WebPage\",\"@id\":\"https:\/\/www.casadesus.net\/es\/proyectos-y-ferias\/\",\"url\":\"https:\/\/www.casadesus.net\/es\/proyectos-y-ferias\/\",\"name\":\"Proyectos y ferias - CasaDes\u00fas - Furniture Design Barcelona\",\"isPartOf\":{\"@id\":\"https:\/\/www.casadesus.net\/es\/#website\"},\"primaryImageOfPage\":{\"@id\":\"https:\/\/www.casadesus.net\/es\/proyectos-y-ferias\/#primaryimage\"},\"image\":{\"@id\":\"https:\/\/www.casadesus.net\/es\/proyectos-y-ferias\/#primaryimage\"},\"thumbnailUrl\":\"https:\/\/www.casadesus.net\/wp-content\/uploads\/2025\/06\/marlow-sofa-uk-1.jpg\",\"datePublished\":\"2025-04-03T16:53:04+00:00\",\"dateModified\":\"2026-01-26T17:07:24+00:00\",\"breadcrumb\":{\"@id\":\"https:\/\/www.casadesus.net\/es\/proyectos-y-ferias\/#breadcrumb\"},\"inLanguage\":\"es\",\"potentialAction\":[{\"@type\":\"ReadAction\",\"target\":[\"https:\/\/www.casadesus.net\/es\/proyectos-y-ferias\/\"]}]},{\"@type\":\"ImageObject\",\"inLanguage\":\"es\",\"@id\":\"https:\/\/www.casadesus.net\/es\/proyectos-y-ferias\/#primaryimage\",\"url\":\"https:\/\/www.casadesus.net\/wp-content\/uploads\/2025\/06\/marlow-sofa-uk-1.jpg\",\"contentUrl\":\"https:\/\/www.casadesus.net\/wp-content\/uploads\/2025\/06\/marlow-sofa-uk-1.jpg\"},{\"@type\":\"BreadcrumbList\",\"@id\":\"https:\/\/www.casadesus.net\/es\/proyectos-y-ferias\/#breadcrumb\",\"itemListElement\":[{\"@type\":\"ListItem\",\"position\":1,\"name\":\"Home\",\"item\":\"https:\/\/www.casadesus.net\/es\/home\/\"},{\"@type\":\"ListItem\",\"position\":2,\"name\":\"Proyectos y ferias\"}]},{\"@type\":\"WebSite\",\"@id\":\"https:\/\/www.casadesus.net\/es\/#website\",\"url\":\"https:\/\/www.casadesus.net\/es\/\",\"name\":\"CasaDes\u00fas - Furniture Design Barcelona\",\"description\":\"Dise\u00f1o, fabricaci\u00f3n y comercializaci\u00f3n de sof\u00e1s, sillones y m\u00e1s recientemente mobiliario en general\",\"publisher\":{\"@id\":\"https:\/\/www.casadesus.net\/es\/#organization\"},\"potentialAction\":[{\"@type\":\"SearchAction\",\"target\":{\"@type\":\"EntryPoint\",\"urlTemplate\":\"https:\/\/www.casadesus.net\/es\/?s={search_term_string}\"},\"query-input\":{\"@type\":\"PropertyValueSpecification\",\"valueRequired\":true,\"valueName\":\"search_term_string\"}}],\"inLanguage\":\"es\"},{\"@type\":\"Organization\",\"@id\":\"https:\/\/www.casadesus.net\/es\/#organization\",\"name\":\"CasaDes\u00fas - Furniture Design Barcelona\",\"url\":\"https:\/\/www.casadesus.net\/es\/\",\"logo\":{\"@type\":\"ImageObject\",\"inLanguage\":\"es\",\"@id\":\"https:\/\/www.casadesus.net\/es\/#\/schema\/logo\/image\/\",\"url\":\"https:\/\/www.casadesus.net\/wp-content\/uploads\/2024\/11\/logo_casadesus_white.jpg\",\"contentUrl\":\"https:\/\/www.casadesus.net\/wp-content\/uploads\/2024\/11\/logo_casadesus_white.jpg\",\"width\":866,\"height\":99,\"caption\":\"CasaDes\u00fas - Furniture Design Barcelona\"},\"image\":{\"@id\":\"https:\/\/www.casadesus.net\/es\/#\/schema\/logo\/image\/\"}}]}<\/script>\n<!-- \/ Yoast SEO plugin. -->","yoast_head_json":{"title":"Proyectos y ferias - CasaDes\u00fas - Furniture Design Barcelona","robots":{"index":"index","follow":"follow","max-snippet":"max-snippet:-1","max-image-preview":"max-image-preview:large","max-video-preview":"max-video-preview:-1"},"canonical":"https:\/\/www.casadesus.net\/es\/proyectos-y-ferias\/","og_locale":"es_ES","og_type":"article","og_title":"Proyectos y ferias - CasaDes\u00fas - Furniture Design Barcelona","og_description":"Residencial Contrato Ferias Marlow Sofa | UK Shelby Sofa | Spain Shelby Sofa | Spain Syrma Armchair | Spain Shelby Class Sofa | EEUU Marlow Sofa | Spain Marlow Sofa | UK Marlow Sofa | Spain Marlow Sofa | Spain Marlow Sofa | Australia Dali Bed | Australia Flavio Sofa | South Africa Flavio Sofa [&hellip;]","og_url":"https:\/\/www.casadesus.net\/es\/proyectos-y-ferias\/","og_site_name":"CasaDes\u00fas - Furniture Design Barcelona","article_modified_time":"2026-01-26T17:07:24+00:00","og_image":[{"width":958,"height":600,"url":"https:\/\/www.casadesus.net\/wp-content\/uploads\/2025\/06\/marlow-sofa-uk-1.jpg","type":"image\/jpeg"}],"twitter_card":"summary_large_image","schema":{"@context":"https:\/\/schema.org","@graph":[{"@type":"WebPage","@id":"https:\/\/www.casadesus.net\/es\/proyectos-y-ferias\/","url":"https:\/\/www.casadesus.net\/es\/proyectos-y-ferias\/","name":"Proyectos y ferias - CasaDes\u00fas - Furniture Design Barcelona","isPartOf":{"@id":"https:\/\/www.casadesus.net\/es\/#website"},"primaryImageOfPage":{"@id":"https:\/\/www.casadesus.net\/es\/proyectos-y-ferias\/#primaryimage"},"image":{"@id":"https:\/\/www.casadesus.net\/es\/proyectos-y-ferias\/#primaryimage"},"thumbnailUrl":"https:\/\/www.casadesus.net\/wp-content\/uploads\/2025\/06\/marlow-sofa-uk-1.jpg","datePublished":"2025-04-03T16:53:04+00:00","dateModified":"2026-01-26T17:07:24+00:00","breadcrumb":{"@id":"https:\/\/www.casadesus.net\/es\/proyectos-y-ferias\/#breadcrumb"},"inLanguage":"es","potentialAction":[{"@type":"ReadAction","target":["https:\/\/www.casadesus.net\/es\/proyectos-y-ferias\/"]}]},{"@type":"ImageObject","inLanguage":"es","@id":"https:\/\/www.casadesus.net\/es\/proyectos-y-ferias\/#primaryimage","url":"https:\/\/www.casadesus.net\/wp-content\/uploads\/2025\/06\/marlow-sofa-uk-1.jpg","contentUrl":"https:\/\/www.casadesus.net\/wp-content\/uploads\/2025\/06\/marlow-sofa-uk-1.jpg"},{"@type":"BreadcrumbList","@id":"https:\/\/www.casadesus.net\/es\/proyectos-y-ferias\/#breadcrumb","itemListElement":[{"@type":"ListItem","position":1,"name":"Home","item":"https:\/\/www.casadesus.net\/es\/home\/"},{"@type":"ListItem","position":2,"name":"Proyectos y ferias"}]},{"@type":"WebSite","@id":"https:\/\/www.casadesus.net\/es\/#website","url":"https:\/\/www.casadesus.net\/es\/","name":"CasaDes\u00fas - Furniture Design Barcelona","description":"Dise\u00f1o, fabricaci\u00f3n y comercializaci\u00f3n de sof\u00e1s, sillones y m\u00e1s recientemente mobiliario en general","publisher":{"@id":"https:\/\/www.casadesus.net\/es\/#organization"},"potentialAction":[{"@type":"SearchAction","target":{"@type":"EntryPoint","urlTemplate":"https:\/\/www.casadesus.net\/es\/?s={search_term_string}"},"query-input":{"@type":"PropertyValueSpecification","valueRequired":true,"valueName":"search_term_string"}}],"inLanguage":"es"},{"@type":"Organization","@id":"https:\/\/www.casadesus.net\/es\/#organization","name":"CasaDes\u00fas - Furniture Design Barcelona","url":"https:\/\/www.casadesus.net\/es\/","logo":{"@type":"ImageObject","inLanguage":"es","@id":"https:\/\/www.casadesus.net\/es\/#\/schema\/logo\/image\/","url":"https:\/\/www.casadesus.net\/wp-content\/uploads\/2024\/11\/logo_casadesus_white.jpg","contentUrl":"https:\/\/www.casadesus.net\/wp-content\/uploads\/2024\/11\/logo_casadesus_white.jpg","width":866,"height":99,"caption":"CasaDes\u00fas - Furniture Design Barcelona"},"image":{"@id":"https:\/\/www.casadesus.net\/es\/#\/schema\/logo\/image\/"}}]}},"_links":{"self":[{"href":"https:\/\/www.casadesus.net\/es\/wp-json\/wp\/v2\/pages\/7694","targetHints":{"allow":["GET"]}}],"collection":[{"href":"https:\/\/www.casadesus.net\/es\/wp-json\/wp\/v2\/pages"}],"about":[{"href":"https:\/\/www.casadesus.net\/es\/wp-json\/wp\/v2\/types\/page"}],"author":[{"embeddable":true,"href":"https:\/\/www.casadesus.net\/es\/wp-json\/wp\/v2\/users\/1"}],"replies":[{"embeddable":true,"href":"https:\/\/www.casadesus.net\/es\/wp-json\/wp\/v2\/comments?post=7694"}],"version-history":[{"count":1,"href":"https:\/\/www.casadesus.net\/es\/wp-json\/wp\/v2\/pages\/7694\/revisions"}],"predecessor-version":[{"id":7695,"href":"https:\/\/www.casadesus.net\/es\/wp-json\/wp\/v2\/pages\/7694\/revisions\/7695"}],"wp:attachment":[{"href":"https:\/\/www.casadesus.net\/es\/wp-json\/wp\/v2\/media?parent=7694"}],"curies":[{"name":"wp","href":"https:\/\/api.w.org\/{rel}","templated":true}]}}