{"id":7700,"date":"2025-12-03T13:30:02","date_gmt":"2025-12-03T12:30:02","guid":{"rendered":"https:\/\/www.casadesus.net\/showroom\/"},"modified":"2026-03-04T09:58:07","modified_gmt":"2026-03-04T08:58:07","slug":"showroom","status":"publish","type":"page","link":"https:\/\/www.casadesus.net\/es\/showroom\/","title":{"rendered":"Showroom"},"content":{"rendered":"\t\t<div data-elementor-type=\"wp-page\" data-elementor-id=\"7700\" class=\"elementor elementor-7700 elementor-6928\" data-elementor-post-type=\"page\">\n\t\t\t\t<div class=\"elementor-element elementor-element-ca39d95 e-flex e-con-boxed e-con e-parent\" data-id=\"ca39d95\" data-element_type=\"container\">\n\t\t\t\t\t<div class=\"e-con-inner\">\n\t\t<div class=\"elementor-element elementor-element-1de8312 e-con-full e-flex e-con e-child\" data-id=\"1de8312\" data-element_type=\"container\">\n\t\t<div class=\"elementor-element elementor-element-458c6d8 e-con-full e-flex e-con e-child\" data-id=\"458c6d8\" data-element_type=\"container\" data-settings=\"{&quot;background_background&quot;:&quot;classic&quot;}\">\n\t\t\t\t<\/div>\n\t\t<div class=\"elementor-element elementor-element-b0c6a45 e-con-full e-flex e-con e-child\" data-id=\"b0c6a45\" data-element_type=\"container\">\n\t\t<div class=\"elementor-element elementor-element-6198152 e-con-full e-flex e-con e-child\" data-id=\"6198152\" data-element_type=\"container\" data-settings=\"{&quot;background_background&quot;:&quot;classic&quot;}\">\n\t\t\t\t<\/div>\n\t\t<div class=\"elementor-element elementor-element-86d070a e-con-full e-flex e-con e-child\" data-id=\"86d070a\" data-element_type=\"container\" data-settings=\"{&quot;background_background&quot;:&quot;classic&quot;}\">\n\t\t\t\t<\/div>\n\t\t\t\t<\/div>\n\t\t\t\t<\/div>\n\t\t<div class=\"elementor-element elementor-element-a73126e e-con-full e-flex e-con e-child\" data-id=\"a73126e\" data-element_type=\"container\">\n\t\t\t\t<div class=\"elementor-element elementor-element-37f1be9 elementor-widget elementor-widget-heading\" data-id=\"37f1be9\" data-element_type=\"widget\" data-widget_type=\"heading.default\">\n\t\t\t\t<div class=\"elementor-widget-container\">\n\t\t\t\t\t<h1 class=\"elementor-heading-title elementor-size-default\">Showroom<\/h1>\t\t\t\t<\/div>\n\t\t\t\t<\/div>\n\t\t\t\t<div class=\"elementor-element elementor-element-fad7413 elementor-widget elementor-widget-text-editor\" data-id=\"fad7413\" data-element_type=\"widget\" data-widget_type=\"text-editor.default\">\n\t\t\t\t<div class=\"elementor-widget-container\">\n\t\t\t\t\t\t\t\t\t<p>Disponemos de un showroom de 500 m\u00b2 en Barcelona, \u200b\u200bpensado principalmente para profesionales pero tambi\u00e9n abierto a clientes particulares con cita previa.. Muestra nuestras \u00faltimas innovaciones, as\u00ed como muchas otras colecciones y materiales. El Showroom encarna la esencia de la empresa: calidad, confort, dise\u00f1o y elegancia en cada detalle.<\/p>\t\t\t\t\t\t\t\t<\/div>\n\t\t\t\t<\/div>\n\t\t\t\t<div class=\"elementor-element elementor-element-a52d606 elementor-widget elementor-widget-text-editor\" data-id=\"a52d606\" data-element_type=\"widget\" data-widget_type=\"text-editor.default\">\n\t\t\t\t<div class=\"elementor-widget-container\">\n\t\t\t\t\t\t\t\t\t<p><strong>Vis\u00edtenos en:<\/strong><\/p><p><strong>Showroom CasaDes\u00fas<\/strong><br>C\/Balmes no417, Barcelona , Spain. Tel 00 34 93 2053118<\/p><p><strong>F\u00e1brica<\/strong><br>C\/Luxemburgo n\u00ba19, Castellv\u00ed de Rosanes, Barcelona, Spain.<br>Tel 00 34 93 773 56 60<\/p>\t\t\t\t\t\t\t\t<\/div>\n\t\t\t\t<\/div>\n\t\t\t\t<\/div>\n\t\t\t\t\t<\/div>\n\t\t\t\t<\/div>\n\t\t<div class=\"elementor-element elementor-element-bf72e4f e-flex e-con-boxed e-con e-parent\" data-id=\"bf72e4f\" data-element_type=\"container\">\n\t\t\t\t\t<div class=\"e-con-inner\">\n\t\t\t\t<div class=\"elementor-element elementor-element-1ebcbca elementor-widget elementor-widget-spacer\" data-id=\"1ebcbca\" data-element_type=\"widget\" data-widget_type=\"spacer.default\">\n\t\t\t\t<div class=\"elementor-widget-container\">\n\t\t\t\t\t\t\t<div class=\"elementor-spacer\">\n\t\t\t<div class=\"elementor-spacer-inner\"><\/div>\n\t\t<\/div>\n\t\t\t\t\t\t<\/div>\n\t\t\t\t<\/div>\n\t\t\t\t\t<\/div>\n\t\t\t\t<\/div>\n\t\t\t\t<\/div>\n\t\t","protected":false},"excerpt":{"rendered":"<p>Showroom Disponemos de un showroom de 500 m\u00b2 en Barcelona, \u200b\u200bpensado principalmente para profesionales pero tambi\u00e9n abierto a clientes particulares con cita previa.. Muestra nuestras \u00faltimas innovaciones, as\u00ed como muchas otras colecciones y materiales. El Showroom encarna la esencia de la empresa: calidad, confort, dise\u00f1o y elegancia en cada detalle. Vis\u00edtenos en: Showroom CasaDes\u00fasC\/Balmes no417, [&hellip;]<\/p>\n","protected":false},"author":1,"featured_media":0,"parent":0,"menu_order":0,"comment_status":"closed","ping_status":"closed","template":"","meta":{"_acf_changed":false,"footnotes":""},"class_list":["post-7700","page","type-page","status-publish","hentry"],"acf":[],"yoast_head":"<!-- This site is optimized with the Yoast SEO plugin v26.9 - https:\/\/yoast.com\/product\/yoast-seo-wordpress\/ -->\n<title>Showroom - CasaDes\u00fas - Furniture Design Barcelona<\/title>\n<meta name=\"robots\" content=\"index, follow, max-snippet:-1, max-image-preview:large, max-video-preview:-1\" \/>\n<link rel=\"canonical\" href=\"https:\/\/www.casadesus.net\/es\/showroom\/\" \/>\n<meta property=\"og:locale\" content=\"es_ES\" \/>\n<meta property=\"og:type\" content=\"article\" \/>\n<meta property=\"og:title\" content=\"Showroom - CasaDes\u00fas - Furniture Design Barcelona\" \/>\n<meta property=\"og:description\" content=\"Showroom Disponemos de un showroom de 500 m\u00b2 en Barcelona, \u200b\u200bpensado principalmente para profesionales pero tambi\u00e9n abierto a clientes particulares con cita previa.. Muestra nuestras \u00faltimas innovaciones, as\u00ed como muchas otras colecciones y materiales. El Showroom encarna la esencia de la empresa: calidad, confort, dise\u00f1o y elegancia en cada detalle. Vis\u00edtenos en: Showroom CasaDes\u00fasC\/Balmes no417, [&hellip;]\" \/>\n<meta property=\"og:url\" content=\"https:\/\/www.casadesus.net\/es\/showroom\/\" \/>\n<meta property=\"og:site_name\" content=\"CasaDes\u00fas - Furniture Design Barcelona\" \/>\n<meta property=\"article:modified_time\" content=\"2026-03-04T08:58:07+00:00\" \/>\n<meta name=\"twitter:card\" content=\"summary_large_image\" \/>\n<script type=\"application\/ld+json\" class=\"yoast-schema-graph\">{\"@context\":\"https:\/\/schema.org\",\"@graph\":[{\"@type\":\"WebPage\",\"@id\":\"https:\/\/www.casadesus.net\/es\/showroom\/\",\"url\":\"https:\/\/www.casadesus.net\/es\/showroom\/\",\"name\":\"Showroom - CasaDes\u00fas - Furniture Design Barcelona\",\"isPartOf\":{\"@id\":\"https:\/\/www.casadesus.net\/es\/#website\"},\"datePublished\":\"2025-12-03T12:30:02+00:00\",\"dateModified\":\"2026-03-04T08:58:07+00:00\",\"breadcrumb\":{\"@id\":\"https:\/\/www.casadesus.net\/es\/showroom\/#breadcrumb\"},\"inLanguage\":\"es\",\"potentialAction\":[{\"@type\":\"ReadAction\",\"target\":[\"https:\/\/www.casadesus.net\/es\/showroom\/\"]}]},{\"@type\":\"BreadcrumbList\",\"@id\":\"https:\/\/www.casadesus.net\/es\/showroom\/#breadcrumb\",\"itemListElement\":[{\"@type\":\"ListItem\",\"position\":1,\"name\":\"Home\",\"item\":\"https:\/\/www.casadesus.net\/es\/home\/\"},{\"@type\":\"ListItem\",\"position\":2,\"name\":\"Showroom\"}]},{\"@type\":\"WebSite\",\"@id\":\"https:\/\/www.casadesus.net\/es\/#website\",\"url\":\"https:\/\/www.casadesus.net\/es\/\",\"name\":\"CasaDes\u00fas - Furniture Design Barcelona\",\"description\":\"Dise\u00f1o, fabricaci\u00f3n y comercializaci\u00f3n de sof\u00e1s, sillones y m\u00e1s recientemente mobiliario en general\",\"publisher\":{\"@id\":\"https:\/\/www.casadesus.net\/es\/#organization\"},\"potentialAction\":[{\"@type\":\"SearchAction\",\"target\":{\"@type\":\"EntryPoint\",\"urlTemplate\":\"https:\/\/www.casadesus.net\/es\/?s={search_term_string}\"},\"query-input\":{\"@type\":\"PropertyValueSpecification\",\"valueRequired\":true,\"valueName\":\"search_term_string\"}}],\"inLanguage\":\"es\"},{\"@type\":\"Organization\",\"@id\":\"https:\/\/www.casadesus.net\/es\/#organization\",\"name\":\"CasaDes\u00fas - Furniture Design Barcelona\",\"url\":\"https:\/\/www.casadesus.net\/es\/\",\"logo\":{\"@type\":\"ImageObject\",\"inLanguage\":\"es\",\"@id\":\"https:\/\/www.casadesus.net\/es\/#\/schema\/logo\/image\/\",\"url\":\"https:\/\/www.casadesus.net\/wp-content\/uploads\/2024\/11\/logo_casadesus_white.jpg\",\"contentUrl\":\"https:\/\/www.casadesus.net\/wp-content\/uploads\/2024\/11\/logo_casadesus_white.jpg\",\"width\":866,\"height\":99,\"caption\":\"CasaDes\u00fas - Furniture Design Barcelona\"},\"image\":{\"@id\":\"https:\/\/www.casadesus.net\/es\/#\/schema\/logo\/image\/\"}}]}<\/script>\n<!-- \/ Yoast SEO plugin. -->","yoast_head_json":{"title":"Showroom - CasaDes\u00fas - Furniture Design Barcelona","robots":{"index":"index","follow":"follow","max-snippet":"max-snippet:-1","max-image-preview":"max-image-preview:large","max-video-preview":"max-video-preview:-1"},"canonical":"https:\/\/www.casadesus.net\/es\/showroom\/","og_locale":"es_ES","og_type":"article","og_title":"Showroom - CasaDes\u00fas - Furniture Design Barcelona","og_description":"Showroom Disponemos de un showroom de 500 m\u00b2 en Barcelona, \u200b\u200bpensado principalmente para profesionales pero tambi\u00e9n abierto a clientes particulares con cita previa.. Muestra nuestras \u00faltimas innovaciones, as\u00ed como muchas otras colecciones y materiales. El Showroom encarna la esencia de la empresa: calidad, confort, dise\u00f1o y elegancia en cada detalle. Vis\u00edtenos en: Showroom CasaDes\u00fasC\/Balmes no417, [&hellip;]","og_url":"https:\/\/www.casadesus.net\/es\/showroom\/","og_site_name":"CasaDes\u00fas - Furniture Design Barcelona","article_modified_time":"2026-03-04T08:58:07+00:00","twitter_card":"summary_large_image","schema":{"@context":"https:\/\/schema.org","@graph":[{"@type":"WebPage","@id":"https:\/\/www.casadesus.net\/es\/showroom\/","url":"https:\/\/www.casadesus.net\/es\/showroom\/","name":"Showroom - CasaDes\u00fas - Furniture Design Barcelona","isPartOf":{"@id":"https:\/\/www.casadesus.net\/es\/#website"},"datePublished":"2025-12-03T12:30:02+00:00","dateModified":"2026-03-04T08:58:07+00:00","breadcrumb":{"@id":"https:\/\/www.casadesus.net\/es\/showroom\/#breadcrumb"},"inLanguage":"es","potentialAction":[{"@type":"ReadAction","target":["https:\/\/www.casadesus.net\/es\/showroom\/"]}]},{"@type":"BreadcrumbList","@id":"https:\/\/www.casadesus.net\/es\/showroom\/#breadcrumb","itemListElement":[{"@type":"ListItem","position":1,"name":"Home","item":"https:\/\/www.casadesus.net\/es\/home\/"},{"@type":"ListItem","position":2,"name":"Showroom"}]},{"@type":"WebSite","@id":"https:\/\/www.casadesus.net\/es\/#website","url":"https:\/\/www.casadesus.net\/es\/","name":"CasaDes\u00fas - Furniture Design Barcelona","description":"Dise\u00f1o, fabricaci\u00f3n y comercializaci\u00f3n de sof\u00e1s, sillones y m\u00e1s recientemente mobiliario en general","publisher":{"@id":"https:\/\/www.casadesus.net\/es\/#organization"},"potentialAction":[{"@type":"SearchAction","target":{"@type":"EntryPoint","urlTemplate":"https:\/\/www.casadesus.net\/es\/?s={search_term_string}"},"query-input":{"@type":"PropertyValueSpecification","valueRequired":true,"valueName":"search_term_string"}}],"inLanguage":"es"},{"@type":"Organization","@id":"https:\/\/www.casadesus.net\/es\/#organization","name":"CasaDes\u00fas - Furniture Design Barcelona","url":"https:\/\/www.casadesus.net\/es\/","logo":{"@type":"ImageObject","inLanguage":"es","@id":"https:\/\/www.casadesus.net\/es\/#\/schema\/logo\/image\/","url":"https:\/\/www.casadesus.net\/wp-content\/uploads\/2024\/11\/logo_casadesus_white.jpg","contentUrl":"https:\/\/www.casadesus.net\/wp-content\/uploads\/2024\/11\/logo_casadesus_white.jpg","width":866,"height":99,"caption":"CasaDes\u00fas - Furniture Design Barcelona"},"image":{"@id":"https:\/\/www.casadesus.net\/es\/#\/schema\/logo\/image\/"}}]}},"_links":{"self":[{"href":"https:\/\/www.casadesus.net\/es\/wp-json\/wp\/v2\/pages\/7700","targetHints":{"allow":["GET"]}}],"collection":[{"href":"https:\/\/www.casadesus.net\/es\/wp-json\/wp\/v2\/pages"}],"about":[{"href":"https:\/\/www.casadesus.net\/es\/wp-json\/wp\/v2\/types\/page"}],"author":[{"embeddable":true,"href":"https:\/\/www.casadesus.net\/es\/wp-json\/wp\/v2\/users\/1"}],"replies":[{"embeddable":true,"href":"https:\/\/www.casadesus.net\/es\/wp-json\/wp\/v2\/comments?post=7700"}],"version-history":[{"count":2,"href":"https:\/\/www.casadesus.net\/es\/wp-json\/wp\/v2\/pages\/7700\/revisions"}],"predecessor-version":[{"id":7911,"href":"https:\/\/www.casadesus.net\/es\/wp-json\/wp\/v2\/pages\/7700\/revisions\/7911"}],"wp:attachment":[{"href":"https:\/\/www.casadesus.net\/es\/wp-json\/wp\/v2\/media?parent=7700"}],"curies":[{"name":"wp","href":"https:\/\/api.w.org\/{rel}","templated":true}]}}