{"id":7710,"date":"2025-02-25T12:17:16","date_gmt":"2025-02-25T11:17:16","guid":{"rendered":"https:\/\/www.casadesus.net\/compania\/"},"modified":"2026-03-04T09:58:36","modified_gmt":"2026-03-04T08:58:36","slug":"compania","status":"publish","type":"page","link":"https:\/\/www.casadesus.net\/es\/compania\/","title":{"rendered":"Compa\u00f1\u00eda"},"content":{"rendered":"\t\t<div data-elementor-type=\"wp-page\" data-elementor-id=\"7710\" class=\"elementor elementor-7710 elementor-559\" data-elementor-post-type=\"page\">\n\t\t\t\t<div class=\"elementor-element elementor-element-c3619c3 e-flex e-con-boxed e-con e-parent\" data-id=\"c3619c3\" data-element_type=\"container\">\n\t\t\t\t\t<div class=\"e-con-inner\">\n\t\t<div class=\"elementor-element elementor-element-2b9712a e-con-full e-flex e-con e-child\" data-id=\"2b9712a\" data-element_type=\"container\">\n\t\t\t\t<div class=\"elementor-element elementor-element-cd1976b elementor-widget elementor-widget-heading\" data-id=\"cd1976b\" data-element_type=\"widget\" data-widget_type=\"heading.default\">\n\t\t\t\t<div class=\"elementor-widget-container\">\n\t\t\t\t\t<h1 class=\"elementor-heading-title elementor-size-default\">Or\u00edgenes<\/h1>\t\t\t\t<\/div>\n\t\t\t\t<\/div>\n\t\t\t\t<div class=\"elementor-element elementor-element-45d7bd4 elementor-widget elementor-widget-heading\" data-id=\"45d7bd4\" data-element_type=\"widget\" data-widget_type=\"heading.default\">\n\t\t\t\t<div class=\"elementor-widget-container\">\n\t\t\t\t\t<div class=\"elementor-heading-title elementor-size-default\">Tradici\u00f3n y Dise\u00f1o<\/div>\t\t\t\t<\/div>\n\t\t\t\t<\/div>\n\t\t\t\t<div class=\"elementor-element elementor-element-05e5fd1 elementor-widget elementor-widget-text-editor\" data-id=\"05e5fd1\" data-element_type=\"widget\" data-widget_type=\"text-editor.default\">\n\t\t\t\t<div class=\"elementor-widget-container\">\n\t\t\t\t\t\t\t\t\t<p>CasaDes\u00fas fue fundada en Barcelona en 1973 por Jaime Casades\u00fas. Durante sus primeros a\u00f1os, la empresa se centr\u00f3 en la producci\u00f3n de una amplia gama de productos de dise\u00f1o tapizados, con un claro \u00e9nfasis en el mobiliario para el hogar gracias a la experiencia y el conocimiento del fundador en la artesan\u00eda tradicional del mueble. Con el tiempo, la empresa comenz\u00f3 a colaborar con reconocidos dise\u00f1adores nacionales e internacionales como Estudi Bernal-Isern, Nancy Robbins, Pete Sans, Giancarlo Vegni y Giancarlo Gualtierotti, dando lugar a modelos ic\u00f3nicos como Don, Key y Roma, entre otros. Bajo la direcci\u00f3n de Jaime Casades\u00fas, la empresa se introdujo en el mercado europeo, participando en importantes ferias comerciales en Alemania y Francia, iniciando as\u00ed su expansi\u00f3n internacional. Con el paso de los a\u00f1os, la marca ha ampliado su presencia m\u00e1s all\u00e1 de Europa, consolidando su posici\u00f3n en otros mercados como el americano y el asi\u00e1tico, entre otros.    <\/p>\t\t\t\t\t\t\t\t<\/div>\n\t\t\t\t<\/div>\n\t\t\t\t<\/div>\n\t\t<div class=\"elementor-element elementor-element-b99621a e-con-full e-flex e-con e-child\" data-id=\"b99621a\" data-element_type=\"container\" data-settings=\"{&quot;background_background&quot;:&quot;classic&quot;}\">\n\t\t\t\t<\/div>\n\t\t\t\t\t<\/div>\n\t\t\t\t<\/div>\n\t\t<div class=\"elementor-element elementor-element-d507eab e-flex e-con-boxed e-con e-parent\" data-id=\"d507eab\" data-element_type=\"container\">\n\t\t\t\t\t<div class=\"e-con-inner\">\n\t\t<div class=\"elementor-element elementor-element-3a0ff00 e-con-full e-flex e-con e-child\" data-id=\"3a0ff00\" data-element_type=\"container\" data-settings=\"{&quot;background_background&quot;:&quot;classic&quot;}\">\n\t\t\t\t<\/div>\n\t\t<div class=\"elementor-element elementor-element-7ad84d2 e-con-full e-flex e-con e-child\" data-id=\"7ad84d2\" data-element_type=\"container\">\n\t\t\t\t<div class=\"elementor-element elementor-element-a82321d elementor-widget__width-initial elementor-widget elementor-widget-heading\" data-id=\"a82321d\" data-element_type=\"widget\" data-widget_type=\"heading.default\">\n\t\t\t\t<div class=\"elementor-widget-container\">\n\t\t\t\t\t<div class=\"elementor-heading-title elementor-size-default\">Actualmente<\/div>\t\t\t\t<\/div>\n\t\t\t\t<\/div>\n\t\t\t\t<div class=\"elementor-element elementor-element-edf2567 elementor-widget elementor-widget-heading\" data-id=\"edf2567\" data-element_type=\"widget\" data-widget_type=\"heading.default\">\n\t\t\t\t<div class=\"elementor-widget-container\">\n\t\t\t\t\t<div class=\"elementor-heading-title elementor-size-default\">Un legado construido sobre la pasi\u00f3n<\/div>\t\t\t\t<\/div>\n\t\t\t\t<\/div>\n\t\t\t\t<div class=\"elementor-element elementor-element-b2cfefe elementor-widget elementor-widget-text-editor\" data-id=\"b2cfefe\" data-element_type=\"widget\" data-widget_type=\"text-editor.default\">\n\t\t\t\t<div class=\"elementor-widget-container\">\n\t\t\t\t\t\t\t\t\t<p>Como cualquier empresa familiar, CasaDes\u00fas ha evolucionado con el tiempo, incorporando nuevos perfiles y miembros de la familia que aportan ideas innovadoras, pasi\u00f3n, visi\u00f3n y una profunda dedicaci\u00f3n. Hoy, la segunda generaci\u00f3n lidera la empresa con el mismo esp\u00edritu que la vio nacer: crear productos de alta calidad, belleza atemporal, innovaci\u00f3n y durabilidad. Nuestra filosof\u00eda se basa en la combinaci\u00f3n de una artesan\u00eda excepcional con la experiencia adquirida durante m\u00e1s de cinco d\u00e9cadas. Trabajamos con un objetivo claro: lograr la m\u00e1xima satisfacci\u00f3n del cliente. Cada detalle de un sof\u00e1 CasaDes\u00fas refleja nuestra obsesi\u00f3n por la perfecci\u00f3n y la comodidad. Creamos piezas que no solo amueblan un espacio, sino que tambi\u00e9n inspiran un estilo de vida c\u00e1lido, elegante y distintivo: el estilo de vida CasaDes\u00fas.     <\/p>\t\t\t\t\t\t\t\t<\/div>\n\t\t\t\t<\/div>\n\t\t\t\t<\/div>\n\t\t\t\t\t<\/div>\n\t\t\t\t<\/div>\n\t\t<div class=\"elementor-element elementor-element-cac90b6 e-flex e-con-boxed e-con e-parent\" data-id=\"cac90b6\" data-element_type=\"container\">\n\t\t\t\t\t<div class=\"e-con-inner\">\n\t\t<div class=\"elementor-element elementor-element-85aa7a3 e-con-full e-flex e-con e-child\" data-id=\"85aa7a3\" data-element_type=\"container\">\n\t\t\t\t<div class=\"elementor-element elementor-element-b87812d elementor-widget elementor-widget-heading\" data-id=\"b87812d\" data-element_type=\"widget\" data-widget_type=\"heading.default\">\n\t\t\t\t<div class=\"elementor-widget-container\">\n\t\t\t\t\t<div class=\"elementor-heading-title elementor-size-default\">Know-How<\/div>\t\t\t\t<\/div>\n\t\t\t\t<\/div>\n\t\t\t\t<div class=\"elementor-element elementor-element-51d382d elementor-widget elementor-widget-heading\" data-id=\"51d382d\" data-element_type=\"widget\" data-widget_type=\"heading.default\">\n\t\t\t\t<div class=\"elementor-widget-container\">\n\t\t\t\t\t<div class=\"elementor-heading-title elementor-size-default\">Maestr\u00eda, Artesan\u00eda y Excelencia<\/div>\t\t\t\t<\/div>\n\t\t\t\t<\/div>\n\t\t\t\t<div class=\"elementor-element elementor-element-bd5828a elementor-widget elementor-widget-text-editor\" data-id=\"bd5828a\" data-element_type=\"widget\" data-widget_type=\"text-editor.default\">\n\t\t\t\t<div class=\"elementor-widget-container\">\n\t\t\t\t\t\t\t\t\t<p>En los \u00faltimos a\u00f1os, CasaDes\u00fas ha adoptado un enfoque casi totalmente vertical, lo que nos permite elaborar cada etapa del proceso de producci\u00f3n internamente. Esto nos proporciona un control total sobre los materiales y su trazabilidad, garantizando una calidad inigualable desde el principio. Nuestro equipo de maestros artesanos, carpinteros, soldadores, pulidores, patronistas y tapiceros garantiza un control total sobre cada detalle. En CasaDes\u00fas, cada uno de nuestros productos salen de nuestras manos: cada pieza se elabora \u00edntegramente en casa, un aut\u00e9ntico testimonio de autenticidad, confianza y calidad inconfundible. Este enfoque tambi\u00e9n nos permite adaptar cada creaci\u00f3n a las necesidades \u00fanicas de cada proyecto, optimizando al mismo tiempo los tiempos de producci\u00f3n sin depender de proveedores externos. El resultado: sof\u00e1s que no solo son precisos y distintivos, sino que tambi\u00e9n encarnan el esp\u00edritu atemporal y la elegancia de la marca CasaDes\u00fas.    <\/p>\t\t\t\t\t\t\t\t<\/div>\n\t\t\t\t<\/div>\n\t\t\t\t<\/div>\n\t\t<div class=\"elementor-element elementor-element-dee3429 e-con-full e-flex e-con e-child\" data-id=\"dee3429\" data-element_type=\"container\" data-settings=\"{&quot;background_background&quot;:&quot;classic&quot;}\">\n\t\t\t\t<\/div>\n\t\t\t\t\t<\/div>\n\t\t\t\t<\/div>\n\t\t<div class=\"elementor-element elementor-element-a2481de e-flex e-con-boxed e-con e-parent\" data-id=\"a2481de\" data-element_type=\"container\">\n\t\t\t\t\t<div class=\"e-con-inner\">\n\t\t<div class=\"elementor-element elementor-element-e3c6baa e-con-full e-flex e-con e-child\" data-id=\"e3c6baa\" data-element_type=\"container\">\n\t\t\t\t<div class=\"elementor-element elementor-element-ce41731 elementor-widget elementor-widget-heading\" data-id=\"ce41731\" data-element_type=\"widget\" data-widget_type=\"heading.default\">\n\t\t\t\t<div class=\"elementor-widget-container\">\n\t\t\t\t\t<div class=\"elementor-heading-title elementor-size-default\">Sostenibilidad<\/div>\t\t\t\t<\/div>\n\t\t\t\t<\/div>\n\t\t\t\t<div class=\"elementor-element elementor-element-da76a5e elementor-widget elementor-widget-heading\" data-id=\"da76a5e\" data-element_type=\"widget\" data-widget_type=\"heading.default\">\n\t\t\t\t<div class=\"elementor-widget-container\">\n\t\t\t\t\t<div class=\"elementor-heading-title elementor-size-default\">Dise\u00f1o duradero, atento respeto<\/div>\t\t\t\t<\/div>\n\t\t\t\t<\/div>\n\t\t\t\t<div class=\"elementor-element elementor-element-826db12 elementor-widget elementor-widget-text-editor\" data-id=\"826db12\" data-element_type=\"widget\" data-widget_type=\"text-editor.default\">\n\t\t\t\t<div class=\"elementor-widget-container\">\n\t\t\t\t\t\t\t\t\t<p>Nuestra principal cadena de suministro se centra en Europa. Todos nuestros materiales (telas, pieles, metales, maderas, plumas, rellenos y pl\u00e1sticos reciclados) provienen de empresas del continente. Vivimos en un mundo globalizado, pero la proximidad y la cercan\u00eda siguen siendo valores fundamentales para nosotros. Nuestros proveedores cumplen con los m\u00e1s altos est\u00e1ndares de calidad y cuentan con certificaciones del sector en todas las \u00e1reas: madera, espuma, plum\u00f3n, rellenos de fibra, telas, cart\u00f3n y m\u00e1s. Adem\u00e1s, sus procesos de producci\u00f3n respetan el medio ambiente en cada etapa. En CasaDes\u00fas, nos esforzamos por minimizar los residuos y facilitar su reutilizaci\u00f3n. Creemos que el residuo m\u00e1s peque\u00f1o es el que nunca se genera, por eso dise\u00f1amos productos duraderos guiados por una filosof\u00eda de impacto cero, reduciendo al m\u00ednimo las emisiones ambientales adicionales y garantizando la calidad y la sostenibilidad en cada pieza.      <\/p><p><strong> <\/strong><\/p>\t\t\t\t\t\t\t\t<\/div>\n\t\t\t\t<\/div>\n\t\t\t\t<\/div>\n\t\t<div class=\"elementor-element elementor-element-5b99a20 e-con-full e-flex e-con e-child\" data-id=\"5b99a20\" data-element_type=\"container\" data-settings=\"{&quot;background_background&quot;:&quot;classic&quot;}\">\n\t\t\t\t<\/div>\n\t\t\t\t\t<\/div>\n\t\t\t\t<\/div>\n\t\t<div class=\"elementor-element elementor-element-44fb446 e-flex e-con-boxed e-con e-parent\" data-id=\"44fb446\" data-element_type=\"container\">\n\t\t\t\t\t<div class=\"e-con-inner\">\n\t\t<div class=\"elementor-element elementor-element-d2df1f7 e-con-full e-flex e-con e-child\" data-id=\"d2df1f7\" data-element_type=\"container\" data-settings=\"{&quot;background_background&quot;:&quot;classic&quot;}\">\n\t\t\t\t<\/div>\n\t\t<div class=\"elementor-element elementor-element-04506fd e-con-full e-flex e-con e-child\" data-id=\"04506fd\" data-element_type=\"container\">\n\t\t\t\t<div class=\"elementor-element elementor-element-4871de1 elementor-widget elementor-widget-heading\" data-id=\"4871de1\" data-element_type=\"widget\" data-widget_type=\"heading.default\">\n\t\t\t\t<div class=\"elementor-widget-container\">\n\t\t\t\t\t<div class=\"elementor-heading-title elementor-size-default\">Identidad<\/div>\t\t\t\t<\/div>\n\t\t\t\t<\/div>\n\t\t\t\t<div class=\"elementor-element elementor-element-cd66e10 elementor-widget elementor-widget-heading\" data-id=\"cd66e10\" data-element_type=\"widget\" data-widget_type=\"heading.default\">\n\t\t\t\t<div class=\"elementor-widget-container\">\n\t\t\t\t\t<div class=\"elementor-heading-title elementor-size-default\">Atemporalidad, personalizaci\u00f3n y artesan\u00eda<\/div>\t\t\t\t<\/div>\n\t\t\t\t<\/div>\n\t\t\t\t<div class=\"elementor-element elementor-element-a3d2684 elementor-widget elementor-widget-text-editor\" data-id=\"a3d2684\" data-element_type=\"widget\" data-widget_type=\"text-editor.default\">\n\t\t\t\t<div class=\"elementor-widget-container\">\n\t\t\t\t\t\t\t\t\t<p>Todos los productos de CasaDes\u00fas se dise\u00f1an y fabrican \u00edntegramente en Espa\u00f1a. Nuestra filosof\u00eda se basa en crear piezas elegantes, atemporales y duraderas. Conocemos nuestro camino y nos mantenemos fieles a nuestra identidad. Mantenemos un intercambio constante con nuestros clientes para adaptar nuestros productos a sus necesidades y resolver sus retos diarios. Cada pieza es personalizada y a medida: no producimos productos est\u00e1ndar, sino soluciones \u00fanicas para cada cliente. Nuestra identidad va m\u00e1s all\u00e1 de la belleza visible, los materiales de alta calidad y el dise\u00f1o cuidado. Tambi\u00e9n nos centramos en la excelencia t\u00e9cnica y funcional, cuidando tanto lo visible como lo invisible. Los productos de CasaDes\u00fas no siguen tendencias pasajeras; son el resultado de la experiencia acumulada a lo largo de los a\u00f1os y est\u00e1n dise\u00f1ados para perdurar en el tiempo. Nuestra producci\u00f3n se centra principalmente en sof\u00e1s, camas, sillones y piezas auxiliares tapizados. Con el tiempo, hemos ampliado nuestras colecciones para incluir mesas y otros muebles, completando espacios de sal\u00f3n y dormitorio con un cat\u00e1logo coherente y completo que refleja nuestra filosof\u00eda de dise\u00f1o y calidad.         <\/p>\t\t\t\t\t\t\t\t<\/div>\n\t\t\t\t<\/div>\n\t\t\t\t<\/div>\n\t\t\t\t\t<\/div>\n\t\t\t\t<\/div>\n\t\t<div class=\"elementor-element elementor-element-69fb4f5 e-flex e-con-boxed e-con e-parent\" data-id=\"69fb4f5\" data-element_type=\"container\">\n\t\t\t\t\t<div class=\"e-con-inner\">\n\t\t<div class=\"elementor-element elementor-element-5b92fd4 e-con-full e-flex e-con e-child\" data-id=\"5b92fd4\" data-element_type=\"container\" data-settings=\"{&quot;background_background&quot;:&quot;classic&quot;}\">\n\t\t\t\t<\/div>\n\t\t<div class=\"elementor-element elementor-element-2159d82 e-con-full e-flex e-con e-child\" data-id=\"2159d82\" data-element_type=\"container\">\n\t\t\t\t<div class=\"elementor-element elementor-element-db56934 elementor-widget elementor-widget-heading\" data-id=\"db56934\" data-element_type=\"widget\" data-widget_type=\"heading.default\">\n\t\t\t\t<div class=\"elementor-widget-container\">\n\t\t\t\t\t<div class=\"elementor-heading-title elementor-size-default\">D\u00f3nde<\/div>\t\t\t\t<\/div>\n\t\t\t\t<\/div>\n\t\t\t\t<div class=\"elementor-element elementor-element-49a7c96 elementor-widget elementor-widget-heading\" data-id=\"49a7c96\" data-element_type=\"widget\" data-widget_type=\"heading.default\">\n\t\t\t\t<div class=\"elementor-widget-container\">\n\t\t\t\t\t<div class=\"elementor-heading-title elementor-size-default\">Barcelona, Nuestra Esencia<\/div>\t\t\t\t<\/div>\n\t\t\t\t<\/div>\n\t\t\t\t<div class=\"elementor-element elementor-element-4e1ccdb elementor-widget elementor-widget-text-editor\" data-id=\"4e1ccdb\" data-element_type=\"widget\" data-widget_type=\"text-editor.default\">\n\t\t\t\t<div class=\"elementor-widget-container\">\n\t\t\t\t\t\t\t\t\t<p>CasaDes\u00fas se encuentra a tan solo 30 km de Barcelona, \u200b\u200buna ciudad mediterr\u00e1nea abierta al mar, vibrante y din\u00e1mica, reconocida por su modernidad y su apertura a nuevas ideas. Con el respaldo de referentes mundiales en dise\u00f1o, gastronom\u00eda y arquitectura, la ciudad es un centro de proyectos en constante evoluci\u00f3n, que combina la innovaci\u00f3n pura con una tradici\u00f3n arraigada. Barcelona es un centro cultural, art\u00edstico, tecnol\u00f3gico y m\u00e9dico de primer nivel, tanto en Europa como a nivel mundial. Inspirados por la energ\u00eda que define la ciudad, crecemos y nos desarrollamos para ofrecer productos que aborden los retos diarios de nuestros clientes.   <\/p>\t\t\t\t\t\t\t\t<\/div>\n\t\t\t\t<\/div>\n\t\t\t\t<\/div>\n\t\t\t\t\t<\/div>\n\t\t\t\t<\/div>\n\t\t<div class=\"elementor-element elementor-element-bf72e4f e-flex e-con-boxed e-con e-parent\" data-id=\"bf72e4f\" data-element_type=\"container\">\n\t\t\t\t\t<div class=\"e-con-inner\">\n\t\t\t\t<div class=\"elementor-element elementor-element-1ebcbca elementor-widget elementor-widget-spacer\" data-id=\"1ebcbca\" data-element_type=\"widget\" data-widget_type=\"spacer.default\">\n\t\t\t\t<div class=\"elementor-widget-container\">\n\t\t\t\t\t\t\t<div class=\"elementor-spacer\">\n\t\t\t<div class=\"elementor-spacer-inner\"><\/div>\n\t\t<\/div>\n\t\t\t\t\t\t<\/div>\n\t\t\t\t<\/div>\n\t\t\t\t\t<\/div>\n\t\t\t\t<\/div>\n\t\t\t\t<\/div>\n\t\t","protected":false},"excerpt":{"rendered":"<p>Or\u00edgenes Tradici\u00f3n y Dise\u00f1o CasaDes\u00fas fue fundada en Barcelona en 1973 por Jaime Casades\u00fas. Durante sus primeros a\u00f1os, la empresa se centr\u00f3 en la producci\u00f3n de una amplia gama de productos de dise\u00f1o tapizados, con un claro \u00e9nfasis en el mobiliario para el hogar gracias a la experiencia y el conocimiento del fundador en la [&hellip;]<\/p>\n","protected":false},"author":1,"featured_media":0,"parent":0,"menu_order":0,"comment_status":"closed","ping_status":"closed","template":"","meta":{"_acf_changed":false,"footnotes":""},"class_list":["post-7710","page","type-page","status-publish","hentry"],"acf":[],"yoast_head":"<!-- This site is optimized with the Yoast SEO plugin v26.9 - https:\/\/yoast.com\/product\/yoast-seo-wordpress\/ -->\n<title>Compa\u00f1\u00eda - CasaDes\u00fas - Furniture Design Barcelona<\/title>\n<meta name=\"robots\" content=\"index, follow, max-snippet:-1, max-image-preview:large, max-video-preview:-1\" \/>\n<link rel=\"canonical\" href=\"https:\/\/www.casadesus.net\/es\/compania\/\" \/>\n<meta property=\"og:locale\" content=\"es_ES\" \/>\n<meta property=\"og:type\" content=\"article\" \/>\n<meta property=\"og:title\" content=\"Compa\u00f1\u00eda - CasaDes\u00fas - Furniture Design Barcelona\" \/>\n<meta property=\"og:description\" content=\"Or\u00edgenes Tradici\u00f3n y Dise\u00f1o CasaDes\u00fas fue fundada en Barcelona en 1973 por Jaime Casades\u00fas. Durante sus primeros a\u00f1os, la empresa se centr\u00f3 en la producci\u00f3n de una amplia gama de productos de dise\u00f1o tapizados, con un claro \u00e9nfasis en el mobiliario para el hogar gracias a la experiencia y el conocimiento del fundador en la [&hellip;]\" \/>\n<meta property=\"og:url\" content=\"https:\/\/www.casadesus.net\/es\/compania\/\" \/>\n<meta property=\"og:site_name\" content=\"CasaDes\u00fas - Furniture Design Barcelona\" \/>\n<meta property=\"article:modified_time\" content=\"2026-03-04T08:58:36+00:00\" \/>\n<meta name=\"twitter:card\" content=\"summary_large_image\" \/>\n<script type=\"application\/ld+json\" class=\"yoast-schema-graph\">{\"@context\":\"https:\/\/schema.org\",\"@graph\":[{\"@type\":\"WebPage\",\"@id\":\"https:\/\/www.casadesus.net\/es\/compania\/\",\"url\":\"https:\/\/www.casadesus.net\/es\/compania\/\",\"name\":\"Compa\u00f1\u00eda - CasaDes\u00fas - Furniture Design Barcelona\",\"isPartOf\":{\"@id\":\"https:\/\/www.casadesus.net\/es\/#website\"},\"datePublished\":\"2025-02-25T11:17:16+00:00\",\"dateModified\":\"2026-03-04T08:58:36+00:00\",\"breadcrumb\":{\"@id\":\"https:\/\/www.casadesus.net\/es\/compania\/#breadcrumb\"},\"inLanguage\":\"es\",\"potentialAction\":[{\"@type\":\"ReadAction\",\"target\":[\"https:\/\/www.casadesus.net\/es\/compania\/\"]}]},{\"@type\":\"BreadcrumbList\",\"@id\":\"https:\/\/www.casadesus.net\/es\/compania\/#breadcrumb\",\"itemListElement\":[{\"@type\":\"ListItem\",\"position\":1,\"name\":\"Home\",\"item\":\"https:\/\/www.casadesus.net\/es\/home\/\"},{\"@type\":\"ListItem\",\"position\":2,\"name\":\"Compa\u00f1\u00eda\"}]},{\"@type\":\"WebSite\",\"@id\":\"https:\/\/www.casadesus.net\/es\/#website\",\"url\":\"https:\/\/www.casadesus.net\/es\/\",\"name\":\"CasaDes\u00fas - Furniture Design Barcelona\",\"description\":\"Dise\u00f1o, fabricaci\u00f3n y comercializaci\u00f3n de sof\u00e1s, sillones y m\u00e1s recientemente mobiliario en general\",\"publisher\":{\"@id\":\"https:\/\/www.casadesus.net\/es\/#organization\"},\"potentialAction\":[{\"@type\":\"SearchAction\",\"target\":{\"@type\":\"EntryPoint\",\"urlTemplate\":\"https:\/\/www.casadesus.net\/es\/?s={search_term_string}\"},\"query-input\":{\"@type\":\"PropertyValueSpecification\",\"valueRequired\":true,\"valueName\":\"search_term_string\"}}],\"inLanguage\":\"es\"},{\"@type\":\"Organization\",\"@id\":\"https:\/\/www.casadesus.net\/es\/#organization\",\"name\":\"CasaDes\u00fas - Furniture Design Barcelona\",\"url\":\"https:\/\/www.casadesus.net\/es\/\",\"logo\":{\"@type\":\"ImageObject\",\"inLanguage\":\"es\",\"@id\":\"https:\/\/www.casadesus.net\/es\/#\/schema\/logo\/image\/\",\"url\":\"https:\/\/www.casadesus.net\/wp-content\/uploads\/2024\/11\/logo_casadesus_white.jpg\",\"contentUrl\":\"https:\/\/www.casadesus.net\/wp-content\/uploads\/2024\/11\/logo_casadesus_white.jpg\",\"width\":866,\"height\":99,\"caption\":\"CasaDes\u00fas - Furniture Design Barcelona\"},\"image\":{\"@id\":\"https:\/\/www.casadesus.net\/es\/#\/schema\/logo\/image\/\"}}]}<\/script>\n<!-- \/ Yoast SEO plugin. -->","yoast_head_json":{"title":"Compa\u00f1\u00eda - CasaDes\u00fas - Furniture Design Barcelona","robots":{"index":"index","follow":"follow","max-snippet":"max-snippet:-1","max-image-preview":"max-image-preview:large","max-video-preview":"max-video-preview:-1"},"canonical":"https:\/\/www.casadesus.net\/es\/compania\/","og_locale":"es_ES","og_type":"article","og_title":"Compa\u00f1\u00eda - CasaDes\u00fas - Furniture Design Barcelona","og_description":"Or\u00edgenes Tradici\u00f3n y Dise\u00f1o CasaDes\u00fas fue fundada en Barcelona en 1973 por Jaime Casades\u00fas. Durante sus primeros a\u00f1os, la empresa se centr\u00f3 en la producci\u00f3n de una amplia gama de productos de dise\u00f1o tapizados, con un claro \u00e9nfasis en el mobiliario para el hogar gracias a la experiencia y el conocimiento del fundador en la [&hellip;]","og_url":"https:\/\/www.casadesus.net\/es\/compania\/","og_site_name":"CasaDes\u00fas - Furniture Design Barcelona","article_modified_time":"2026-03-04T08:58:36+00:00","twitter_card":"summary_large_image","schema":{"@context":"https:\/\/schema.org","@graph":[{"@type":"WebPage","@id":"https:\/\/www.casadesus.net\/es\/compania\/","url":"https:\/\/www.casadesus.net\/es\/compania\/","name":"Compa\u00f1\u00eda - CasaDes\u00fas - Furniture Design Barcelona","isPartOf":{"@id":"https:\/\/www.casadesus.net\/es\/#website"},"datePublished":"2025-02-25T11:17:16+00:00","dateModified":"2026-03-04T08:58:36+00:00","breadcrumb":{"@id":"https:\/\/www.casadesus.net\/es\/compania\/#breadcrumb"},"inLanguage":"es","potentialAction":[{"@type":"ReadAction","target":["https:\/\/www.casadesus.net\/es\/compania\/"]}]},{"@type":"BreadcrumbList","@id":"https:\/\/www.casadesus.net\/es\/compania\/#breadcrumb","itemListElement":[{"@type":"ListItem","position":1,"name":"Home","item":"https:\/\/www.casadesus.net\/es\/home\/"},{"@type":"ListItem","position":2,"name":"Compa\u00f1\u00eda"}]},{"@type":"WebSite","@id":"https:\/\/www.casadesus.net\/es\/#website","url":"https:\/\/www.casadesus.net\/es\/","name":"CasaDes\u00fas - Furniture Design Barcelona","description":"Dise\u00f1o, fabricaci\u00f3n y comercializaci\u00f3n de sof\u00e1s, sillones y m\u00e1s recientemente mobiliario en general","publisher":{"@id":"https:\/\/www.casadesus.net\/es\/#organization"},"potentialAction":[{"@type":"SearchAction","target":{"@type":"EntryPoint","urlTemplate":"https:\/\/www.casadesus.net\/es\/?s={search_term_string}"},"query-input":{"@type":"PropertyValueSpecification","valueRequired":true,"valueName":"search_term_string"}}],"inLanguage":"es"},{"@type":"Organization","@id":"https:\/\/www.casadesus.net\/es\/#organization","name":"CasaDes\u00fas - Furniture Design Barcelona","url":"https:\/\/www.casadesus.net\/es\/","logo":{"@type":"ImageObject","inLanguage":"es","@id":"https:\/\/www.casadesus.net\/es\/#\/schema\/logo\/image\/","url":"https:\/\/www.casadesus.net\/wp-content\/uploads\/2024\/11\/logo_casadesus_white.jpg","contentUrl":"https:\/\/www.casadesus.net\/wp-content\/uploads\/2024\/11\/logo_casadesus_white.jpg","width":866,"height":99,"caption":"CasaDes\u00fas - Furniture Design Barcelona"},"image":{"@id":"https:\/\/www.casadesus.net\/es\/#\/schema\/logo\/image\/"}}]}},"_links":{"self":[{"href":"https:\/\/www.casadesus.net\/es\/wp-json\/wp\/v2\/pages\/7710","targetHints":{"allow":["GET"]}}],"collection":[{"href":"https:\/\/www.casadesus.net\/es\/wp-json\/wp\/v2\/pages"}],"about":[{"href":"https:\/\/www.casadesus.net\/es\/wp-json\/wp\/v2\/types\/page"}],"author":[{"embeddable":true,"href":"https:\/\/www.casadesus.net\/es\/wp-json\/wp\/v2\/users\/1"}],"replies":[{"embeddable":true,"href":"https:\/\/www.casadesus.net\/es\/wp-json\/wp\/v2\/comments?post=7710"}],"version-history":[{"count":3,"href":"https:\/\/www.casadesus.net\/es\/wp-json\/wp\/v2\/pages\/7710\/revisions"}],"predecessor-version":[{"id":7915,"href":"https:\/\/www.casadesus.net\/es\/wp-json\/wp\/v2\/pages\/7710\/revisions\/7915"}],"wp:attachment":[{"href":"https:\/\/www.casadesus.net\/es\/wp-json\/wp\/v2\/media?parent=7710"}],"curies":[{"name":"wp","href":"https:\/\/api.w.org\/{rel}","templated":true}]}}