{"id":7719,"date":"2023-04-29T18:15:11","date_gmt":"2023-04-29T16:15:11","guid":{"rendered":"https:\/\/www.casadesus.net\/shop\/sin%20categor\u00eda\/alchemy-blok\/"},"modified":"2026-01-28T17:49:39","modified_gmt":"2026-01-28T16:49:39","slug":"alchemy-blok","status":"publish","type":"product","link":"https:\/\/www.casadesus.net\/es\/shop\/sofas\/alchemy-blok\/","title":{"rendered":"Alchemy Blok"},"content":{"rendered":"<p>Alchemy es un sistema de asientos cuya fuerza radica en la rectitud de sus formas.La presencia de un vivo que contornea toda la parte frontal de su brazo y las hendiduras que se presentan en sus brazos y respaldos dulcifican gratamente su potente presencia. Sus dimensiones le confieren una gran elegancia, convirti\u00e9ndolo en la pieza imponente en el lugar donde se ubica. La colecci\u00f3n se presenta en dos sistemas distintos de asientos, individuales o continuos (versi\u00f3n Blok). Los distintos tipos de asiento, son incluso combinables entre s\u00ed permitiendo crear distribuciones realmente novedosas. La versi\u00f3n de coj\u00edn suelto de asiento, desprende un nivel adicional de confort y comodidad acompa\u00f1ada por unos respaldos suaves y envolventes, de perfecta manufactura en todos sus detalles      <\/p>\n","protected":false},"excerpt":{"rendered":"<p>Alchemy es un sistema de asientos cuya fuerza radica en la rectitud de sus formas.La presencia de un vivo que contornea toda la parte frontal de su brazo y las hendiduras que se presentan en sus brazos y respaldos dulcifican gratamente su potente presencia. Sus dimensiones le confieren una gran elegancia, convirti\u00e9ndolo en la pieza [&hellip;]<\/p>\n","protected":false},"featured_media":5632,"template":"","meta":{"_acf_changed":false},"product_brand":[],"product_cat":[252],"product_tag":[],"class_list":{"0":"post-7719","1":"product","2":"type-product","3":"status-publish","4":"has-post-thumbnail","6":"product_cat-sofas","8":"first","9":"instock","10":"shipping-taxable","11":"product-type-simple"},"acf":[],"yoast_head":"<!-- This site is optimized with the Yoast SEO plugin v26.9 - https:\/\/yoast.com\/product\/yoast-seo-wordpress\/ -->\n<title>Alchemy Blok - CasaDes\u00fas - Furniture Design Barcelona<\/title>\n<meta name=\"robots\" content=\"index, follow, max-snippet:-1, max-image-preview:large, max-video-preview:-1\" \/>\n<link rel=\"canonical\" href=\"https:\/\/www.casadesus.net\/es\/shop\/sofas\/alchemy-blok\/\" \/>\n<meta property=\"og:locale\" content=\"es_ES\" \/>\n<meta property=\"og:type\" content=\"article\" \/>\n<meta property=\"og:title\" content=\"Alchemy Blok - CasaDes\u00fas - Furniture Design Barcelona\" \/>\n<meta property=\"og:description\" content=\"Alchemy es un sistema de asientos cuya fuerza radica en la rectitud de sus formas.La presencia de un vivo que contornea toda la parte frontal de su brazo y las hendiduras que se presentan en sus brazos y respaldos dulcifican gratamente su potente presencia. Sus dimensiones le confieren una gran elegancia, convirti\u00e9ndolo en la pieza [&hellip;]\" \/>\n<meta property=\"og:url\" content=\"https:\/\/www.casadesus.net\/es\/shop\/sofas\/alchemy-blok\/\" \/>\n<meta property=\"og:site_name\" content=\"CasaDes\u00fas - Furniture Design Barcelona\" \/>\n<meta property=\"article:modified_time\" content=\"2026-01-28T16:49:39+00:00\" \/>\n<meta property=\"og:image\" content=\"https:\/\/www.casadesus.net\/wp-content\/uploads\/2025\/04\/ALCHEMY-BLOK-N2.jpg\" \/>\n\t<meta property=\"og:image:width\" content=\"1500\" \/>\n\t<meta property=\"og:image:height\" content=\"500\" \/>\n\t<meta property=\"og:image:type\" content=\"image\/jpeg\" \/>\n<meta name=\"twitter:card\" content=\"summary_large_image\" \/>\n<script type=\"application\/ld+json\" class=\"yoast-schema-graph\">{\"@context\":\"https:\/\/schema.org\",\"@graph\":[{\"@type\":\"WebPage\",\"@id\":\"https:\/\/www.casadesus.net\/es\/shop\/sofas\/alchemy-blok\/\",\"url\":\"https:\/\/www.casadesus.net\/es\/shop\/sofas\/alchemy-blok\/\",\"name\":\"Alchemy Blok - CasaDes\u00fas - Furniture Design Barcelona\",\"isPartOf\":{\"@id\":\"https:\/\/www.casadesus.net\/es\/#website\"},\"primaryImageOfPage\":{\"@id\":\"https:\/\/www.casadesus.net\/es\/shop\/sofas\/alchemy-blok\/#primaryimage\"},\"image\":{\"@id\":\"https:\/\/www.casadesus.net\/es\/shop\/sofas\/alchemy-blok\/#primaryimage\"},\"thumbnailUrl\":\"https:\/\/www.casadesus.net\/wp-content\/uploads\/2025\/04\/ALCHEMY-BLOK-N2.jpg\",\"datePublished\":\"2023-04-29T16:15:11+00:00\",\"dateModified\":\"2026-01-28T16:49:39+00:00\",\"breadcrumb\":{\"@id\":\"https:\/\/www.casadesus.net\/es\/shop\/sofas\/alchemy-blok\/#breadcrumb\"},\"inLanguage\":\"es\",\"potentialAction\":[{\"@type\":\"ReadAction\",\"target\":[\"https:\/\/www.casadesus.net\/es\/shop\/sofas\/alchemy-blok\/\"]}]},{\"@type\":\"ImageObject\",\"inLanguage\":\"es\",\"@id\":\"https:\/\/www.casadesus.net\/es\/shop\/sofas\/alchemy-blok\/#primaryimage\",\"url\":\"https:\/\/www.casadesus.net\/wp-content\/uploads\/2025\/04\/ALCHEMY-BLOK-N2.jpg\",\"contentUrl\":\"https:\/\/www.casadesus.net\/wp-content\/uploads\/2025\/04\/ALCHEMY-BLOK-N2.jpg\",\"width\":1500,\"height\":500},{\"@type\":\"BreadcrumbList\",\"@id\":\"https:\/\/www.casadesus.net\/es\/shop\/sofas\/alchemy-blok\/#breadcrumb\",\"itemListElement\":[{\"@type\":\"ListItem\",\"position\":1,\"name\":\"Home\",\"item\":\"https:\/\/www.casadesus.net\/es\/home\/\"},{\"@type\":\"ListItem\",\"position\":2,\"name\":\"Productos\",\"item\":\"https:\/\/www.casadesus.net\/es\/shop\/\"},{\"@type\":\"ListItem\",\"position\":3,\"name\":\"Alchemy Blok\"}]},{\"@type\":\"WebSite\",\"@id\":\"https:\/\/www.casadesus.net\/es\/#website\",\"url\":\"https:\/\/www.casadesus.net\/es\/\",\"name\":\"CasaDes\u00fas - Furniture Design Barcelona\",\"description\":\"Dise\u00f1o, fabricaci\u00f3n y comercializaci\u00f3n de sof\u00e1s, sillones y m\u00e1s recientemente mobiliario en general\",\"publisher\":{\"@id\":\"https:\/\/www.casadesus.net\/es\/#organization\"},\"potentialAction\":[{\"@type\":\"SearchAction\",\"target\":{\"@type\":\"EntryPoint\",\"urlTemplate\":\"https:\/\/www.casadesus.net\/es\/?s={search_term_string}\"},\"query-input\":{\"@type\":\"PropertyValueSpecification\",\"valueRequired\":true,\"valueName\":\"search_term_string\"}}],\"inLanguage\":\"es\"},{\"@type\":\"Organization\",\"@id\":\"https:\/\/www.casadesus.net\/es\/#organization\",\"name\":\"CasaDes\u00fas - Furniture Design Barcelona\",\"url\":\"https:\/\/www.casadesus.net\/es\/\",\"logo\":{\"@type\":\"ImageObject\",\"inLanguage\":\"es\",\"@id\":\"https:\/\/www.casadesus.net\/es\/#\/schema\/logo\/image\/\",\"url\":\"https:\/\/www.casadesus.net\/wp-content\/uploads\/2024\/11\/logo_casadesus_white.jpg\",\"contentUrl\":\"https:\/\/www.casadesus.net\/wp-content\/uploads\/2024\/11\/logo_casadesus_white.jpg\",\"width\":866,\"height\":99,\"caption\":\"CasaDes\u00fas - Furniture Design Barcelona\"},\"image\":{\"@id\":\"https:\/\/www.casadesus.net\/es\/#\/schema\/logo\/image\/\"}}]}<\/script>\n<!-- \/ Yoast SEO plugin. -->","yoast_head_json":{"title":"Alchemy Blok - CasaDes\u00fas - Furniture Design Barcelona","robots":{"index":"index","follow":"follow","max-snippet":"max-snippet:-1","max-image-preview":"max-image-preview:large","max-video-preview":"max-video-preview:-1"},"canonical":"https:\/\/www.casadesus.net\/es\/shop\/sofas\/alchemy-blok\/","og_locale":"es_ES","og_type":"article","og_title":"Alchemy Blok - CasaDes\u00fas - Furniture Design Barcelona","og_description":"Alchemy es un sistema de asientos cuya fuerza radica en la rectitud de sus formas.La presencia de un vivo que contornea toda la parte frontal de su brazo y las hendiduras que se presentan en sus brazos y respaldos dulcifican gratamente su potente presencia. Sus dimensiones le confieren una gran elegancia, convirti\u00e9ndolo en la pieza [&hellip;]","og_url":"https:\/\/www.casadesus.net\/es\/shop\/sofas\/alchemy-blok\/","og_site_name":"CasaDes\u00fas - Furniture Design Barcelona","article_modified_time":"2026-01-28T16:49:39+00:00","og_image":[{"width":1500,"height":500,"url":"https:\/\/www.casadesus.net\/wp-content\/uploads\/2025\/04\/ALCHEMY-BLOK-N2.jpg","type":"image\/jpeg"}],"twitter_card":"summary_large_image","schema":{"@context":"https:\/\/schema.org","@graph":[{"@type":"WebPage","@id":"https:\/\/www.casadesus.net\/es\/shop\/sofas\/alchemy-blok\/","url":"https:\/\/www.casadesus.net\/es\/shop\/sofas\/alchemy-blok\/","name":"Alchemy Blok - CasaDes\u00fas - Furniture Design Barcelona","isPartOf":{"@id":"https:\/\/www.casadesus.net\/es\/#website"},"primaryImageOfPage":{"@id":"https:\/\/www.casadesus.net\/es\/shop\/sofas\/alchemy-blok\/#primaryimage"},"image":{"@id":"https:\/\/www.casadesus.net\/es\/shop\/sofas\/alchemy-blok\/#primaryimage"},"thumbnailUrl":"https:\/\/www.casadesus.net\/wp-content\/uploads\/2025\/04\/ALCHEMY-BLOK-N2.jpg","datePublished":"2023-04-29T16:15:11+00:00","dateModified":"2026-01-28T16:49:39+00:00","breadcrumb":{"@id":"https:\/\/www.casadesus.net\/es\/shop\/sofas\/alchemy-blok\/#breadcrumb"},"inLanguage":"es","potentialAction":[{"@type":"ReadAction","target":["https:\/\/www.casadesus.net\/es\/shop\/sofas\/alchemy-blok\/"]}]},{"@type":"ImageObject","inLanguage":"es","@id":"https:\/\/www.casadesus.net\/es\/shop\/sofas\/alchemy-blok\/#primaryimage","url":"https:\/\/www.casadesus.net\/wp-content\/uploads\/2025\/04\/ALCHEMY-BLOK-N2.jpg","contentUrl":"https:\/\/www.casadesus.net\/wp-content\/uploads\/2025\/04\/ALCHEMY-BLOK-N2.jpg","width":1500,"height":500},{"@type":"BreadcrumbList","@id":"https:\/\/www.casadesus.net\/es\/shop\/sofas\/alchemy-blok\/#breadcrumb","itemListElement":[{"@type":"ListItem","position":1,"name":"Home","item":"https:\/\/www.casadesus.net\/es\/home\/"},{"@type":"ListItem","position":2,"name":"Productos","item":"https:\/\/www.casadesus.net\/es\/shop\/"},{"@type":"ListItem","position":3,"name":"Alchemy Blok"}]},{"@type":"WebSite","@id":"https:\/\/www.casadesus.net\/es\/#website","url":"https:\/\/www.casadesus.net\/es\/","name":"CasaDes\u00fas - Furniture Design Barcelona","description":"Dise\u00f1o, fabricaci\u00f3n y comercializaci\u00f3n de sof\u00e1s, sillones y m\u00e1s recientemente mobiliario en general","publisher":{"@id":"https:\/\/www.casadesus.net\/es\/#organization"},"potentialAction":[{"@type":"SearchAction","target":{"@type":"EntryPoint","urlTemplate":"https:\/\/www.casadesus.net\/es\/?s={search_term_string}"},"query-input":{"@type":"PropertyValueSpecification","valueRequired":true,"valueName":"search_term_string"}}],"inLanguage":"es"},{"@type":"Organization","@id":"https:\/\/www.casadesus.net\/es\/#organization","name":"CasaDes\u00fas - Furniture Design Barcelona","url":"https:\/\/www.casadesus.net\/es\/","logo":{"@type":"ImageObject","inLanguage":"es","@id":"https:\/\/www.casadesus.net\/es\/#\/schema\/logo\/image\/","url":"https:\/\/www.casadesus.net\/wp-content\/uploads\/2024\/11\/logo_casadesus_white.jpg","contentUrl":"https:\/\/www.casadesus.net\/wp-content\/uploads\/2024\/11\/logo_casadesus_white.jpg","width":866,"height":99,"caption":"CasaDes\u00fas - Furniture Design Barcelona"},"image":{"@id":"https:\/\/www.casadesus.net\/es\/#\/schema\/logo\/image\/"}}]}},"_links":{"self":[{"href":"https:\/\/www.casadesus.net\/es\/wp-json\/wp\/v2\/product\/7719","targetHints":{"allow":["GET"]}}],"collection":[{"href":"https:\/\/www.casadesus.net\/es\/wp-json\/wp\/v2\/product"}],"about":[{"href":"https:\/\/www.casadesus.net\/es\/wp-json\/wp\/v2\/types\/product"}],"wp:featuredmedia":[{"embeddable":true,"href":"https:\/\/www.casadesus.net\/es\/wp-json\/wp\/v2\/media\/5632"}],"wp:attachment":[{"href":"https:\/\/www.casadesus.net\/es\/wp-json\/wp\/v2\/media?parent=7719"}],"wp:term":[{"taxonomy":"product_brand","embeddable":true,"href":"https:\/\/www.casadesus.net\/es\/wp-json\/wp\/v2\/product_brand?post=7719"},{"taxonomy":"product_cat","embeddable":true,"href":"https:\/\/www.casadesus.net\/es\/wp-json\/wp\/v2\/product_cat?post=7719"},{"taxonomy":"product_tag","embeddable":true,"href":"https:\/\/www.casadesus.net\/es\/wp-json\/wp\/v2\/product_tag?post=7719"}],"curies":[{"name":"wp","href":"https:\/\/api.w.org\/{rel}","templated":true}]}}