{"id":7729,"date":"2022-04-30T17:53:17","date_gmt":"2022-04-30T15:53:17","guid":{"rendered":"https:\/\/www.casadesus.net\/shop\/sin%20categor\u00eda\/vermont\/"},"modified":"2026-02-02T17:19:22","modified_gmt":"2026-02-02T16:19:22","slug":"vermont","status":"publish","type":"product","link":"https:\/\/www.casadesus.net\/es\/shop\/sofas\/vermont\/","title":{"rendered":"Vermont"},"content":{"rendered":"<p>La colecci\u00f3n Vermont combina el capiton\u00e9 m\u00e1s tradicional con el dise\u00f1o m\u00e1s contempor\u00e1neo y elegante de<br \/>hoy. La base y estructura del sof\u00e1, de bello brazo rectil\u00edneo, parecen flotar en el aire mediante unas patas met\u00e1licas de robusta firmeza. Toda la colecci\u00f3n se caracteriza por un asiento continuo de tipo capiton\u00e9 contorneado por unos<br \/>vivos que lo limitan. Dicha continuidad de asiento permite un uso aleatorio e informal al sentarse. As\u00ed mismo, los<br \/>confortables cojines tipo cuadrante de los respaldos descansan sobre otros cojines elegantemente elaborados y perfilados por unos vivos que los contornean y que hacen la funci\u00f3n principal de apoyo. La colecci\u00f3n presenta numerosas piezas combinables entre s\u00ed con una identidad propia que les permiten ser ubicadas como elementos singulares e independientes    <\/p>\n","protected":false},"excerpt":{"rendered":"<p>La colecci\u00f3n Vermont combina el capiton\u00e9 m\u00e1s tradicional con el dise\u00f1o m\u00e1s contempor\u00e1neo y elegante dehoy. La base y estructura del sof\u00e1, de bello brazo rectil\u00edneo, parecen flotar en el aire mediante unas patas met\u00e1licas de robusta firmeza. Toda la colecci\u00f3n se caracteriza por un asiento continuo de tipo capiton\u00e9 contorneado por unosvivos que lo [&hellip;]<\/p>\n","protected":false},"featured_media":3854,"template":"","meta":{"_acf_changed":false},"product_brand":[],"product_cat":[252],"product_tag":[],"class_list":{"0":"post-7729","1":"product","2":"type-product","3":"status-publish","4":"has-post-thumbnail","6":"product_cat-sofas","8":"first","9":"instock","10":"shipping-taxable","11":"product-type-simple"},"acf":[],"yoast_head":"<!-- This site is optimized with the Yoast SEO plugin v26.9 - https:\/\/yoast.com\/product\/yoast-seo-wordpress\/ -->\n<title>Vermont - CasaDes\u00fas - Furniture Design Barcelona<\/title>\n<meta name=\"robots\" content=\"index, follow, max-snippet:-1, max-image-preview:large, max-video-preview:-1\" \/>\n<link rel=\"canonical\" href=\"https:\/\/www.casadesus.net\/es\/shop\/sofas\/vermont\/\" \/>\n<meta property=\"og:locale\" content=\"es_ES\" \/>\n<meta property=\"og:type\" content=\"article\" \/>\n<meta property=\"og:title\" content=\"Vermont - CasaDes\u00fas - Furniture Design Barcelona\" \/>\n<meta property=\"og:description\" content=\"La colecci\u00f3n Vermont combina el capiton\u00e9 m\u00e1s tradicional con el dise\u00f1o m\u00e1s contempor\u00e1neo y elegante dehoy. La base y estructura del sof\u00e1, de bello brazo rectil\u00edneo, parecen flotar en el aire mediante unas patas met\u00e1licas de robusta firmeza. Toda la colecci\u00f3n se caracteriza por un asiento continuo de tipo capiton\u00e9 contorneado por unosvivos que lo [&hellip;]\" \/>\n<meta property=\"og:url\" content=\"https:\/\/www.casadesus.net\/es\/shop\/sofas\/vermont\/\" \/>\n<meta property=\"og:site_name\" content=\"CasaDes\u00fas - Furniture Design Barcelona\" \/>\n<meta property=\"article:modified_time\" content=\"2026-02-02T16:19:22+00:00\" \/>\n<meta property=\"og:image\" content=\"https:\/\/www.casadesus.net\/wp-content\/uploads\/2025\/04\/VERMONT-N.jpg\" \/>\n\t<meta property=\"og:image:width\" content=\"1500\" \/>\n\t<meta property=\"og:image:height\" content=\"500\" \/>\n\t<meta property=\"og:image:type\" content=\"image\/jpeg\" \/>\n<meta name=\"twitter:card\" content=\"summary_large_image\" \/>\n<script type=\"application\/ld+json\" class=\"yoast-schema-graph\">{\"@context\":\"https:\/\/schema.org\",\"@graph\":[{\"@type\":\"WebPage\",\"@id\":\"https:\/\/www.casadesus.net\/es\/shop\/sofas\/vermont\/\",\"url\":\"https:\/\/www.casadesus.net\/es\/shop\/sofas\/vermont\/\",\"name\":\"Vermont - CasaDes\u00fas - Furniture Design Barcelona\",\"isPartOf\":{\"@id\":\"https:\/\/www.casadesus.net\/es\/#website\"},\"primaryImageOfPage\":{\"@id\":\"https:\/\/www.casadesus.net\/es\/shop\/sofas\/vermont\/#primaryimage\"},\"image\":{\"@id\":\"https:\/\/www.casadesus.net\/es\/shop\/sofas\/vermont\/#primaryimage\"},\"thumbnailUrl\":\"https:\/\/www.casadesus.net\/wp-content\/uploads\/2025\/04\/VERMONT-N.jpg\",\"datePublished\":\"2022-04-30T15:53:17+00:00\",\"dateModified\":\"2026-02-02T16:19:22+00:00\",\"breadcrumb\":{\"@id\":\"https:\/\/www.casadesus.net\/es\/shop\/sofas\/vermont\/#breadcrumb\"},\"inLanguage\":\"es\",\"potentialAction\":[{\"@type\":\"ReadAction\",\"target\":[\"https:\/\/www.casadesus.net\/es\/shop\/sofas\/vermont\/\"]}]},{\"@type\":\"ImageObject\",\"inLanguage\":\"es\",\"@id\":\"https:\/\/www.casadesus.net\/es\/shop\/sofas\/vermont\/#primaryimage\",\"url\":\"https:\/\/www.casadesus.net\/wp-content\/uploads\/2025\/04\/VERMONT-N.jpg\",\"contentUrl\":\"https:\/\/www.casadesus.net\/wp-content\/uploads\/2025\/04\/VERMONT-N.jpg\",\"width\":1500,\"height\":500},{\"@type\":\"BreadcrumbList\",\"@id\":\"https:\/\/www.casadesus.net\/es\/shop\/sofas\/vermont\/#breadcrumb\",\"itemListElement\":[{\"@type\":\"ListItem\",\"position\":1,\"name\":\"Home\",\"item\":\"https:\/\/www.casadesus.net\/es\/home\/\"},{\"@type\":\"ListItem\",\"position\":2,\"name\":\"Productos\",\"item\":\"https:\/\/www.casadesus.net\/es\/shop\/\"},{\"@type\":\"ListItem\",\"position\":3,\"name\":\"Vermont\"}]},{\"@type\":\"WebSite\",\"@id\":\"https:\/\/www.casadesus.net\/es\/#website\",\"url\":\"https:\/\/www.casadesus.net\/es\/\",\"name\":\"CasaDes\u00fas - Furniture Design Barcelona\",\"description\":\"Dise\u00f1o, fabricaci\u00f3n y comercializaci\u00f3n de sof\u00e1s, sillones y m\u00e1s recientemente mobiliario en general\",\"publisher\":{\"@id\":\"https:\/\/www.casadesus.net\/es\/#organization\"},\"potentialAction\":[{\"@type\":\"SearchAction\",\"target\":{\"@type\":\"EntryPoint\",\"urlTemplate\":\"https:\/\/www.casadesus.net\/es\/?s={search_term_string}\"},\"query-input\":{\"@type\":\"PropertyValueSpecification\",\"valueRequired\":true,\"valueName\":\"search_term_string\"}}],\"inLanguage\":\"es\"},{\"@type\":\"Organization\",\"@id\":\"https:\/\/www.casadesus.net\/es\/#organization\",\"name\":\"CasaDes\u00fas - Furniture Design Barcelona\",\"url\":\"https:\/\/www.casadesus.net\/es\/\",\"logo\":{\"@type\":\"ImageObject\",\"inLanguage\":\"es\",\"@id\":\"https:\/\/www.casadesus.net\/es\/#\/schema\/logo\/image\/\",\"url\":\"https:\/\/www.casadesus.net\/wp-content\/uploads\/2024\/11\/logo_casadesus_white.jpg\",\"contentUrl\":\"https:\/\/www.casadesus.net\/wp-content\/uploads\/2024\/11\/logo_casadesus_white.jpg\",\"width\":866,\"height\":99,\"caption\":\"CasaDes\u00fas - Furniture Design Barcelona\"},\"image\":{\"@id\":\"https:\/\/www.casadesus.net\/es\/#\/schema\/logo\/image\/\"}}]}<\/script>\n<!-- \/ Yoast SEO plugin. -->","yoast_head_json":{"title":"Vermont - CasaDes\u00fas - Furniture Design Barcelona","robots":{"index":"index","follow":"follow","max-snippet":"max-snippet:-1","max-image-preview":"max-image-preview:large","max-video-preview":"max-video-preview:-1"},"canonical":"https:\/\/www.casadesus.net\/es\/shop\/sofas\/vermont\/","og_locale":"es_ES","og_type":"article","og_title":"Vermont - CasaDes\u00fas - Furniture Design Barcelona","og_description":"La colecci\u00f3n Vermont combina el capiton\u00e9 m\u00e1s tradicional con el dise\u00f1o m\u00e1s contempor\u00e1neo y elegante dehoy. La base y estructura del sof\u00e1, de bello brazo rectil\u00edneo, parecen flotar en el aire mediante unas patas met\u00e1licas de robusta firmeza. Toda la colecci\u00f3n se caracteriza por un asiento continuo de tipo capiton\u00e9 contorneado por unosvivos que lo [&hellip;]","og_url":"https:\/\/www.casadesus.net\/es\/shop\/sofas\/vermont\/","og_site_name":"CasaDes\u00fas - Furniture Design Barcelona","article_modified_time":"2026-02-02T16:19:22+00:00","og_image":[{"width":1500,"height":500,"url":"https:\/\/www.casadesus.net\/wp-content\/uploads\/2025\/04\/VERMONT-N.jpg","type":"image\/jpeg"}],"twitter_card":"summary_large_image","schema":{"@context":"https:\/\/schema.org","@graph":[{"@type":"WebPage","@id":"https:\/\/www.casadesus.net\/es\/shop\/sofas\/vermont\/","url":"https:\/\/www.casadesus.net\/es\/shop\/sofas\/vermont\/","name":"Vermont - CasaDes\u00fas - Furniture Design Barcelona","isPartOf":{"@id":"https:\/\/www.casadesus.net\/es\/#website"},"primaryImageOfPage":{"@id":"https:\/\/www.casadesus.net\/es\/shop\/sofas\/vermont\/#primaryimage"},"image":{"@id":"https:\/\/www.casadesus.net\/es\/shop\/sofas\/vermont\/#primaryimage"},"thumbnailUrl":"https:\/\/www.casadesus.net\/wp-content\/uploads\/2025\/04\/VERMONT-N.jpg","datePublished":"2022-04-30T15:53:17+00:00","dateModified":"2026-02-02T16:19:22+00:00","breadcrumb":{"@id":"https:\/\/www.casadesus.net\/es\/shop\/sofas\/vermont\/#breadcrumb"},"inLanguage":"es","potentialAction":[{"@type":"ReadAction","target":["https:\/\/www.casadesus.net\/es\/shop\/sofas\/vermont\/"]}]},{"@type":"ImageObject","inLanguage":"es","@id":"https:\/\/www.casadesus.net\/es\/shop\/sofas\/vermont\/#primaryimage","url":"https:\/\/www.casadesus.net\/wp-content\/uploads\/2025\/04\/VERMONT-N.jpg","contentUrl":"https:\/\/www.casadesus.net\/wp-content\/uploads\/2025\/04\/VERMONT-N.jpg","width":1500,"height":500},{"@type":"BreadcrumbList","@id":"https:\/\/www.casadesus.net\/es\/shop\/sofas\/vermont\/#breadcrumb","itemListElement":[{"@type":"ListItem","position":1,"name":"Home","item":"https:\/\/www.casadesus.net\/es\/home\/"},{"@type":"ListItem","position":2,"name":"Productos","item":"https:\/\/www.casadesus.net\/es\/shop\/"},{"@type":"ListItem","position":3,"name":"Vermont"}]},{"@type":"WebSite","@id":"https:\/\/www.casadesus.net\/es\/#website","url":"https:\/\/www.casadesus.net\/es\/","name":"CasaDes\u00fas - Furniture Design Barcelona","description":"Dise\u00f1o, fabricaci\u00f3n y comercializaci\u00f3n de sof\u00e1s, sillones y m\u00e1s recientemente mobiliario en general","publisher":{"@id":"https:\/\/www.casadesus.net\/es\/#organization"},"potentialAction":[{"@type":"SearchAction","target":{"@type":"EntryPoint","urlTemplate":"https:\/\/www.casadesus.net\/es\/?s={search_term_string}"},"query-input":{"@type":"PropertyValueSpecification","valueRequired":true,"valueName":"search_term_string"}}],"inLanguage":"es"},{"@type":"Organization","@id":"https:\/\/www.casadesus.net\/es\/#organization","name":"CasaDes\u00fas - Furniture Design Barcelona","url":"https:\/\/www.casadesus.net\/es\/","logo":{"@type":"ImageObject","inLanguage":"es","@id":"https:\/\/www.casadesus.net\/es\/#\/schema\/logo\/image\/","url":"https:\/\/www.casadesus.net\/wp-content\/uploads\/2024\/11\/logo_casadesus_white.jpg","contentUrl":"https:\/\/www.casadesus.net\/wp-content\/uploads\/2024\/11\/logo_casadesus_white.jpg","width":866,"height":99,"caption":"CasaDes\u00fas - Furniture Design Barcelona"},"image":{"@id":"https:\/\/www.casadesus.net\/es\/#\/schema\/logo\/image\/"}}]}},"_links":{"self":[{"href":"https:\/\/www.casadesus.net\/es\/wp-json\/wp\/v2\/product\/7729","targetHints":{"allow":["GET"]}}],"collection":[{"href":"https:\/\/www.casadesus.net\/es\/wp-json\/wp\/v2\/product"}],"about":[{"href":"https:\/\/www.casadesus.net\/es\/wp-json\/wp\/v2\/types\/product"}],"wp:featuredmedia":[{"embeddable":true,"href":"https:\/\/www.casadesus.net\/es\/wp-json\/wp\/v2\/media\/3854"}],"wp:attachment":[{"href":"https:\/\/www.casadesus.net\/es\/wp-json\/wp\/v2\/media?parent=7729"}],"wp:term":[{"taxonomy":"product_brand","embeddable":true,"href":"https:\/\/www.casadesus.net\/es\/wp-json\/wp\/v2\/product_brand?post=7729"},{"taxonomy":"product_cat","embeddable":true,"href":"https:\/\/www.casadesus.net\/es\/wp-json\/wp\/v2\/product_cat?post=7729"},{"taxonomy":"product_tag","embeddable":true,"href":"https:\/\/www.casadesus.net\/es\/wp-json\/wp\/v2\/product_tag?post=7729"}],"curies":[{"name":"wp","href":"https:\/\/api.w.org\/{rel}","templated":true}]}}