{"id":7805,"date":"2016-05-12T16:16:01","date_gmt":"2016-05-12T14:16:01","guid":{"rendered":"https:\/\/www.casadesus.net\/shop\/sin categor\u00eda\/chloe\/"},"modified":"2016-05-12T16:16:01","modified_gmt":"2016-05-12T14:16:01","slug":"chloe","status":"publish","type":"product","link":"https:\/\/www.casadesus.net\/es\/shop\/butacas\/chloe\/","title":{"rendered":"Chloe"},"content":{"rendered":"<p>Clhoe se inspira en aquellos dise\u00f1os del pasado siempre presentes en nuestra memoria por su siempre entendible elegancia formal. Prescindiendo de todo lo superfluo, de todo aquello innecesario, sus formas curvil\u00edneas la hacen dulce y amigable con lo que siempre es f\u00e1cil encontrarle su sitio m\u00e1s adecuado tanto en el mundo residencial como en el del contract. El detalle curvo de sus patas met\u00e1licas le confiere un acabado actual y moderno as\u00ed como dulcifica la uni\u00f3n entre tapizado y las patas. La colecci\u00f3n consta de una butaca para gran confort con coj\u00edn de respaldo y asiento, as\u00ed como de una versi\u00f3n de tama\u00f1o m\u00e1s reducido que prescinde del coj\u00edn de respaldo. Dicha \u00faltima versi\u00f3n, permite tapizar el respaldo en liso o en un acolchado en forma de rombos. Adem\u00e1s para todas las versiones existe la posibilidad de tapizar toda la parte exterior de las butacas en piel.  <\/p>\n<div class=\"yj6qo ajU\"><\/div>\n<div class=\"yj6qo ajU\">\n<div id=\":we\" class=\"ajR\" tabindex=\"0\" role=\"button\" aria-label=\"Mostra el contingut redu\u00eft\" data-tooltip=\"Mostra el contingut redu\u00eft\"><img decoding=\"async\" class=\"ajT\" src=\"https:\/\/ssl.gstatic.com\/ui\/v1\/icons\/mail\/images\/cleardot.gif\"><\/div>\n<\/div>\n","protected":false},"excerpt":{"rendered":"<p>Clhoe se inspira en aquellos dise\u00f1os del pasado siempre presentes en nuestra memoria por su siempre entendible elegancia formal. Prescindiendo de todo lo superfluo, de todo aquello innecesario, sus formas curvil\u00edneas la hacen dulce y amigable con lo que siempre es f\u00e1cil encontrarle su sitio m\u00e1s adecuado tanto en el mundo residencial como en el [&hellip;]<\/p>\n","protected":false},"featured_media":5012,"template":"","meta":{"_acf_changed":false},"product_brand":[],"product_cat":[198],"product_tag":[],"class_list":{"0":"post-7805","1":"product","2":"type-product","3":"status-publish","4":"has-post-thumbnail","6":"product_cat-butacas","8":"first","9":"instock","10":"shipping-taxable","11":"product-type-simple"},"acf":[],"yoast_head":"<!-- This site is optimized with the Yoast SEO plugin v26.9 - https:\/\/yoast.com\/product\/yoast-seo-wordpress\/ -->\n<title>Chloe - CasaDes\u00fas - Furniture Design Barcelona<\/title>\n<meta name=\"robots\" content=\"index, follow, max-snippet:-1, max-image-preview:large, max-video-preview:-1\" \/>\n<link rel=\"canonical\" href=\"https:\/\/www.casadesus.net\/es\/shop\/butacas\/chloe\/\" \/>\n<meta property=\"og:locale\" content=\"es_ES\" \/>\n<meta property=\"og:type\" content=\"article\" \/>\n<meta property=\"og:title\" content=\"Chloe - CasaDes\u00fas - Furniture Design Barcelona\" \/>\n<meta property=\"og:description\" content=\"Clhoe se inspira en aquellos dise\u00f1os del pasado siempre presentes en nuestra memoria por su siempre entendible elegancia formal. Prescindiendo de todo lo superfluo, de todo aquello innecesario, sus formas curvil\u00edneas la hacen dulce y amigable con lo que siempre es f\u00e1cil encontrarle su sitio m\u00e1s adecuado tanto en el mundo residencial como en el [&hellip;]\" \/>\n<meta property=\"og:url\" content=\"https:\/\/www.casadesus.net\/es\/shop\/butacas\/chloe\/\" \/>\n<meta property=\"og:site_name\" content=\"CasaDes\u00fas - Furniture Design Barcelona\" \/>\n<meta property=\"og:image\" content=\"https:\/\/www.casadesus.net\/wp-content\/uploads\/2025\/05\/CHLOE-N.jpg\" \/>\n\t<meta property=\"og:image:width\" content=\"1500\" \/>\n\t<meta property=\"og:image:height\" content=\"500\" \/>\n\t<meta property=\"og:image:type\" content=\"image\/jpeg\" \/>\n<meta name=\"twitter:card\" content=\"summary_large_image\" \/>\n<script type=\"application\/ld+json\" class=\"yoast-schema-graph\">{\"@context\":\"https:\/\/schema.org\",\"@graph\":[{\"@type\":\"WebPage\",\"@id\":\"https:\/\/www.casadesus.net\/es\/shop\/butacas\/chloe\/\",\"url\":\"https:\/\/www.casadesus.net\/es\/shop\/butacas\/chloe\/\",\"name\":\"Chloe - CasaDes\u00fas - Furniture Design Barcelona\",\"isPartOf\":{\"@id\":\"https:\/\/www.casadesus.net\/es\/#website\"},\"primaryImageOfPage\":{\"@id\":\"https:\/\/www.casadesus.net\/es\/shop\/butacas\/chloe\/#primaryimage\"},\"image\":{\"@id\":\"https:\/\/www.casadesus.net\/es\/shop\/butacas\/chloe\/#primaryimage\"},\"thumbnailUrl\":\"https:\/\/www.casadesus.net\/wp-content\/uploads\/2025\/05\/CHLOE-N.jpg\",\"datePublished\":\"2016-05-12T14:16:01+00:00\",\"breadcrumb\":{\"@id\":\"https:\/\/www.casadesus.net\/es\/shop\/butacas\/chloe\/#breadcrumb\"},\"inLanguage\":\"es\",\"potentialAction\":[{\"@type\":\"ReadAction\",\"target\":[\"https:\/\/www.casadesus.net\/es\/shop\/butacas\/chloe\/\"]}]},{\"@type\":\"ImageObject\",\"inLanguage\":\"es\",\"@id\":\"https:\/\/www.casadesus.net\/es\/shop\/butacas\/chloe\/#primaryimage\",\"url\":\"https:\/\/www.casadesus.net\/wp-content\/uploads\/2025\/05\/CHLOE-N.jpg\",\"contentUrl\":\"https:\/\/www.casadesus.net\/wp-content\/uploads\/2025\/05\/CHLOE-N.jpg\",\"width\":1500,\"height\":500},{\"@type\":\"BreadcrumbList\",\"@id\":\"https:\/\/www.casadesus.net\/es\/shop\/butacas\/chloe\/#breadcrumb\",\"itemListElement\":[{\"@type\":\"ListItem\",\"position\":1,\"name\":\"Home\",\"item\":\"https:\/\/www.casadesus.net\/es\/home\/\"},{\"@type\":\"ListItem\",\"position\":2,\"name\":\"Productos\",\"item\":\"https:\/\/www.casadesus.net\/es\/shop\/\"},{\"@type\":\"ListItem\",\"position\":3,\"name\":\"Chloe\"}]},{\"@type\":\"WebSite\",\"@id\":\"https:\/\/www.casadesus.net\/es\/#website\",\"url\":\"https:\/\/www.casadesus.net\/es\/\",\"name\":\"CasaDes\u00fas - Furniture Design Barcelona\",\"description\":\"Dise\u00f1o, fabricaci\u00f3n y comercializaci\u00f3n de sof\u00e1s, sillones y m\u00e1s recientemente mobiliario en general\",\"publisher\":{\"@id\":\"https:\/\/www.casadesus.net\/es\/#organization\"},\"potentialAction\":[{\"@type\":\"SearchAction\",\"target\":{\"@type\":\"EntryPoint\",\"urlTemplate\":\"https:\/\/www.casadesus.net\/es\/?s={search_term_string}\"},\"query-input\":{\"@type\":\"PropertyValueSpecification\",\"valueRequired\":true,\"valueName\":\"search_term_string\"}}],\"inLanguage\":\"es\"},{\"@type\":\"Organization\",\"@id\":\"https:\/\/www.casadesus.net\/es\/#organization\",\"name\":\"CasaDes\u00fas - Furniture Design Barcelona\",\"url\":\"https:\/\/www.casadesus.net\/es\/\",\"logo\":{\"@type\":\"ImageObject\",\"inLanguage\":\"es\",\"@id\":\"https:\/\/www.casadesus.net\/es\/#\/schema\/logo\/image\/\",\"url\":\"https:\/\/www.casadesus.net\/wp-content\/uploads\/2024\/11\/logo_casadesus_white.jpg\",\"contentUrl\":\"https:\/\/www.casadesus.net\/wp-content\/uploads\/2024\/11\/logo_casadesus_white.jpg\",\"width\":866,\"height\":99,\"caption\":\"CasaDes\u00fas - Furniture Design Barcelona\"},\"image\":{\"@id\":\"https:\/\/www.casadesus.net\/es\/#\/schema\/logo\/image\/\"}}]}<\/script>\n<!-- \/ Yoast SEO plugin. -->","yoast_head_json":{"title":"Chloe - CasaDes\u00fas - Furniture Design Barcelona","robots":{"index":"index","follow":"follow","max-snippet":"max-snippet:-1","max-image-preview":"max-image-preview:large","max-video-preview":"max-video-preview:-1"},"canonical":"https:\/\/www.casadesus.net\/es\/shop\/butacas\/chloe\/","og_locale":"es_ES","og_type":"article","og_title":"Chloe - CasaDes\u00fas - Furniture Design Barcelona","og_description":"Clhoe se inspira en aquellos dise\u00f1os del pasado siempre presentes en nuestra memoria por su siempre entendible elegancia formal. Prescindiendo de todo lo superfluo, de todo aquello innecesario, sus formas curvil\u00edneas la hacen dulce y amigable con lo que siempre es f\u00e1cil encontrarle su sitio m\u00e1s adecuado tanto en el mundo residencial como en el [&hellip;]","og_url":"https:\/\/www.casadesus.net\/es\/shop\/butacas\/chloe\/","og_site_name":"CasaDes\u00fas - Furniture Design Barcelona","og_image":[{"width":1500,"height":500,"url":"https:\/\/www.casadesus.net\/wp-content\/uploads\/2025\/05\/CHLOE-N.jpg","type":"image\/jpeg"}],"twitter_card":"summary_large_image","schema":{"@context":"https:\/\/schema.org","@graph":[{"@type":"WebPage","@id":"https:\/\/www.casadesus.net\/es\/shop\/butacas\/chloe\/","url":"https:\/\/www.casadesus.net\/es\/shop\/butacas\/chloe\/","name":"Chloe - CasaDes\u00fas - Furniture Design Barcelona","isPartOf":{"@id":"https:\/\/www.casadesus.net\/es\/#website"},"primaryImageOfPage":{"@id":"https:\/\/www.casadesus.net\/es\/shop\/butacas\/chloe\/#primaryimage"},"image":{"@id":"https:\/\/www.casadesus.net\/es\/shop\/butacas\/chloe\/#primaryimage"},"thumbnailUrl":"https:\/\/www.casadesus.net\/wp-content\/uploads\/2025\/05\/CHLOE-N.jpg","datePublished":"2016-05-12T14:16:01+00:00","breadcrumb":{"@id":"https:\/\/www.casadesus.net\/es\/shop\/butacas\/chloe\/#breadcrumb"},"inLanguage":"es","potentialAction":[{"@type":"ReadAction","target":["https:\/\/www.casadesus.net\/es\/shop\/butacas\/chloe\/"]}]},{"@type":"ImageObject","inLanguage":"es","@id":"https:\/\/www.casadesus.net\/es\/shop\/butacas\/chloe\/#primaryimage","url":"https:\/\/www.casadesus.net\/wp-content\/uploads\/2025\/05\/CHLOE-N.jpg","contentUrl":"https:\/\/www.casadesus.net\/wp-content\/uploads\/2025\/05\/CHLOE-N.jpg","width":1500,"height":500},{"@type":"BreadcrumbList","@id":"https:\/\/www.casadesus.net\/es\/shop\/butacas\/chloe\/#breadcrumb","itemListElement":[{"@type":"ListItem","position":1,"name":"Home","item":"https:\/\/www.casadesus.net\/es\/home\/"},{"@type":"ListItem","position":2,"name":"Productos","item":"https:\/\/www.casadesus.net\/es\/shop\/"},{"@type":"ListItem","position":3,"name":"Chloe"}]},{"@type":"WebSite","@id":"https:\/\/www.casadesus.net\/es\/#website","url":"https:\/\/www.casadesus.net\/es\/","name":"CasaDes\u00fas - Furniture Design Barcelona","description":"Dise\u00f1o, fabricaci\u00f3n y comercializaci\u00f3n de sof\u00e1s, sillones y m\u00e1s recientemente mobiliario en general","publisher":{"@id":"https:\/\/www.casadesus.net\/es\/#organization"},"potentialAction":[{"@type":"SearchAction","target":{"@type":"EntryPoint","urlTemplate":"https:\/\/www.casadesus.net\/es\/?s={search_term_string}"},"query-input":{"@type":"PropertyValueSpecification","valueRequired":true,"valueName":"search_term_string"}}],"inLanguage":"es"},{"@type":"Organization","@id":"https:\/\/www.casadesus.net\/es\/#organization","name":"CasaDes\u00fas - Furniture Design Barcelona","url":"https:\/\/www.casadesus.net\/es\/","logo":{"@type":"ImageObject","inLanguage":"es","@id":"https:\/\/www.casadesus.net\/es\/#\/schema\/logo\/image\/","url":"https:\/\/www.casadesus.net\/wp-content\/uploads\/2024\/11\/logo_casadesus_white.jpg","contentUrl":"https:\/\/www.casadesus.net\/wp-content\/uploads\/2024\/11\/logo_casadesus_white.jpg","width":866,"height":99,"caption":"CasaDes\u00fas - Furniture Design Barcelona"},"image":{"@id":"https:\/\/www.casadesus.net\/es\/#\/schema\/logo\/image\/"}}]}},"_links":{"self":[{"href":"https:\/\/www.casadesus.net\/es\/wp-json\/wp\/v2\/product\/7805","targetHints":{"allow":["GET"]}}],"collection":[{"href":"https:\/\/www.casadesus.net\/es\/wp-json\/wp\/v2\/product"}],"about":[{"href":"https:\/\/www.casadesus.net\/es\/wp-json\/wp\/v2\/types\/product"}],"wp:featuredmedia":[{"embeddable":true,"href":"https:\/\/www.casadesus.net\/es\/wp-json\/wp\/v2\/media\/5012"}],"wp:attachment":[{"href":"https:\/\/www.casadesus.net\/es\/wp-json\/wp\/v2\/media?parent=7805"}],"wp:term":[{"taxonomy":"product_brand","embeddable":true,"href":"https:\/\/www.casadesus.net\/es\/wp-json\/wp\/v2\/product_brand?post=7805"},{"taxonomy":"product_cat","embeddable":true,"href":"https:\/\/www.casadesus.net\/es\/wp-json\/wp\/v2\/product_cat?post=7805"},{"taxonomy":"product_tag","embeddable":true,"href":"https:\/\/www.casadesus.net\/es\/wp-json\/wp\/v2\/product_tag?post=7805"}],"curies":[{"name":"wp","href":"https:\/\/api.w.org\/{rel}","templated":true}]}}