{"id":7820,"date":"2015-05-27T11:32:11","date_gmt":"2015-05-27T09:32:11","guid":{"rendered":"https:\/\/www.casadesus.net\/shop\/sin categor\u00eda\/prince\/"},"modified":"2015-05-27T11:32:11","modified_gmt":"2015-05-27T09:32:11","slug":"prince","status":"publish","type":"product","link":"https:\/\/www.casadesus.net\/es\/shop\/mesitas\/prince\/","title":{"rendered":"Prince"},"content":{"rendered":"<article id=\"post-8647\" class=\"post-8647 post type-post status-publish format-standard has-post-thumbnail hentry category-small-tables tag-jd-en\">\n<div class=\"nm-post-content entry-content clear\">\n<div class=\"nm-row nm-row-full \">\n<div class=\"nm_column col-sm-12\">\n<div class=\"wpb_wrapper\">\n<div class=\"wpb_text_column wpb_content_element \">\n<div class=\"wpb_wrapper\">\n<p>La colecci\u00f3n de mesas Prince se realiza mediante sobres de madera chapada o lacada y acero inoxidable. Su estructura met\u00e1lica est\u00e1 dise\u00f1ada de tal manera que permite que las mesas de distintas medidas y alturas interact\u00faen entre s\u00ed. Todos los sobres de madera de las mesas presentan una suave redondez en sus v\u00e9rtices que los hacen m\u00e1s amigables. Adem\u00e1s, la forma hexagonal permite su total fusi\u00f3n con la colecci\u00f3n de pufs Sixties, basada en la misma geometr\u00eda, para la creaci\u00f3n de grandes zonas centrales flexibles.   Esta fusi\u00f3n permite agrandar o encoger la zona donde se disponen estos elementos en funci\u00f3n de las necesidades del momento. As\u00ed mismo, siempre pueden utilizarse como elementos auxiliares en cualquier estancia residencial o del contract m\u00e1s actual<\/p>\n<div class=\"yj6qo ajU\"><\/div>\n<\/div>\n<\/div>\n<\/div>\n<\/div>\n<\/div>\n<\/div>\n<\/article>\n","protected":false},"excerpt":{"rendered":"<p>La colecci\u00f3n de mesas Prince se realiza mediante sobres de madera chapada o lacada y acero inoxidable. Su estructura met\u00e1lica est\u00e1 dise\u00f1ada de tal manera que permite que las mesas de distintas medidas y alturas interact\u00faen entre s\u00ed. Todos los sobres de madera de las mesas presentan una suave redondez en sus v\u00e9rtices que los [&hellip;]<\/p>\n","protected":false},"featured_media":6718,"template":"","meta":{"_acf_changed":false},"product_brand":[],"product_cat":[197],"product_tag":[],"class_list":{"0":"post-7820","1":"product","2":"type-product","3":"status-publish","4":"has-post-thumbnail","6":"product_cat-mesitas","8":"first","9":"instock","10":"shipping-taxable","11":"product-type-simple"},"acf":[],"yoast_head":"<!-- This site is optimized with the Yoast SEO plugin v26.9 - https:\/\/yoast.com\/product\/yoast-seo-wordpress\/ -->\n<title>Prince - CasaDes\u00fas - Furniture Design Barcelona<\/title>\n<meta name=\"robots\" content=\"index, follow, max-snippet:-1, max-image-preview:large, max-video-preview:-1\" \/>\n<link rel=\"canonical\" href=\"https:\/\/www.casadesus.net\/es\/shop\/mesitas\/prince\/\" \/>\n<meta property=\"og:locale\" content=\"es_ES\" \/>\n<meta property=\"og:type\" content=\"article\" \/>\n<meta property=\"og:title\" content=\"Prince - CasaDes\u00fas - Furniture Design Barcelona\" \/>\n<meta property=\"og:description\" content=\"La colecci\u00f3n de mesas Prince se realiza mediante sobres de madera chapada o lacada y acero inoxidable. Su estructura met\u00e1lica est\u00e1 dise\u00f1ada de tal manera que permite que las mesas de distintas medidas y alturas interact\u00faen entre s\u00ed. Todos los sobres de madera de las mesas presentan una suave redondez en sus v\u00e9rtices que los [&hellip;]\" \/>\n<meta property=\"og:url\" content=\"https:\/\/www.casadesus.net\/es\/shop\/mesitas\/prince\/\" \/>\n<meta property=\"og:site_name\" content=\"CasaDes\u00fas - Furniture Design Barcelona\" \/>\n<meta property=\"og:image\" content=\"https:\/\/www.casadesus.net\/wp-content\/uploads\/2025\/05\/prince-n2-1.jpg\" \/>\n\t<meta property=\"og:image:width\" content=\"1500\" \/>\n\t<meta property=\"og:image:height\" content=\"500\" \/>\n\t<meta property=\"og:image:type\" content=\"image\/jpeg\" \/>\n<meta name=\"twitter:card\" content=\"summary_large_image\" \/>\n<script type=\"application\/ld+json\" class=\"yoast-schema-graph\">{\"@context\":\"https:\/\/schema.org\",\"@graph\":[{\"@type\":\"WebPage\",\"@id\":\"https:\/\/www.casadesus.net\/es\/shop\/mesitas\/prince\/\",\"url\":\"https:\/\/www.casadesus.net\/es\/shop\/mesitas\/prince\/\",\"name\":\"Prince - CasaDes\u00fas - Furniture Design Barcelona\",\"isPartOf\":{\"@id\":\"https:\/\/www.casadesus.net\/es\/#website\"},\"primaryImageOfPage\":{\"@id\":\"https:\/\/www.casadesus.net\/es\/shop\/mesitas\/prince\/#primaryimage\"},\"image\":{\"@id\":\"https:\/\/www.casadesus.net\/es\/shop\/mesitas\/prince\/#primaryimage\"},\"thumbnailUrl\":\"https:\/\/www.casadesus.net\/wp-content\/uploads\/2025\/05\/prince-n2-1.jpg\",\"datePublished\":\"2015-05-27T09:32:11+00:00\",\"breadcrumb\":{\"@id\":\"https:\/\/www.casadesus.net\/es\/shop\/mesitas\/prince\/#breadcrumb\"},\"inLanguage\":\"es\",\"potentialAction\":[{\"@type\":\"ReadAction\",\"target\":[\"https:\/\/www.casadesus.net\/es\/shop\/mesitas\/prince\/\"]}]},{\"@type\":\"ImageObject\",\"inLanguage\":\"es\",\"@id\":\"https:\/\/www.casadesus.net\/es\/shop\/mesitas\/prince\/#primaryimage\",\"url\":\"https:\/\/www.casadesus.net\/wp-content\/uploads\/2025\/05\/prince-n2-1.jpg\",\"contentUrl\":\"https:\/\/www.casadesus.net\/wp-content\/uploads\/2025\/05\/prince-n2-1.jpg\",\"width\":1500,\"height\":500},{\"@type\":\"BreadcrumbList\",\"@id\":\"https:\/\/www.casadesus.net\/es\/shop\/mesitas\/prince\/#breadcrumb\",\"itemListElement\":[{\"@type\":\"ListItem\",\"position\":1,\"name\":\"Home\",\"item\":\"https:\/\/www.casadesus.net\/es\/home\/\"},{\"@type\":\"ListItem\",\"position\":2,\"name\":\"Productos\",\"item\":\"https:\/\/www.casadesus.net\/es\/shop\/\"},{\"@type\":\"ListItem\",\"position\":3,\"name\":\"Prince\"}]},{\"@type\":\"WebSite\",\"@id\":\"https:\/\/www.casadesus.net\/es\/#website\",\"url\":\"https:\/\/www.casadesus.net\/es\/\",\"name\":\"CasaDes\u00fas - Furniture Design Barcelona\",\"description\":\"Dise\u00f1o, fabricaci\u00f3n y comercializaci\u00f3n de sof\u00e1s, sillones y m\u00e1s recientemente mobiliario en general\",\"publisher\":{\"@id\":\"https:\/\/www.casadesus.net\/es\/#organization\"},\"potentialAction\":[{\"@type\":\"SearchAction\",\"target\":{\"@type\":\"EntryPoint\",\"urlTemplate\":\"https:\/\/www.casadesus.net\/es\/?s={search_term_string}\"},\"query-input\":{\"@type\":\"PropertyValueSpecification\",\"valueRequired\":true,\"valueName\":\"search_term_string\"}}],\"inLanguage\":\"es\"},{\"@type\":\"Organization\",\"@id\":\"https:\/\/www.casadesus.net\/es\/#organization\",\"name\":\"CasaDes\u00fas - Furniture Design Barcelona\",\"url\":\"https:\/\/www.casadesus.net\/es\/\",\"logo\":{\"@type\":\"ImageObject\",\"inLanguage\":\"es\",\"@id\":\"https:\/\/www.casadesus.net\/es\/#\/schema\/logo\/image\/\",\"url\":\"https:\/\/www.casadesus.net\/wp-content\/uploads\/2024\/11\/logo_casadesus_white.jpg\",\"contentUrl\":\"https:\/\/www.casadesus.net\/wp-content\/uploads\/2024\/11\/logo_casadesus_white.jpg\",\"width\":866,\"height\":99,\"caption\":\"CasaDes\u00fas - Furniture Design Barcelona\"},\"image\":{\"@id\":\"https:\/\/www.casadesus.net\/es\/#\/schema\/logo\/image\/\"}}]}<\/script>\n<!-- \/ Yoast SEO plugin. -->","yoast_head_json":{"title":"Prince - CasaDes\u00fas - Furniture Design Barcelona","robots":{"index":"index","follow":"follow","max-snippet":"max-snippet:-1","max-image-preview":"max-image-preview:large","max-video-preview":"max-video-preview:-1"},"canonical":"https:\/\/www.casadesus.net\/es\/shop\/mesitas\/prince\/","og_locale":"es_ES","og_type":"article","og_title":"Prince - CasaDes\u00fas - Furniture Design Barcelona","og_description":"La colecci\u00f3n de mesas Prince se realiza mediante sobres de madera chapada o lacada y acero inoxidable. Su estructura met\u00e1lica est\u00e1 dise\u00f1ada de tal manera que permite que las mesas de distintas medidas y alturas interact\u00faen entre s\u00ed. Todos los sobres de madera de las mesas presentan una suave redondez en sus v\u00e9rtices que los [&hellip;]","og_url":"https:\/\/www.casadesus.net\/es\/shop\/mesitas\/prince\/","og_site_name":"CasaDes\u00fas - Furniture Design Barcelona","og_image":[{"width":1500,"height":500,"url":"https:\/\/www.casadesus.net\/wp-content\/uploads\/2025\/05\/prince-n2-1.jpg","type":"image\/jpeg"}],"twitter_card":"summary_large_image","schema":{"@context":"https:\/\/schema.org","@graph":[{"@type":"WebPage","@id":"https:\/\/www.casadesus.net\/es\/shop\/mesitas\/prince\/","url":"https:\/\/www.casadesus.net\/es\/shop\/mesitas\/prince\/","name":"Prince - CasaDes\u00fas - Furniture Design Barcelona","isPartOf":{"@id":"https:\/\/www.casadesus.net\/es\/#website"},"primaryImageOfPage":{"@id":"https:\/\/www.casadesus.net\/es\/shop\/mesitas\/prince\/#primaryimage"},"image":{"@id":"https:\/\/www.casadesus.net\/es\/shop\/mesitas\/prince\/#primaryimage"},"thumbnailUrl":"https:\/\/www.casadesus.net\/wp-content\/uploads\/2025\/05\/prince-n2-1.jpg","datePublished":"2015-05-27T09:32:11+00:00","breadcrumb":{"@id":"https:\/\/www.casadesus.net\/es\/shop\/mesitas\/prince\/#breadcrumb"},"inLanguage":"es","potentialAction":[{"@type":"ReadAction","target":["https:\/\/www.casadesus.net\/es\/shop\/mesitas\/prince\/"]}]},{"@type":"ImageObject","inLanguage":"es","@id":"https:\/\/www.casadesus.net\/es\/shop\/mesitas\/prince\/#primaryimage","url":"https:\/\/www.casadesus.net\/wp-content\/uploads\/2025\/05\/prince-n2-1.jpg","contentUrl":"https:\/\/www.casadesus.net\/wp-content\/uploads\/2025\/05\/prince-n2-1.jpg","width":1500,"height":500},{"@type":"BreadcrumbList","@id":"https:\/\/www.casadesus.net\/es\/shop\/mesitas\/prince\/#breadcrumb","itemListElement":[{"@type":"ListItem","position":1,"name":"Home","item":"https:\/\/www.casadesus.net\/es\/home\/"},{"@type":"ListItem","position":2,"name":"Productos","item":"https:\/\/www.casadesus.net\/es\/shop\/"},{"@type":"ListItem","position":3,"name":"Prince"}]},{"@type":"WebSite","@id":"https:\/\/www.casadesus.net\/es\/#website","url":"https:\/\/www.casadesus.net\/es\/","name":"CasaDes\u00fas - Furniture Design Barcelona","description":"Dise\u00f1o, fabricaci\u00f3n y comercializaci\u00f3n de sof\u00e1s, sillones y m\u00e1s recientemente mobiliario en general","publisher":{"@id":"https:\/\/www.casadesus.net\/es\/#organization"},"potentialAction":[{"@type":"SearchAction","target":{"@type":"EntryPoint","urlTemplate":"https:\/\/www.casadesus.net\/es\/?s={search_term_string}"},"query-input":{"@type":"PropertyValueSpecification","valueRequired":true,"valueName":"search_term_string"}}],"inLanguage":"es"},{"@type":"Organization","@id":"https:\/\/www.casadesus.net\/es\/#organization","name":"CasaDes\u00fas - Furniture Design Barcelona","url":"https:\/\/www.casadesus.net\/es\/","logo":{"@type":"ImageObject","inLanguage":"es","@id":"https:\/\/www.casadesus.net\/es\/#\/schema\/logo\/image\/","url":"https:\/\/www.casadesus.net\/wp-content\/uploads\/2024\/11\/logo_casadesus_white.jpg","contentUrl":"https:\/\/www.casadesus.net\/wp-content\/uploads\/2024\/11\/logo_casadesus_white.jpg","width":866,"height":99,"caption":"CasaDes\u00fas - Furniture Design Barcelona"},"image":{"@id":"https:\/\/www.casadesus.net\/es\/#\/schema\/logo\/image\/"}}]}},"_links":{"self":[{"href":"https:\/\/www.casadesus.net\/es\/wp-json\/wp\/v2\/product\/7820","targetHints":{"allow":["GET"]}}],"collection":[{"href":"https:\/\/www.casadesus.net\/es\/wp-json\/wp\/v2\/product"}],"about":[{"href":"https:\/\/www.casadesus.net\/es\/wp-json\/wp\/v2\/types\/product"}],"wp:featuredmedia":[{"embeddable":true,"href":"https:\/\/www.casadesus.net\/es\/wp-json\/wp\/v2\/media\/6718"}],"wp:attachment":[{"href":"https:\/\/www.casadesus.net\/es\/wp-json\/wp\/v2\/media?parent=7820"}],"wp:term":[{"taxonomy":"product_brand","embeddable":true,"href":"https:\/\/www.casadesus.net\/es\/wp-json\/wp\/v2\/product_brand?post=7820"},{"taxonomy":"product_cat","embeddable":true,"href":"https:\/\/www.casadesus.net\/es\/wp-json\/wp\/v2\/product_cat?post=7820"},{"taxonomy":"product_tag","embeddable":true,"href":"https:\/\/www.casadesus.net\/es\/wp-json\/wp\/v2\/product_tag?post=7820"}],"curies":[{"name":"wp","href":"https:\/\/api.w.org\/{rel}","templated":true}]}}