{"id":7833,"date":"2013-05-12T17:33:56","date_gmt":"2013-05-12T15:33:56","guid":{"rendered":"https:\/\/www.casadesus.net\/shop\/sin%20categor\u00eda\/memory\/"},"modified":"2026-02-11T16:32:32","modified_gmt":"2026-02-11T15:32:32","slug":"memory","status":"publish","type":"product","link":"https:\/\/www.casadesus.net\/es\/shop\/butacas\/memory\/","title":{"rendered":"Memory"},"content":{"rendered":"<p>En Memory subyace aquel verdadero y depurado estilo del dise\u00f1o cl\u00e1sico, no es m\u00e1s que una recuperaci\u00f3n actualizada, a d\u00eda de hoy, de aquellos antiguos recuerdos y sus formas. Sus curvas dulces y elegantes unidas a su confort la convierten en una pieza que encaja perfectamente tanto en el hogar como en el mundo del contract actual. El coj\u00edn de asiento, as\u00ed como el coj\u00edn de ri\u00f1\u00f3n encajado en la propia estructura, le confieren esa comodidad que se le requiere as\u00ed como una imperturbable est\u00e9tica. Memory se presenta en dos versiones, fija de patas met\u00e1licas con distintos acabados y giratoria mediante disco. De este modo, la butaca puede adaptarse siempre a las necesidades de cada idea o proyecto que pueda llevarse a cabo.<\/p>\n<div class=\"yj6qo ajU\"><\/div>\n<div class=\"yj6qo ajU\">\n<div id=\":we\" class=\"ajR\" tabindex=\"0\" role=\"button\" aria-label=\"Mostra el contingut redu\u00eft\" data-tooltip=\"Mostra el contingut redu\u00eft\"><img decoding=\"async\" class=\"ajT\" src=\"https:\/\/ssl.gstatic.com\/ui\/v1\/icons\/mail\/images\/cleardot.gif\" \/><\/div>\n<\/div>\n","protected":false},"excerpt":{"rendered":"<p>En Memory subyace aquel verdadero y depurado estilo del dise\u00f1o cl\u00e1sico, no es m\u00e1s que una recuperaci\u00f3n actualizada, a d\u00eda de hoy, de aquellos antiguos recuerdos y sus formas. Sus curvas dulces y elegantes unidas a su confort la convierten en una pieza que encaja perfectamente tanto en el hogar como en el mundo del [&hellip;]<\/p>\n","protected":false},"featured_media":5325,"template":"","meta":{"_acf_changed":false},"product_brand":[],"product_cat":[198],"product_tag":[],"class_list":{"0":"post-7833","1":"product","2":"type-product","3":"status-publish","4":"has-post-thumbnail","6":"product_cat-butacas","8":"first","9":"instock","10":"shipping-taxable","11":"product-type-simple"},"acf":[],"yoast_head":"<!-- This site is optimized with the Yoast SEO plugin v26.9 - https:\/\/yoast.com\/product\/yoast-seo-wordpress\/ -->\n<title>Memory - CasaDes\u00fas - Furniture Design Barcelona<\/title>\n<meta name=\"robots\" content=\"index, follow, max-snippet:-1, max-image-preview:large, max-video-preview:-1\" \/>\n<link rel=\"canonical\" href=\"https:\/\/www.casadesus.net\/es\/shop\/butacas\/memory\/\" \/>\n<meta property=\"og:locale\" content=\"es_ES\" \/>\n<meta property=\"og:type\" content=\"article\" \/>\n<meta property=\"og:title\" content=\"Memory - CasaDes\u00fas - Furniture Design Barcelona\" \/>\n<meta property=\"og:description\" content=\"En Memory subyace aquel verdadero y depurado estilo del dise\u00f1o cl\u00e1sico, no es m\u00e1s que una recuperaci\u00f3n actualizada, a d\u00eda de hoy, de aquellos antiguos recuerdos y sus formas. Sus curvas dulces y elegantes unidas a su confort la convierten en una pieza que encaja perfectamente tanto en el hogar como en el mundo del [&hellip;]\" \/>\n<meta property=\"og:url\" content=\"https:\/\/www.casadesus.net\/es\/shop\/butacas\/memory\/\" \/>\n<meta property=\"og:site_name\" content=\"CasaDes\u00fas - Furniture Design Barcelona\" \/>\n<meta property=\"article:modified_time\" content=\"2026-02-11T15:32:32+00:00\" \/>\n<meta property=\"og:image\" content=\"https:\/\/www.casadesus.net\/wp-content\/uploads\/2025\/05\/MEMORY-N.jpg\" \/>\n\t<meta property=\"og:image:width\" content=\"1500\" \/>\n\t<meta property=\"og:image:height\" content=\"500\" \/>\n\t<meta property=\"og:image:type\" content=\"image\/jpeg\" \/>\n<meta name=\"twitter:card\" content=\"summary_large_image\" \/>\n<script type=\"application\/ld+json\" class=\"yoast-schema-graph\">{\"@context\":\"https:\/\/schema.org\",\"@graph\":[{\"@type\":\"WebPage\",\"@id\":\"https:\/\/www.casadesus.net\/es\/shop\/butacas\/memory\/\",\"url\":\"https:\/\/www.casadesus.net\/es\/shop\/butacas\/memory\/\",\"name\":\"Memory - CasaDes\u00fas - Furniture Design Barcelona\",\"isPartOf\":{\"@id\":\"https:\/\/www.casadesus.net\/es\/#website\"},\"primaryImageOfPage\":{\"@id\":\"https:\/\/www.casadesus.net\/es\/shop\/butacas\/memory\/#primaryimage\"},\"image\":{\"@id\":\"https:\/\/www.casadesus.net\/es\/shop\/butacas\/memory\/#primaryimage\"},\"thumbnailUrl\":\"https:\/\/www.casadesus.net\/wp-content\/uploads\/2025\/05\/MEMORY-N.jpg\",\"datePublished\":\"2013-05-12T15:33:56+00:00\",\"dateModified\":\"2026-02-11T15:32:32+00:00\",\"breadcrumb\":{\"@id\":\"https:\/\/www.casadesus.net\/es\/shop\/butacas\/memory\/#breadcrumb\"},\"inLanguage\":\"es\",\"potentialAction\":[{\"@type\":\"ReadAction\",\"target\":[\"https:\/\/www.casadesus.net\/es\/shop\/butacas\/memory\/\"]}]},{\"@type\":\"ImageObject\",\"inLanguage\":\"es\",\"@id\":\"https:\/\/www.casadesus.net\/es\/shop\/butacas\/memory\/#primaryimage\",\"url\":\"https:\/\/www.casadesus.net\/wp-content\/uploads\/2025\/05\/MEMORY-N.jpg\",\"contentUrl\":\"https:\/\/www.casadesus.net\/wp-content\/uploads\/2025\/05\/MEMORY-N.jpg\",\"width\":1500,\"height\":500},{\"@type\":\"BreadcrumbList\",\"@id\":\"https:\/\/www.casadesus.net\/es\/shop\/butacas\/memory\/#breadcrumb\",\"itemListElement\":[{\"@type\":\"ListItem\",\"position\":1,\"name\":\"Home\",\"item\":\"https:\/\/www.casadesus.net\/es\/home\/\"},{\"@type\":\"ListItem\",\"position\":2,\"name\":\"Productos\",\"item\":\"https:\/\/www.casadesus.net\/es\/shop\/\"},{\"@type\":\"ListItem\",\"position\":3,\"name\":\"Memory\"}]},{\"@type\":\"WebSite\",\"@id\":\"https:\/\/www.casadesus.net\/es\/#website\",\"url\":\"https:\/\/www.casadesus.net\/es\/\",\"name\":\"CasaDes\u00fas - Furniture Design Barcelona\",\"description\":\"Dise\u00f1o, fabricaci\u00f3n y comercializaci\u00f3n de sof\u00e1s, sillones y m\u00e1s recientemente mobiliario en general\",\"publisher\":{\"@id\":\"https:\/\/www.casadesus.net\/es\/#organization\"},\"potentialAction\":[{\"@type\":\"SearchAction\",\"target\":{\"@type\":\"EntryPoint\",\"urlTemplate\":\"https:\/\/www.casadesus.net\/es\/?s={search_term_string}\"},\"query-input\":{\"@type\":\"PropertyValueSpecification\",\"valueRequired\":true,\"valueName\":\"search_term_string\"}}],\"inLanguage\":\"es\"},{\"@type\":\"Organization\",\"@id\":\"https:\/\/www.casadesus.net\/es\/#organization\",\"name\":\"CasaDes\u00fas - Furniture Design Barcelona\",\"url\":\"https:\/\/www.casadesus.net\/es\/\",\"logo\":{\"@type\":\"ImageObject\",\"inLanguage\":\"es\",\"@id\":\"https:\/\/www.casadesus.net\/es\/#\/schema\/logo\/image\/\",\"url\":\"https:\/\/www.casadesus.net\/wp-content\/uploads\/2024\/11\/logo_casadesus_white.jpg\",\"contentUrl\":\"https:\/\/www.casadesus.net\/wp-content\/uploads\/2024\/11\/logo_casadesus_white.jpg\",\"width\":866,\"height\":99,\"caption\":\"CasaDes\u00fas - Furniture Design Barcelona\"},\"image\":{\"@id\":\"https:\/\/www.casadesus.net\/es\/#\/schema\/logo\/image\/\"}}]}<\/script>\n<!-- \/ Yoast SEO plugin. -->","yoast_head_json":{"title":"Memory - CasaDes\u00fas - Furniture Design Barcelona","robots":{"index":"index","follow":"follow","max-snippet":"max-snippet:-1","max-image-preview":"max-image-preview:large","max-video-preview":"max-video-preview:-1"},"canonical":"https:\/\/www.casadesus.net\/es\/shop\/butacas\/memory\/","og_locale":"es_ES","og_type":"article","og_title":"Memory - CasaDes\u00fas - Furniture Design Barcelona","og_description":"En Memory subyace aquel verdadero y depurado estilo del dise\u00f1o cl\u00e1sico, no es m\u00e1s que una recuperaci\u00f3n actualizada, a d\u00eda de hoy, de aquellos antiguos recuerdos y sus formas. Sus curvas dulces y elegantes unidas a su confort la convierten en una pieza que encaja perfectamente tanto en el hogar como en el mundo del [&hellip;]","og_url":"https:\/\/www.casadesus.net\/es\/shop\/butacas\/memory\/","og_site_name":"CasaDes\u00fas - Furniture Design Barcelona","article_modified_time":"2026-02-11T15:32:32+00:00","og_image":[{"width":1500,"height":500,"url":"https:\/\/www.casadesus.net\/wp-content\/uploads\/2025\/05\/MEMORY-N.jpg","type":"image\/jpeg"}],"twitter_card":"summary_large_image","schema":{"@context":"https:\/\/schema.org","@graph":[{"@type":"WebPage","@id":"https:\/\/www.casadesus.net\/es\/shop\/butacas\/memory\/","url":"https:\/\/www.casadesus.net\/es\/shop\/butacas\/memory\/","name":"Memory - CasaDes\u00fas - Furniture Design Barcelona","isPartOf":{"@id":"https:\/\/www.casadesus.net\/es\/#website"},"primaryImageOfPage":{"@id":"https:\/\/www.casadesus.net\/es\/shop\/butacas\/memory\/#primaryimage"},"image":{"@id":"https:\/\/www.casadesus.net\/es\/shop\/butacas\/memory\/#primaryimage"},"thumbnailUrl":"https:\/\/www.casadesus.net\/wp-content\/uploads\/2025\/05\/MEMORY-N.jpg","datePublished":"2013-05-12T15:33:56+00:00","dateModified":"2026-02-11T15:32:32+00:00","breadcrumb":{"@id":"https:\/\/www.casadesus.net\/es\/shop\/butacas\/memory\/#breadcrumb"},"inLanguage":"es","potentialAction":[{"@type":"ReadAction","target":["https:\/\/www.casadesus.net\/es\/shop\/butacas\/memory\/"]}]},{"@type":"ImageObject","inLanguage":"es","@id":"https:\/\/www.casadesus.net\/es\/shop\/butacas\/memory\/#primaryimage","url":"https:\/\/www.casadesus.net\/wp-content\/uploads\/2025\/05\/MEMORY-N.jpg","contentUrl":"https:\/\/www.casadesus.net\/wp-content\/uploads\/2025\/05\/MEMORY-N.jpg","width":1500,"height":500},{"@type":"BreadcrumbList","@id":"https:\/\/www.casadesus.net\/es\/shop\/butacas\/memory\/#breadcrumb","itemListElement":[{"@type":"ListItem","position":1,"name":"Home","item":"https:\/\/www.casadesus.net\/es\/home\/"},{"@type":"ListItem","position":2,"name":"Productos","item":"https:\/\/www.casadesus.net\/es\/shop\/"},{"@type":"ListItem","position":3,"name":"Memory"}]},{"@type":"WebSite","@id":"https:\/\/www.casadesus.net\/es\/#website","url":"https:\/\/www.casadesus.net\/es\/","name":"CasaDes\u00fas - Furniture Design Barcelona","description":"Dise\u00f1o, fabricaci\u00f3n y comercializaci\u00f3n de sof\u00e1s, sillones y m\u00e1s recientemente mobiliario en general","publisher":{"@id":"https:\/\/www.casadesus.net\/es\/#organization"},"potentialAction":[{"@type":"SearchAction","target":{"@type":"EntryPoint","urlTemplate":"https:\/\/www.casadesus.net\/es\/?s={search_term_string}"},"query-input":{"@type":"PropertyValueSpecification","valueRequired":true,"valueName":"search_term_string"}}],"inLanguage":"es"},{"@type":"Organization","@id":"https:\/\/www.casadesus.net\/es\/#organization","name":"CasaDes\u00fas - Furniture Design Barcelona","url":"https:\/\/www.casadesus.net\/es\/","logo":{"@type":"ImageObject","inLanguage":"es","@id":"https:\/\/www.casadesus.net\/es\/#\/schema\/logo\/image\/","url":"https:\/\/www.casadesus.net\/wp-content\/uploads\/2024\/11\/logo_casadesus_white.jpg","contentUrl":"https:\/\/www.casadesus.net\/wp-content\/uploads\/2024\/11\/logo_casadesus_white.jpg","width":866,"height":99,"caption":"CasaDes\u00fas - Furniture Design Barcelona"},"image":{"@id":"https:\/\/www.casadesus.net\/es\/#\/schema\/logo\/image\/"}}]}},"_links":{"self":[{"href":"https:\/\/www.casadesus.net\/es\/wp-json\/wp\/v2\/product\/7833","targetHints":{"allow":["GET"]}}],"collection":[{"href":"https:\/\/www.casadesus.net\/es\/wp-json\/wp\/v2\/product"}],"about":[{"href":"https:\/\/www.casadesus.net\/es\/wp-json\/wp\/v2\/types\/product"}],"wp:featuredmedia":[{"embeddable":true,"href":"https:\/\/www.casadesus.net\/es\/wp-json\/wp\/v2\/media\/5325"}],"wp:attachment":[{"href":"https:\/\/www.casadesus.net\/es\/wp-json\/wp\/v2\/media?parent=7833"}],"wp:term":[{"taxonomy":"product_brand","embeddable":true,"href":"https:\/\/www.casadesus.net\/es\/wp-json\/wp\/v2\/product_brand?post=7833"},{"taxonomy":"product_cat","embeddable":true,"href":"https:\/\/www.casadesus.net\/es\/wp-json\/wp\/v2\/product_cat?post=7833"},{"taxonomy":"product_tag","embeddable":true,"href":"https:\/\/www.casadesus.net\/es\/wp-json\/wp\/v2\/product_tag?post=7833"}],"curies":[{"name":"wp","href":"https:\/\/api.w.org\/{rel}","templated":true}]}}