{"id":7876,"date":"2005-05-12T13:25:54","date_gmt":"2005-05-12T11:25:54","guid":{"rendered":"https:\/\/www.casadesus.net\/shop\/sin%20categor\u00eda\/kross\/"},"modified":"2026-02-12T14:28:08","modified_gmt":"2026-02-12T13:28:08","slug":"kross","status":"publish","type":"product","link":"https:\/\/www.casadesus.net\/es\/shop\/camas\/kross\/","title":{"rendered":"Kross"},"content":{"rendered":"<p>La principal caracter\u00edstica de la colecci\u00f3n de camas Kross es su cu\u00e1druple curvatura en el cabecero, que la convierte en su se\u00f1a de identidad. La estructura tapizada permite dos tipos de regulaci\u00f3n de altura: \u00b7 Las patas telesc\u00f3picas permiten elevar la cama por completo. \u00b7 La altura entre lamas y la estructura se puede ajustar seg\u00fan el tipo de lama. La cama Kross tambi\u00e9n es compatible con lamas articuladas y el\u00e9ctricas.<\/p>\n","protected":false},"excerpt":{"rendered":"<p>La principal caracter\u00edstica de la colecci\u00f3n de camas Kross es su cu\u00e1druple curvatura en el cabecero, que la convierte en su se\u00f1a de identidad. La estructura tapizada permite dos tipos de regulaci\u00f3n de altura: \u00b7 Las patas telesc\u00f3picas permiten elevar la cama por completo. \u00b7 La altura entre lamas y la estructura se puede ajustar [&hellip;]<\/p>\n","protected":false},"featured_media":4687,"template":"","meta":{"_acf_changed":false},"product_brand":[],"product_cat":[251],"product_tag":[],"class_list":{"0":"post-7876","1":"product","2":"type-product","3":"status-publish","4":"has-post-thumbnail","6":"product_cat-camas","8":"first","9":"instock","10":"shipping-taxable","11":"product-type-simple"},"acf":[],"yoast_head":"<!-- This site is optimized with the Yoast SEO plugin v26.9 - https:\/\/yoast.com\/product\/yoast-seo-wordpress\/ -->\n<title>Kross - CasaDes\u00fas - Furniture Design Barcelona<\/title>\n<meta name=\"robots\" content=\"index, follow, max-snippet:-1, max-image-preview:large, max-video-preview:-1\" \/>\n<link rel=\"canonical\" href=\"https:\/\/www.casadesus.net\/es\/shop\/camas\/kross\/\" \/>\n<meta property=\"og:locale\" content=\"es_ES\" \/>\n<meta property=\"og:type\" content=\"article\" \/>\n<meta property=\"og:title\" content=\"Kross - CasaDes\u00fas - Furniture Design Barcelona\" \/>\n<meta property=\"og:description\" content=\"La principal caracter\u00edstica de la colecci\u00f3n de camas Kross es su cu\u00e1druple curvatura en el cabecero, que la convierte en su se\u00f1a de identidad. La estructura tapizada permite dos tipos de regulaci\u00f3n de altura: \u00b7 Las patas telesc\u00f3picas permiten elevar la cama por completo. \u00b7 La altura entre lamas y la estructura se puede ajustar [&hellip;]\" \/>\n<meta property=\"og:url\" content=\"https:\/\/www.casadesus.net\/es\/shop\/camas\/kross\/\" \/>\n<meta property=\"og:site_name\" content=\"CasaDes\u00fas - Furniture Design Barcelona\" \/>\n<meta property=\"article:modified_time\" content=\"2026-02-12T13:28:08+00:00\" \/>\n<meta property=\"og:image\" content=\"https:\/\/www.casadesus.net\/wp-content\/uploads\/2025\/05\/KROSS-N-2.jpg\" \/>\n\t<meta property=\"og:image:width\" content=\"1500\" \/>\n\t<meta property=\"og:image:height\" content=\"500\" \/>\n\t<meta property=\"og:image:type\" content=\"image\/jpeg\" \/>\n<meta name=\"twitter:card\" content=\"summary_large_image\" \/>\n<script type=\"application\/ld+json\" class=\"yoast-schema-graph\">{\"@context\":\"https:\/\/schema.org\",\"@graph\":[{\"@type\":\"WebPage\",\"@id\":\"https:\/\/www.casadesus.net\/es\/shop\/camas\/kross\/\",\"url\":\"https:\/\/www.casadesus.net\/es\/shop\/camas\/kross\/\",\"name\":\"Kross - CasaDes\u00fas - Furniture Design Barcelona\",\"isPartOf\":{\"@id\":\"https:\/\/www.casadesus.net\/es\/#website\"},\"primaryImageOfPage\":{\"@id\":\"https:\/\/www.casadesus.net\/es\/shop\/camas\/kross\/#primaryimage\"},\"image\":{\"@id\":\"https:\/\/www.casadesus.net\/es\/shop\/camas\/kross\/#primaryimage\"},\"thumbnailUrl\":\"https:\/\/www.casadesus.net\/wp-content\/uploads\/2025\/05\/KROSS-N-2.jpg\",\"datePublished\":\"2005-05-12T11:25:54+00:00\",\"dateModified\":\"2026-02-12T13:28:08+00:00\",\"breadcrumb\":{\"@id\":\"https:\/\/www.casadesus.net\/es\/shop\/camas\/kross\/#breadcrumb\"},\"inLanguage\":\"es\",\"potentialAction\":[{\"@type\":\"ReadAction\",\"target\":[\"https:\/\/www.casadesus.net\/es\/shop\/camas\/kross\/\"]}]},{\"@type\":\"ImageObject\",\"inLanguage\":\"es\",\"@id\":\"https:\/\/www.casadesus.net\/es\/shop\/camas\/kross\/#primaryimage\",\"url\":\"https:\/\/www.casadesus.net\/wp-content\/uploads\/2025\/05\/KROSS-N-2.jpg\",\"contentUrl\":\"https:\/\/www.casadesus.net\/wp-content\/uploads\/2025\/05\/KROSS-N-2.jpg\",\"width\":1500,\"height\":500},{\"@type\":\"BreadcrumbList\",\"@id\":\"https:\/\/www.casadesus.net\/es\/shop\/camas\/kross\/#breadcrumb\",\"itemListElement\":[{\"@type\":\"ListItem\",\"position\":1,\"name\":\"Home\",\"item\":\"https:\/\/www.casadesus.net\/es\/home\/\"},{\"@type\":\"ListItem\",\"position\":2,\"name\":\"Productos\",\"item\":\"https:\/\/www.casadesus.net\/es\/shop\/\"},{\"@type\":\"ListItem\",\"position\":3,\"name\":\"Kross\"}]},{\"@type\":\"WebSite\",\"@id\":\"https:\/\/www.casadesus.net\/es\/#website\",\"url\":\"https:\/\/www.casadesus.net\/es\/\",\"name\":\"CasaDes\u00fas - Furniture Design Barcelona\",\"description\":\"Dise\u00f1o, fabricaci\u00f3n y comercializaci\u00f3n de sof\u00e1s, sillones y m\u00e1s recientemente mobiliario en general\",\"publisher\":{\"@id\":\"https:\/\/www.casadesus.net\/es\/#organization\"},\"potentialAction\":[{\"@type\":\"SearchAction\",\"target\":{\"@type\":\"EntryPoint\",\"urlTemplate\":\"https:\/\/www.casadesus.net\/es\/?s={search_term_string}\"},\"query-input\":{\"@type\":\"PropertyValueSpecification\",\"valueRequired\":true,\"valueName\":\"search_term_string\"}}],\"inLanguage\":\"es\"},{\"@type\":\"Organization\",\"@id\":\"https:\/\/www.casadesus.net\/es\/#organization\",\"name\":\"CasaDes\u00fas - Furniture Design Barcelona\",\"url\":\"https:\/\/www.casadesus.net\/es\/\",\"logo\":{\"@type\":\"ImageObject\",\"inLanguage\":\"es\",\"@id\":\"https:\/\/www.casadesus.net\/es\/#\/schema\/logo\/image\/\",\"url\":\"https:\/\/www.casadesus.net\/wp-content\/uploads\/2024\/11\/logo_casadesus_white.jpg\",\"contentUrl\":\"https:\/\/www.casadesus.net\/wp-content\/uploads\/2024\/11\/logo_casadesus_white.jpg\",\"width\":866,\"height\":99,\"caption\":\"CasaDes\u00fas - Furniture Design Barcelona\"},\"image\":{\"@id\":\"https:\/\/www.casadesus.net\/es\/#\/schema\/logo\/image\/\"}}]}<\/script>\n<!-- \/ Yoast SEO plugin. -->","yoast_head_json":{"title":"Kross - CasaDes\u00fas - Furniture Design Barcelona","robots":{"index":"index","follow":"follow","max-snippet":"max-snippet:-1","max-image-preview":"max-image-preview:large","max-video-preview":"max-video-preview:-1"},"canonical":"https:\/\/www.casadesus.net\/es\/shop\/camas\/kross\/","og_locale":"es_ES","og_type":"article","og_title":"Kross - CasaDes\u00fas - Furniture Design Barcelona","og_description":"La principal caracter\u00edstica de la colecci\u00f3n de camas Kross es su cu\u00e1druple curvatura en el cabecero, que la convierte en su se\u00f1a de identidad. La estructura tapizada permite dos tipos de regulaci\u00f3n de altura: \u00b7 Las patas telesc\u00f3picas permiten elevar la cama por completo. \u00b7 La altura entre lamas y la estructura se puede ajustar [&hellip;]","og_url":"https:\/\/www.casadesus.net\/es\/shop\/camas\/kross\/","og_site_name":"CasaDes\u00fas - Furniture Design Barcelona","article_modified_time":"2026-02-12T13:28:08+00:00","og_image":[{"width":1500,"height":500,"url":"https:\/\/www.casadesus.net\/wp-content\/uploads\/2025\/05\/KROSS-N-2.jpg","type":"image\/jpeg"}],"twitter_card":"summary_large_image","schema":{"@context":"https:\/\/schema.org","@graph":[{"@type":"WebPage","@id":"https:\/\/www.casadesus.net\/es\/shop\/camas\/kross\/","url":"https:\/\/www.casadesus.net\/es\/shop\/camas\/kross\/","name":"Kross - CasaDes\u00fas - Furniture Design Barcelona","isPartOf":{"@id":"https:\/\/www.casadesus.net\/es\/#website"},"primaryImageOfPage":{"@id":"https:\/\/www.casadesus.net\/es\/shop\/camas\/kross\/#primaryimage"},"image":{"@id":"https:\/\/www.casadesus.net\/es\/shop\/camas\/kross\/#primaryimage"},"thumbnailUrl":"https:\/\/www.casadesus.net\/wp-content\/uploads\/2025\/05\/KROSS-N-2.jpg","datePublished":"2005-05-12T11:25:54+00:00","dateModified":"2026-02-12T13:28:08+00:00","breadcrumb":{"@id":"https:\/\/www.casadesus.net\/es\/shop\/camas\/kross\/#breadcrumb"},"inLanguage":"es","potentialAction":[{"@type":"ReadAction","target":["https:\/\/www.casadesus.net\/es\/shop\/camas\/kross\/"]}]},{"@type":"ImageObject","inLanguage":"es","@id":"https:\/\/www.casadesus.net\/es\/shop\/camas\/kross\/#primaryimage","url":"https:\/\/www.casadesus.net\/wp-content\/uploads\/2025\/05\/KROSS-N-2.jpg","contentUrl":"https:\/\/www.casadesus.net\/wp-content\/uploads\/2025\/05\/KROSS-N-2.jpg","width":1500,"height":500},{"@type":"BreadcrumbList","@id":"https:\/\/www.casadesus.net\/es\/shop\/camas\/kross\/#breadcrumb","itemListElement":[{"@type":"ListItem","position":1,"name":"Home","item":"https:\/\/www.casadesus.net\/es\/home\/"},{"@type":"ListItem","position":2,"name":"Productos","item":"https:\/\/www.casadesus.net\/es\/shop\/"},{"@type":"ListItem","position":3,"name":"Kross"}]},{"@type":"WebSite","@id":"https:\/\/www.casadesus.net\/es\/#website","url":"https:\/\/www.casadesus.net\/es\/","name":"CasaDes\u00fas - Furniture Design Barcelona","description":"Dise\u00f1o, fabricaci\u00f3n y comercializaci\u00f3n de sof\u00e1s, sillones y m\u00e1s recientemente mobiliario en general","publisher":{"@id":"https:\/\/www.casadesus.net\/es\/#organization"},"potentialAction":[{"@type":"SearchAction","target":{"@type":"EntryPoint","urlTemplate":"https:\/\/www.casadesus.net\/es\/?s={search_term_string}"},"query-input":{"@type":"PropertyValueSpecification","valueRequired":true,"valueName":"search_term_string"}}],"inLanguage":"es"},{"@type":"Organization","@id":"https:\/\/www.casadesus.net\/es\/#organization","name":"CasaDes\u00fas - Furniture Design Barcelona","url":"https:\/\/www.casadesus.net\/es\/","logo":{"@type":"ImageObject","inLanguage":"es","@id":"https:\/\/www.casadesus.net\/es\/#\/schema\/logo\/image\/","url":"https:\/\/www.casadesus.net\/wp-content\/uploads\/2024\/11\/logo_casadesus_white.jpg","contentUrl":"https:\/\/www.casadesus.net\/wp-content\/uploads\/2024\/11\/logo_casadesus_white.jpg","width":866,"height":99,"caption":"CasaDes\u00fas - Furniture Design Barcelona"},"image":{"@id":"https:\/\/www.casadesus.net\/es\/#\/schema\/logo\/image\/"}}]}},"_links":{"self":[{"href":"https:\/\/www.casadesus.net\/es\/wp-json\/wp\/v2\/product\/7876","targetHints":{"allow":["GET"]}}],"collection":[{"href":"https:\/\/www.casadesus.net\/es\/wp-json\/wp\/v2\/product"}],"about":[{"href":"https:\/\/www.casadesus.net\/es\/wp-json\/wp\/v2\/types\/product"}],"wp:featuredmedia":[{"embeddable":true,"href":"https:\/\/www.casadesus.net\/es\/wp-json\/wp\/v2\/media\/4687"}],"wp:attachment":[{"href":"https:\/\/www.casadesus.net\/es\/wp-json\/wp\/v2\/media?parent=7876"}],"wp:term":[{"taxonomy":"product_brand","embeddable":true,"href":"https:\/\/www.casadesus.net\/es\/wp-json\/wp\/v2\/product_brand?post=7876"},{"taxonomy":"product_cat","embeddable":true,"href":"https:\/\/www.casadesus.net\/es\/wp-json\/wp\/v2\/product_cat?post=7876"},{"taxonomy":"product_tag","embeddable":true,"href":"https:\/\/www.casadesus.net\/es\/wp-json\/wp\/v2\/product_tag?post=7876"}],"curies":[{"name":"wp","href":"https:\/\/api.w.org\/{rel}","templated":true}]}}